{"id":15,"date":"2011-09-20T13:08:34","date_gmt":"2011-09-20T08:08:34","guid":{"rendered":"http:\/\/127.0.0.1:8080\/wordpress\/?page_id=15"},"modified":"2026-02-06T01:27:44","modified_gmt":"2026-02-05T21:27:44","slug":"contact","status":"publish","type":"page","link":"http:\/\/www.catholic.az\/ru\/contact","title":{"rendered":"\u041a\u043e\u043d\u0442\u0430\u043a\u0442\u044b"},"content":{"rendered":"<h5><a href=\"http:\/\/www.catholic.az\/ru\/wp-content\/uploads\/2020\/03\/cropped-BAKU-RGB-smaller-e1619603729923.jpg\"><img loading=\"lazy\" decoding=\"async\" class=\"size-medium wp-image-3633 alignleft\" src=\"http:\/\/www.catholic.az\/ru\/wp-content\/uploads\/2020\/03\/cropped-BAKU-RGB-smaller-300x300.jpg\" alt=\"\" width=\"300\" height=\"300\"><\/a>\u0410\u043f\u043e\u0441\u0442\u043e\u043b\u044c\u0441\u043a\u0430\u044f \u041f\u0440\u0435\u0444\u0435\u043a\u0442\u0443\u0440\u0430 \u0410\u0437\u0435\u0440\u0431\u0430\u0439\u0434\u0436\u0430\u043d\u0430<\/h5>\n<p>\u0443\u043b. \u041c\u0430\u043c\u0435\u0434\u0430 \u0410\u0440\u0430\u0437\u0430 \u0434. 69 b\/1 (\u0431\u044b\u0432\u0448\u0430\u044f \u0443\u043b. \u0422\u0435\u0439\u043c\u0443\u0440\u0430 \u0410\u043b\u0438\u0435\u0432\u0430)<br \/>\nAZ1069 \u0411\u0430\u043a\u0443, \u0410\u0437\u0435\u0440\u0431\u0430\u0439\u0434\u0436\u0430\u043d<\/p>\n<p>\u0422\u0435\u043b\u0435\u0444\u043e\u043d: &nbsp; +994 12 562 22 55; +994 50 443 90 25<br \/>\nE-mail: <a href=\"mailto:office@catholic.az\">office@catholic.az<\/a>;&nbsp;&nbsp;<a href=\"mailto:priest@catholic.az\">priest@catholic.az<\/a><\/p>\n<p><strong>\u041a\u041e\u041d\u0422\u0410\u041a\u0422\u042b \u041f\u0420\u0415\u0421\u0421-\u0421\u041b\u0423\u0416\u0411\u042b:<\/strong> catholicazinfo@gmail.com \/ +99451 302 34 51&nbsp;<\/p>\n<p><a href=\"http:\/\/maps.google.com\/maps?t=h&amp;hl=sk&amp;ie=UTF8&amp;ll=40.407753,49.846781&amp;spn=0.001748,0.001709&amp;z=19&amp;vpsrc=0&amp;source=embed\">Googleearth (\u0427\u0430\u0441\u043e\u0432\u043d\u044f &#8211; \u0413\u044f\u043d\u0434\u0436\u043b\u0438\u043a): 40\u00b024&#8217;27.73&#8243;S, 49\u00b050&#8217;48.32&#8243;V <\/a><\/p>\n<p><span style=\"color: #339966;\" data-darkreader-inline-color=\"\"><a style=\"color: #339966;\" title=\"GOMAP.AZ\" href=\"http:\/\/www.gomap.az\/info\/bwp_map\/hpages\/index_az.htm?l=mct&amp;pt=800&amp;sa=%0D&amp;slctpos=5548863,4925317&amp;llz=49.8443,40.4059,17\" data-darkreader-inline-color=\"\"><strong>(GOMAP.AZ)<\/strong><\/a><\/span><a href=\"http:\/\/maps.google.com\/maps?t=h&amp;hl=sk&amp;ie=UTF8&amp;ll=40.407753,49.846781&amp;spn=0.001748,0.001709&amp;z=19&amp;vpsrc=0&amp;source=embed\"><img loading=\"lazy\" decoding=\"async\" class=\"alignnone size-full wp-image-895\" title=\"kontakt-genclik\" src=\"http:\/\/baku.saleziani.sk\/en\/wp-content\/uploads\/2011\/09\/kontakt-genclik.jpg\" alt=\"\" width=\"400\" height=\"300\"><\/a><br \/>\n(\u043c\u0435\u0442\u0440\u043e: \u0413\u044f\u043d\u0434\u0436\u043b\u0438\u043a)<\/p>\n<h6><strong>\u0425\u0440\u0430\u043c \u041d\u0435\u043f\u043e\u0440\u043e\u0447\u043d\u043e\u0433\u043e \u0417\u0430\u0447\u0430\u0442\u0438\u044f \u0414\u0435\u0432\u044b \u041c\u0430\u0440\u0438\u0438 (\u0425\u0430\u0442\u0430\u0438)<\/strong><\/h6>\n<p>\u0443\u043b. \u0418\u0437\u0437\u0435\u0442\u0430 \u041e\u0440\u0443\u0434\u0436\u0435\u0432\u0430 6, AZ1025 \u0411\u0430\u043a\u0443, \u0410\u0437\u0435\u0440\u0431\u0430\u0439\u0434\u0436\u0430\u043d<br \/>\n(\u0440\u044f\u0434\u043e\u043c \u0441 AMAY, ASAN X\u0130DM\u018fT, MEGAFUN, YENI H\u018fYAT)<br \/>\ntel (az,ru,en) +994-51-701-9691 (\u0431\u0440\u0430\u0442 \u0420\u0430\u0434\u043e\u0441\u043b\u0430\u0432 \/ Radoslav qarda\u015f)<br \/>\nE-mail (RU): <a href=\"mailto:prixod@catholic.az\"><span style=\"color: #3366ff;\" data-darkreader-inline-color=\"\">prixod@catholic.az<\/span><\/a><br \/>\n&nbsp; &nbsp; &nbsp; &nbsp; &nbsp; &nbsp; &nbsp;(EN): <a href=\"mailto:parish@catholic.az\">parish@catholic.az<\/a>, <a href=\"mailto:mary@catholic.az\">mary@catholic.az<\/a><br \/>\n&nbsp; &nbsp; &nbsp; &nbsp; &nbsp; &nbsp; &nbsp;(AZ): <a href=\"mailto:info@catholic.az\">info@catholic.az<\/a><\/p>\n<p><a href=\"http:\/\/maps.google.com\/maps?t=h&amp;hl=sk&amp;ie=UTF8&amp;ll=40.37982,49.876894&amp;spn=0.003498,0.004823&amp;z=18&amp;vpsrc=6&amp;source=embed\"> Googleearth (\u0426\u0435\u0440\u043a\u043e\u0432\u044c &#8211; \u0425\u0430\u0442\u0430\u0438): 40\u00b022&#8217;47.33&#8243;S, 49\u00b052&#8217;37.03&#8243;V<\/a><\/p>\n<p><span style=\"color: #339966;\" data-darkreader-inline-color=\"\"><a style=\"color: #339966;\" title=\"GOMAP.AZ\" href=\"http:\/\/www.gomap.az\/info\/bwp_map\/hpages\/index_az.htm?l=mct&amp;pt=800&amp;sa=%0D&amp;slctpos=5552255,4921314&amp;llz=49.8759,40.3795,18\" data-darkreader-inline-color=\"\"><strong> (GOMAP.AZ)<\/strong><\/a><\/span><a href=\"http:\/\/maps.google.com\/maps?t=h&amp;hl=sk&amp;ie=UTF8&amp;ll=40.37982,49.876894&amp;spn=0.003498,0.004823&amp;z=18&amp;vpsrc=6&amp;source=embed\"><img loading=\"lazy\" decoding=\"async\" class=\"alignnone size-full wp-image-896\" title=\"kontakt-xetai\" src=\"http:\/\/baku.saleziani.sk\/en\/wp-content\/uploads\/2011\/09\/kontakt-xetai.jpg\" alt=\"\" width=\"400\" height=\"300\"><\/a><br \/>\n(\u043c\u0435\u0442\u0440\u043e: \u0425\u0430\u0442\u0430\u0438, \u0430\u0432\u0442\u043e\u0431\u0443\u0441: <i>Amay\/2, 32, 46, 95, 175; Megafunbus)<\/i><\/p>\n<h6>\u0427\u0430\u0441\u043e\u0432\u043d\u044f \u0418\u043e\u0430\u043d\u043d\u0430 \u041f\u0430\u0432\u043b\u0430 II.&nbsp; (\u0413\u044f\u043d\u0434\u0436\u043b\u0438\u043a)<\/h6>\n<p>\u0443\u043b. \u041c\u0430\u043c\u0435\u0434\u0430 \u0410\u0440\u0430\u0437\u0430 \u0434. 69 b\/1 (\u0431\u044b\u0432\u0448\u0430\u044f \u0443\u043b. \u0422\u0435\u0439\u043c\u0443\u0440\u0430 \u0410\u043b\u0438\u0435\u0432\u0430)<br \/>\nAZ1069 \u0411\u0430\u043a\u0443, \u0410\u0437\u0435\u0440\u0431\u0430\u0439\u0434\u0436\u0430\u043d<\/p>\n<p>\u0422\u0435\u043b\u0435\u0444\u043e\u043d: &nbsp; +994 12 562 22 55, +994 50 443 90 25<br \/>\n\u0415\u043c\u0430\u0438\u043b: <a href=\"mailto:priest@catholic.az\">priest@catholic.az<\/a><\/p>\n<p><a href=\"http:\/\/maps.google.com\/maps?t=h&amp;hl=sk&amp;ie=UTF8&amp;ll=40.407753,49.846781&amp;spn=0.001748,0.001709&amp;z=19&amp;vpsrc=0&amp;source=embed\">Googleearth (\u0427\u0430\u0441\u043e\u0432\u043d\u044f &#8211; \u0413\u044f\u043d\u0434\u0436\u043b\u0438\u043a): 40\u00b024&#8217;27.73&#8243;S, 49\u00b050&#8217;48.32&#8243;V <\/a><\/p>\n<p><span style=\"color: #339966;\" data-darkreader-inline-color=\"\"><a style=\"color: #339966;\" title=\"GOMAP.AZ\" href=\"http:\/\/www.gomap.az\/info\/bwp_map\/hpages\/index_az.htm?l=mct&amp;pt=800&amp;sa=%0D&amp;slctpos=5548863,4925317&amp;llz=49.8443,40.4059,17\" data-darkreader-inline-color=\"\"><strong>(GOMAP.AZ)<\/strong><\/a><\/span><a href=\"http:\/\/maps.google.com\/maps?t=h&amp;hl=sk&amp;ie=UTF8&amp;ll=40.407753,49.846781&amp;spn=0.001748,0.001709&amp;z=19&amp;vpsrc=0&amp;source=embed\"><img loading=\"lazy\" decoding=\"async\" class=\"alignnone size-full wp-image-895\" title=\"kontakt-genclik\" src=\"http:\/\/baku.saleziani.sk\/en\/wp-content\/uploads\/2011\/09\/kontakt-genclik.jpg\" alt=\"\" width=\"400\" height=\"300\"><\/a><br \/>\n(\u043c\u0435\u0442\u0440\u043e: \u0413\u044f\u043d\u0434\u0436\u043b\u0438\u043a)<\/p>\n<h6><strong>\u0421\u0451\u0441\u0442\u0440\u044b \u041c\u0438\u043b\u043e\u0441\u0435\u0440\u0434\u0438\u044f \u041c\u0430\u0442\u0435\u0440\u0438 \u0422\u0435\u0440\u0435\u0437\u044b \u041a\u0430\u043b\u044c\u043a\u0443\u0442\u0442\u0441\u043a\u043e\u0439<\/strong><\/h6>\n<p>\u0411\u0430\u043a\u0443, \u0417\u044b\u0445\u0441\u043a\u043e\u0435 \u0448\u043e\u0441\u0441\u0435 \u0443\u043b. \u0413\u044f\u043d\u0434\u0436\u043b\u0438\u043a \u043f\u0430\u0440\u043a\u044b, \u0434. 2<\/p>\n<p><a href=\"https:\/\/www.google.com\/maps\/place\/40%C2%B021%2724.7%22N+49%C2%B057%2718.0%22E\/@40.356859,49.955,825m\/data=!3m2!1e3!4b1!4m2!3m1!1s0x0:0x0\">Googleearth (\u0421\u0451\u0441\u0442\u0440\u044b \u041c\u0438\u043b\u043e\u0441\u0435\u0440\u0434\u044c\u044f &#8211; \u0421\u0451\u0441\u0442\u0440\u044b \u041c\u0430\u0442\u0435\u0440\u044b \u0422\u0435\u0440\u0435\u0437\u044b) \u0427\u0430\u0441\u043e\u0432\u043d\u044f: 40\u00b021&#8217;24.7&#8243;N 49\u00b057&#8217;18.0&#8243;E<\/a> <span style=\"color: #339966;\" data-darkreader-inline-color=\"\"><strong><a style=\"color: #339966;\" title=\"GOMAP.AZ\" href=\"http:\/\/www.gomap.az\/info\/bwp_map\/hpages\/index_az.htm?l=mct&amp;pt=800&amp;sa=%0D&amp;slctpos=5560966,4918026&amp;llz=49.9540,40.3572,18\" data-darkreader-inline-color=\"\">(GOMAP.AZ)<\/a><\/strong><\/span><br \/>\n<a href=\"https:\/\/www.google.com\/maps\/place\/40%C2%B021%2724.7%22N+49%C2%B057%2718.0%22E\/@40.356859,49.955,825m\/data=!3m2!1e3!4b1!4m2!3m1!1s0x0:0x0\"><img loading=\"lazy\" decoding=\"async\" class=\"alignnone wp-image-1563\" src=\"http:\/\/www.catholic.az\/en\/wp-content\/uploads\/2011\/09\/mapa-sestry2.png\" alt=\"mapa-sestry2\" width=\"400\" height=\"300\"><\/a><br \/>\n(\u0430\u0432\u0442\u043e\u0431\u0443\u0441: 2, 175 (Z\u0131\u011f \u015fossesi, \u0431\u043b\u0438\u0437\u043a\u043e \u0437\u0430\u043f\u0440\u0430\u0432\u043a\u0438 &#8220;Socar&#8221;)<\/p>\n\n<script>\nvar zbPregResult = '0';\n<\/script>\n","protected":false},"excerpt":{"rendered":"<p>\u0410\u043f\u043e\u0441\u0442\u043e\u043b\u044c\u0441\u043a\u0430\u044f \u041f\u0440\u0435\u0444\u0435\u043a\u0442\u0443\u0440\u0430 \u0410\u0437\u0435\u0440\u0431\u0430\u0439\u0434\u0436\u0430\u043d\u0430 \u0443\u043b. \u041c\u0430\u043c\u0435\u0434\u0430 \u0410\u0440\u0430\u0437\u0430 \u0434. 69 b\/1 (\u0431\u044b\u0432\u0448\u0430\u044f \u0443\u043b. \u0422\u0435\u0439\u043c\u0443\u0440\u0430 \u0410\u043b\u0438\u0435\u0432\u0430) AZ1069 \u0411\u0430\u043a\u0443, \u0410\u0437\u0435\u0440\u0431\u0430\u0439\u0434\u0436\u0430\u043d \u0422\u0435\u043b\u0435\u0444\u043e\u043d: &nbsp; +994 12 562 22 55; +994 50 443 90 25 E-mail: office@catholic.az;&nbsp;&nbsp;priest@catholic.az [&hellip;]<\/p>\n","protected":false},"author":1,"featured_media":0,"parent":0,"menu_order":0,"comment_status":"closed","ping_status":"closed","template":"","meta":{"ngg_post_thumbnail":0,"jetpack_post_was_ever_published":false,"footnotes":""},"class_list":["post-15","page","type-page","status-publish","hentry"],"jetpack_sharing_enabled":true,"jetpack_shortlink":"https:\/\/wp.me\/P2WgD9-f","_links":{"self":[{"href":"http:\/\/www.catholic.az\/ru\/wp-json\/wp\/v2\/pages\/15","targetHints":{"allow":["GET"]}}],"collection":[{"href":"http:\/\/www.catholic.az\/ru\/wp-json\/wp\/v2\/pages"}],"about":[{"href":"http:\/\/www.catholic.az\/ru\/wp-json\/wp\/v2\/types\/page"}],"author":[{"embeddable":true,"href":"http:\/\/www.catholic.az\/ru\/wp-json\/wp\/v2\/users\/1"}],"replies":[{"embeddable":true,"href":"http:\/\/www.catholic.az\/ru\/wp-json\/wp\/v2\/comments?post=15"}],"version-history":[{"count":27,"href":"http:\/\/www.catholic.az\/ru\/wp-json\/wp\/v2\/pages\/15\/revisions"}],"predecessor-version":[{"id":3516,"href":"http:\/\/www.catholic.az\/ru\/wp-json\/wp\/v2\/pages\/15\/revisions\/3516"}],"wp:attachment":[{"href":"http:\/\/www.catholic.az\/ru\/wp-json\/wp\/v2\/media?parent=15"}],"curies":[{"name":"wp","href":"https:\/\/api.w.org\/{rel}","templated":true}]}}