{"id":1170,"date":"2016-01-23T12:15:46","date_gmt":"2016-01-23T08:15:46","guid":{"rendered":"http:\/\/www.catholic.az\/az\/?page_id=1170"},"modified":"2021-07-26T23:16:20","modified_gmt":"2021-07-26T19:16:20","slug":"dua-seher","status":"publish","type":"page","link":"https:\/\/www.catholic.az\/az\/prayers\/dua-seher\/","title":{"rendered":"Dualar 2"},"content":{"rendered":"<p style=\"text-align: center;\"><span style=\"color: #3366ff;\"><strong>S\u0259h\u0259r Duas\u0131<\/strong><\/span><br \/>\nUlu Tanr\u0131m, yaln\u0131z S\u0259n\u0259 tap\u0131n\u0131r v\u0259 b\u00fct\u00fcn q\u0259lbiml\u0259 S\u0259ni sevir\u0259m.<br \/>\nM\u0259ni yaratd\u0131\u011f\u0131n, inanc verdiyin v\u0259 b\u00fct\u00fcn gec\u0259 m\u0259ni qorudu\u011fun \u00fc\u00e7\u00fcn<br \/>\nS\u0259n\u0259 t\u0259\u015f\u0259kk\u00fcr edir\u0259m.<br \/>\nBu g\u00fcn ed\u0259c\u0259yim b\u00fct\u00fcn i\u015fl\u0259r<br \/>\nS\u0259nin ist\u0259yin\u0259 uy\u011fun olub S\u0259ni izz\u0259tl\u0259ndirsin.<br \/>\nM\u0259ni g\u00fcnah i\u015fl\u0259m\u0259kd\u0259n v\u0259 \u015f\u0259rd\u0259n qoru.<br \/>\nL\u00fctf\u00fcn m\u0259niml\u0259 v\u0259 b\u00fct\u00fcn sevdikl\u0259riml\u0259 olsun.<br \/>\nAta, O\u011ful, M\u00fcq\u0259dd\u0259s Ruh ad\u0131 il\u0259<br \/>\nAmin \u271e<a href=\"https:\/\/www.catholic.az\/az\/wp-content\/uploads\/2016\/01\/prayer.jpg\" rel=\"attachment wp-att-1171\"><img loading=\"lazy\" decoding=\"async\" data-attachment-id=\"1171\" data-permalink=\"https:\/\/www.catholic.az\/az\/prayers\/dua-seher\/prayer\/\" data-orig-file=\"https:\/\/www.catholic.az\/az\/wp-content\/uploads\/2016\/01\/prayer.jpg\" data-orig-size=\"563,513\" data-comments-opened=\"0\" data-image-meta=\"{&quot;aperture&quot;:&quot;0&quot;,&quot;credit&quot;:&quot;&quot;,&quot;camera&quot;:&quot;&quot;,&quot;caption&quot;:&quot;&quot;,&quot;created_timestamp&quot;:&quot;0&quot;,&quot;copyright&quot;:&quot;&quot;,&quot;focal_length&quot;:&quot;0&quot;,&quot;iso&quot;:&quot;0&quot;,&quot;shutter_speed&quot;:&quot;0&quot;,&quot;title&quot;:&quot;&quot;,&quot;orientation&quot;:&quot;0&quot;}\" data-image-title=\"prayer\" data-image-description=\"\" data-image-caption=\"\" data-medium-file=\"https:\/\/www.catholic.az\/az\/wp-content\/uploads\/2016\/01\/prayer-300x273.jpg\" data-large-file=\"https:\/\/www.catholic.az\/az\/wp-content\/uploads\/2016\/01\/prayer.jpg\" class=\"size-medium wp-image-1171 aligncenter\" src=\"https:\/\/www.catholic.az\/az\/wp-content\/uploads\/2016\/01\/prayer-300x273.jpg\" alt=\"prayer\" width=\"300\" height=\"273\" srcset=\"https:\/\/www.catholic.az\/az\/wp-content\/uploads\/2016\/01\/prayer-300x273.jpg 300w, https:\/\/www.catholic.az\/az\/wp-content\/uploads\/2016\/01\/prayer-329x300.jpg 329w, https:\/\/www.catholic.az\/az\/wp-content\/uploads\/2016\/01\/prayer.jpg 563w\" sizes=\"auto, (max-width: 300px) 100vw, 300px\" \/><\/a><\/p>\n","protected":false},"excerpt":{"rendered":"<p>S\u0259h\u0259r Duas\u0131 Ulu Tanr\u0131m, yaln\u0131z S\u0259n\u0259 tap\u0131n\u0131r v\u0259 b\u00fct\u00fcn q\u0259lbiml\u0259 S\u0259ni sevir\u0259m. M\u0259ni yaratd\u0131\u011f\u0131n, inanc verdiyin v\u0259 b\u00fct\u00fcn gec\u0259 m\u0259ni qorudu\u011fun \u00fc\u00e7\u00fcn S\u0259n\u0259 t\u0259\u015f\u0259kk\u00fcr edir\u0259m. Bu g\u00fcn ed\u0259c\u0259yim b\u00fct\u00fcn i\u015fl\u0259r [&hellip;]<\/p>\n","protected":false},"author":1,"featured_media":0,"parent":2470,"menu_order":0,"comment_status":"closed","ping_status":"closed","template":"","meta":{"jetpack_post_was_ever_published":false,"footnotes":""},"class_list":["post-1170","page","type-page","status-publish","hentry"],"jetpack_sharing_enabled":true,"jetpack_shortlink":"https:\/\/wp.me\/P2X63J-iS","_links":{"self":[{"href":"https:\/\/www.catholic.az\/az\/wp-json\/wp\/v2\/pages\/1170","targetHints":{"allow":["GET"]}}],"collection":[{"href":"https:\/\/www.catholic.az\/az\/wp-json\/wp\/v2\/pages"}],"about":[{"href":"https:\/\/www.catholic.az\/az\/wp-json\/wp\/v2\/types\/page"}],"author":[{"embeddable":true,"href":"https:\/\/www.catholic.az\/az\/wp-json\/wp\/v2\/users\/1"}],"replies":[{"embeddable":true,"href":"https:\/\/www.catholic.az\/az\/wp-json\/wp\/v2\/comments?post=1170"}],"version-history":[{"count":7,"href":"https:\/\/www.catholic.az\/az\/wp-json\/wp\/v2\/pages\/1170\/revisions"}],"predecessor-version":[{"id":2893,"href":"https:\/\/www.catholic.az\/az\/wp-json\/wp\/v2\/pages\/1170\/revisions\/2893"}],"up":[{"embeddable":true,"href":"https:\/\/www.catholic.az\/az\/wp-json\/wp\/v2\/pages\/2470"}],"wp:attachment":[{"href":"https:\/\/www.catholic.az\/az\/wp-json\/wp\/v2\/media?parent=1170"}],"curies":[{"name":"wp","href":"https:\/\/api.w.org\/{rel}","templated":true}]}}