{"id":1285,"date":"2016-07-20T22:52:15","date_gmt":"2016-07-20T17:52:15","guid":{"rendered":"http:\/\/www.catholic.az\/az\/?page_id=1285"},"modified":"2016-10-09T10:09:52","modified_gmt":"2016-10-09T05:09:52","slug":"pope","status":"publish","type":"page","link":"https:\/\/www.catholic.az\/az\/pope\/","title":{"rendered":"Papa Fransiskin Az\u0259rbaycana olan apostol s\u0259f\u0259ri"},"content":{"rendered":"<p><span style=\"color: #3366ff;\"><img loading=\"lazy\" decoding=\"async\" class=\"aligncenter\" src=\"http:\/\/www.catholic.az\/visit2016-az.png\" alt=\"\" width=\"191\" height=\"185\" \/>12. 09. 2016<\/span> yenil\u0259nmi\u015f proqram\u0131:<br \/>\n<strong>Papa Fransiskin 30.09.2016-dan 01.10.2016-d\u0259k G\u00fcrc\u00fcstana olan apostol s\u0259f\u0259ri<\/strong><br \/>\nS\u0259f\u0259r proqram\u0131: h\u00f6k\u00fcm\u0259t n\u00fcmay\u0259nd\u0259l\u0259ri, ictimai c\u0259miyy\u0259t, diplomatik korpus, G\u00fcrc\u00fcstan\u0131n Patriarx\u0131 II \u0130lia, Assuri-Chaldean dini icmas\u0131, ruhanil\u0259r, rahibl\u0259r, M\u0259rh\u0259m\u0259t M\u0259rk\u0259zinin i\u015f\u00e7il\u0259ri v\u0259 x\u0259st\u0259l\u0259r il\u0259 g\u00f6r\u00fc\u015fl\u0259r, h\u0259m\u00e7inin M.Meshi stadionunda M\u00fcq\u0259dd\u0259s messa v\u0259 Mtsxetada Patriarx kils\u0259sinin ziyar\u0259ti.<\/p>\n<p>&nbsp;<br \/>\n<strong>Papa Fransiskin 02.10.2016-c\u0131 il tarixli Az\u0259rbaycana olan apostol s\u0259f\u0259ri<\/strong><br \/>\n8:10 \u2013 t\u0259yyar\u0259 il\u0259 Tiflisd\u0259n Bak\u0131ya u\u00e7u\u015f<br \/>\n9:30 \u2013 Heyd\u0259r \u018fliyev ad\u0131na Bak\u0131 Beyn\u0259lxalq Hava Liman\u0131na eni\u015f<br \/>\n\u2013 Hava liman\u0131nda r\u0259smi qar\u015f\u0131lanma<br \/>\n10: 30 Bak\u0131dak\u0131 katolik kils\u0259sind\u0259 dua m\u0259rasimi (messa)<br \/>\n12: 45 Don Bosko Salezianlar\u0131 icmas\u0131n\u0131n qarda\u015flar\u0131 il\u0259 nahar<br \/>\n15: 30 \u201cG\u0259nclik\u201d Prezident saray\u0131 meydan\u0131nda Protokol qar\u015f\u0131lanma m\u0259rasimi<br \/>\n\u2013 \u201cG\u0259nclik\u201d Prezident saray\u0131nda Respublika Prezidenti il\u0259 f\u0259rdi g\u00f6r\u00fc\u015f<br \/>\n16: 30 \u015e\u0259hidl\u0259r Xiyaban\u0131n\u0131n ziyar\u0259ti<br \/>\n17: 00 H\u00f6k\u00fcm\u0259t n\u00fcmay\u0259nd\u0259l\u0259ri, ictimai c\u0259miyy\u0259t v\u0259 diplomatik korpus il\u0259 Heyd\u0259r \u018fliyev M\u0259rk\u0259zind\u0259 g\u00f6r\u00fc\u015f<br \/>\n17: 45 Heyd\u0259r m\u0259scidind\u0259 Qafqaz M\u00fcs\u0259lmanlar\u0131 \u015feyxi il\u0259 f\u0259rdi g\u00f6r\u00fc\u015f<br \/>\n18: 00 \u015eeyx v\u0259 \u00f6lk\u0259nin dig\u0259rdini icmalar\u0131n\u0131n n\u00fcmay\u0259nd\u0259l\u0259ri il\u0259 dinl\u0259r aras\u0131 g\u00f6r\u00fc\u015f<br \/>\n19: 00 Bak\u0131 hava liman\u0131nda Vidala\u015fma m\u0259rasimi<br \/>\n19:15 \u2013 t\u0259yyar\u0259 il\u0259 Roma hava liman\u0131na u\u00e7u\u015f<br \/>\n22:00 \u2013 Roma hava liman\u0131na eni\u015f<\/p>\n<p style=\"text-align: center;\"><span style=\"color: #ff0000;\">***<\/span><\/p>\n<p><span style=\"color: #3366ff;\">20.06.2016<\/span><br \/>\nRoma papas\u0131 Fransiskin, aprelin \u0259vv\u0259lind\u0259 elan olunmu\u015f s\u0259f\u0259ri haqq\u0131ndak\u0131 m\u0259lumat r\u0259smi olaraq 11.06.2016 tarixind\u0259 Vatikan t\u0259r\u0259find\u0259n t\u0259sdiql\u0259nib. Eyni il\u0259 onun G\u00fcrc\u00fcstana v\u0259 Az\u0259rbaycana olan Pastoral s\u0259f\u0259rinin proqram\u0131 da elan edilib.<\/p>\n<p>&nbsp;<\/p>\n<p><strong>Papa Fransiskin 30.09.2016-dan 01.10.2016-d\u0259k G\u00fcrc\u00fcstana olan apostol s\u0259f\u0259ri<\/strong><br \/>\nS\u0259f\u0259r proqram\u0131: h\u00f6k\u00fcm\u0259t n\u00fcmay\u0259nd\u0259l\u0259ri, ictimai c\u0259miyy\u0259t, diplomatik korpus, G\u00fcrc\u00fcstan\u0131n Patriarx\u0131 II \u0130lia, Assuri-Chaldean dini icmas\u0131, ruhanil\u0259r, rahibl\u0259r, M\u0259rh\u0259m\u0259t M\u0259rk\u0259zinin i\u015f\u00e7il\u0259ri v\u0259 x\u0259st\u0259l\u0259r il\u0259 g\u00f6r\u00fc\u015fl\u0259r, h\u0259m\u00e7inin M.Meshi stadionunda M\u00fcq\u0259dd\u0259s messa v\u0259 Mtsxetada Patriarx kils\u0259sinin ziyar\u0259ti.<\/p>\n<p><strong>Papa Fransiskin 02.10.2016-c\u0131 il tarixli Az\u0259rbaycana olan apostol s\u0259f\u0259ri<\/strong><br \/>\n8:10 t\u0259yyar\u0259 il\u0259 Tiflisd\u0259n Bak\u0131ya u\u00e7u\u015f<br \/>\n9:30 &#8211; Heyd\u0259r \u018fliyev ad\u0131na Bak\u0131 Beyn\u0259lxalq Hava Liman\u0131na eni\u015f<br \/>\n&#8211; Hava liman\u0131nda r\u0259smi qar\u015f\u0131lanma<br \/>\n&#8211; Bak\u0131dak\u0131 katolik kils\u0259sind\u0259 dua m\u0259rasimi (messa)<br \/>\n&#8211; Don Bosko Salezianlar\u0131 icmas\u0131n\u0131n qarda\u015flar\u0131 il\u0259 nahar<br \/>\n&#8211; &#8220;G\u0259nclik&#8221; Prezident saray\u0131 meydan\u0131nda Protokol qar\u015f\u0131lanma m\u0259rasimi<br \/>\n&#8211; &#8220;G\u0259nclik&#8221; Prezident saray\u0131nda Respublika Prezidenti il\u0259 f\u0259rdi g\u00f6r\u00fc\u015f<br \/>\n&#8211; H\u00f6k\u00fcm\u0259t n\u00fcmay\u0259nd\u0259l\u0259ri, ictimai c\u0259miyy\u0259t v\u0259 diplomatik korpus il\u0259 Heyd\u0259r \u018fliyev M\u0259rk\u0259zind\u0259 g\u00f6r\u00fc\u015f<br \/>\n&#8211; Heyd\u0259r m\u0259scidind\u0259 Qafqaz M\u00fcs\u0259lmanlar\u0131 \u015feyxi il\u0259 f\u0259rdi g\u00f6r\u00fc\u015f<br \/>\n&#8211; Bak\u0131dak\u0131 Pravoslav yepiskopu v\u0259 Y\u0259hudi icmas\u0131n\u0131n ba\u015f\u00e7\u0131s\u0131 il\u0259 g\u00f6r\u00fc\u015f<br \/>\n&#8211; Bak\u0131 hava liman\u0131nda Vidala\u015fma m\u0259rasimi<br \/>\n19:15 \u2013 t\u0259yyar\u0259 il\u0259 Roma hava liman\u0131na u\u00e7u\u015f<br \/>\n22:00 \u2013 Roma hava liman\u0131na eni\u015f<\/p>\n","protected":false},"excerpt":{"rendered":"<p>12. 09. 2016 yenil\u0259nmi\u015f proqram\u0131: Papa Fransiskin 30.09.2016-dan 01.10.2016-d\u0259k G\u00fcrc\u00fcstana olan apostol s\u0259f\u0259ri S\u0259f\u0259r proqram\u0131: h\u00f6k\u00fcm\u0259t n\u00fcmay\u0259nd\u0259l\u0259ri, ictimai c\u0259miyy\u0259t, diplomatik korpus, G\u00fcrc\u00fcstan\u0131n Patriarx\u0131 II \u0130lia, Assuri-Chaldean dini icmas\u0131, ruhanil\u0259r, rahibl\u0259r, [&hellip;]<\/p>\n","protected":false},"author":1,"featured_media":0,"parent":0,"menu_order":0,"comment_status":"closed","ping_status":"closed","template":"","meta":{"jetpack_post_was_ever_published":false,"footnotes":""},"class_list":["post-1285","page","type-page","status-publish","hentry"],"jetpack_sharing_enabled":true,"jetpack_shortlink":"https:\/\/wp.me\/P2X63J-kJ","_links":{"self":[{"href":"https:\/\/www.catholic.az\/az\/wp-json\/wp\/v2\/pages\/1285","targetHints":{"allow":["GET"]}}],"collection":[{"href":"https:\/\/www.catholic.az\/az\/wp-json\/wp\/v2\/pages"}],"about":[{"href":"https:\/\/www.catholic.az\/az\/wp-json\/wp\/v2\/types\/page"}],"author":[{"embeddable":true,"href":"https:\/\/www.catholic.az\/az\/wp-json\/wp\/v2\/users\/1"}],"replies":[{"embeddable":true,"href":"https:\/\/www.catholic.az\/az\/wp-json\/wp\/v2\/comments?post=1285"}],"version-history":[{"count":6,"href":"https:\/\/www.catholic.az\/az\/wp-json\/wp\/v2\/pages\/1285\/revisions"}],"predecessor-version":[{"id":1318,"href":"https:\/\/www.catholic.az\/az\/wp-json\/wp\/v2\/pages\/1285\/revisions\/1318"}],"wp:attachment":[{"href":"https:\/\/www.catholic.az\/az\/wp-json\/wp\/v2\/media?parent=1285"}],"curies":[{"name":"wp","href":"https:\/\/api.w.org\/{rel}","templated":true}]}}