{"id":1968,"date":"2019-02-21T22:26:29","date_gmt":"2019-02-21T18:26:29","guid":{"rendered":"http:\/\/www.catholic.az\/az\/?page_id=1968"},"modified":"2023-01-09T00:54:18","modified_gmt":"2023-01-08T20:54:18","slug":"faq","status":"publish","type":"page","link":"https:\/\/www.catholic.az\/az\/katexizis\/faq\/","title":{"rendered":"FAQ &#8211; Tez-tez veril\u0259n suallar"},"content":{"rendered":"<p><span style=\"color:#008000;\"><a style=\"color: #008000;\" href=\"http:\/\/aam.s1205.t3isp.de\/?L=2\"><strong>ba\u015fqa suallar &gt;&gt;&gt; (Russian, T\u00fcrkish, Persian\/Farsi, Arabic, English, Spanish, Italian, French, German)<\/strong><\/a><\/span><br \/>\n<span style=\"color:#993300;\">Salam, bazar g\u00fcnl\u0259ri xristian olmayanlar\u0131n kils\u0259d\u0259 i\u015ftrak\u0131 q\u0259bul olunurmu? \u00d6nc\u0259d\u0259n t\u0259\u015f\u0259kk\u00fcrl\u0259r.<\/span><\/p>\n<ul>\n<li>b\u0259li.<br \/>\n(sad\u0259c\u0259 n\u0259z\u0259r\u0259 al\u0131n ki, Allah\u0131n evin\u0259 gir\u0259rk\u0259n bizi Yaradana v\u0259 bizi Sev\u0259n\u0259 h\u00f6rm\u0259tl\u0259 yax\u0131nla\u015fmaq laz\u0131md\u0131r). Kils\u0259 2ci g\u00fcnd\u0259n bazar g\u00fcn\u00fcn\u0259 q\u0259d\u0259r saat 10:00-18:00 kimi a\u00e7\u0131qd\u0131r, h\u0259r g\u00fcn m\u00fcxt\u0259lif adamlar g\u0259lir v\u0259 rahat dua edir.<\/li>\n<\/ul>\n<p><span style=\"color:#993300;\">E\u015fitmi\u015f\u0259m ki, xristianlar 3 Allaha q\u0259bul edir, el\u0259dirmi?<\/span><\/p>\n<ul>\n<li>yox, Tanr\u0131 birdir, O \u0259b\u0259didir, O yax\u015f\u0131d\u0131r, Onu b\u00f6lm\u0259k olmaz, Ondan ba\u015fqa Allah yoxdur. B\u00fct\u00fcn m\u0259sih\u00e7il\u0259r (y\u0259ni xristianlar) 1ci \u0259srd\u0259n b\u0259ri Bir Var Olan Allaha iman edir. \u018flb\u0259tt\u0259 ki, biz insanlar Onun Var Oldu\u011funu tam ba\u015fa d\u00fc\u015f\u0259 bilmirik, \u00e7oxlu \u015feyl\u0259r ba\u015f\u0131m\u0131za \u00e7atm\u0131r, bizim \u00fc\u00e7\u00fcn bir sirrdir &#8230;.m\u0259hz burda iman laz\u0131md\u0131r, h\u0259r \u015fey ayd\u0131n olsayd\u0131, iman laz\u0131ms\u0131z bir \u015fey olard\u0131.<\/li>\n<\/ul>\n<p><span style=\"color:#993300;\">M\u0259n\u0259 deyirl\u0259r ki, kils\u0259d\u0259 xristian olmaq \u00fc\u00e7\u00fcn pul verirl\u0259r, do\u011frudan?<\/span><\/p>\n<ul>\n<li>yox, bel\u0259 deyil. Biz iman \u00fc\u00e7\u00fcn pul vers\u0259ydik, \u00f6z iman\u0131m\u0131z olmazd\u0131, ax\u0131 pul harda v\u0259 Var Olan Allah harda? \u018fksin\u0259, insanlar v\u0259ftiz olmaq ist\u0259s\u0259, uzun m\u00fcdd\u0259t (min. 1,5 il) daim v\u0259 d\u0259rin haz\u0131rl\u0131q ke\u00e7m\u0259lidir ki, adam axtars\u0131n, yoxlas\u0131n, rahat sual versin, cavablara qulaq ass\u0131n, onun iman\u0131 g\u00fccl\u00fc v\u0259 s\u0259mimi olsun. Pul vers\u0259ydik, adam imana g\u00f6r\u0259 yox, pula g\u00f6r\u0259 kils\u0259y\u0259 ged\u0259rdi, olmaz ax\u0131.<\/li>\n<\/ul>\n<p><span style=\"color:#993300;\">\u0130sa n\u0259 vaxt do\u011fulub?<\/span><\/p>\n<ul>\n<li>t\u0259qvim\u0259 bax\u0131n, b\u00fct\u00fcn d\u00fcnya \u0130san\u0131n do\u011fulmas\u0131ndan say\u0131l\u0131r. Dem\u0259li 2020 il \u0259vv\u0259l. \ud83d\ude42<\/li>\n<\/ul>\n<p><span style=\"color:#993300;\">Kils\u0259d\u0259 rusca dan\u0131\u015f\u0131rs\u0131z? Az\u0259rbaycan dualar\u0131 var?<\/span><\/p>\n<ul>\n<li>h\u0259r k\u0259s \u00f6z ana dilind\u0259 Allaha yax\u0131nla\u015fa bil\u0259r, ax\u0131 m\u0259hz buna g\u00f6r\u0259 ki, T\u0259k Bir R\u0259bb-Allah var v\u0259 Ondan ba\u015fqas\u0131 yoxdur. B\u00fct\u00fcn adamlar, b\u00fct\u00fcn d\u00fcnyada Ondan uzaq deyil, sual budur ki, vicdana baxa-baxa h\u0259qiq\u0259ti axtar\u0131r, yax\u015f\u0131l\u0131q etm\u0259y\u0259 \u00e7al\u0131\u015f\u0131r yoxsa yox.<br \/>\nQ\u0131sa-konkret: Bak\u0131dak\u0131 Katolik kils\u0259sind\u0259 dualar h\u0259m az\u0259rbaycanca, h\u0259m rusca h\u0259m ingilisc\u0259 olur.<\/li>\n<\/ul>\n<p><span style=\"color:#993300;\">Kils\u0259l\u0259rd\u0259 \u015f\u0259kill\u0259r v\u0259 heyk\u0259ll\u0259r var. Sizc\u0259 bu b\u00fctp\u0259r\u0259stlik deyil?<\/span><\/p>\n<ul>\n<li>Deyil. T\u0259k Tanr\u0131 Var Olan Allahd\u0131r v\u0259 yaln\u0131z Ona ibad\u0259t edirik. O bizi yaratd\u0131, c\u0259miyy\u0259t kimi yaratd\u0131, he\u00e7 kim d\u00fcnyaya t\u0259k g\u0259lmir, Ad\u0259m &amp; H\u0259vvadan ba\u015flayanda biz bir yerd\u0259 iman yolunla gedirik. Yax\u015f\u0131 \u015feyl\u0259r yadda saxlamaq laz\u0131md\u0131r. Sevimli adamlar\u0131n \u015f\u0259kill\u0259ri evl\u0259rimizd\u0259 olur, telefonun ekran\u0131nda ail\u0259mizd\u0259 olan u\u015faqlar v\u0259 sevimlil\u0259r olur. B\u0259y\u0259m bu o adamlardan uzaqla\u015fd\u0131r\u0131r? B\u0259y\u0259m ki\u015fi \u00f6z h\u0259yat yolda\u015f\u0131n\u0131n foto \u015f\u0259klini \u00f6p\u0259nd\u0259 bununla o ka\u011f\u0131z\u0131 sevirmi? \u018flb\u0259tt\u0259 ki, yox. Eyni il\u0259 bizd\u0259, kils\u0259l\u0259rd\u0259, evl\u0259rimizd\u0259 Allah\u0131n b\u00f6y\u00fck i\u015fl\u0259rinin \u015f\u0259kill\u0259ri, m\u00fcq\u0259dd\u0259sl\u0259rin \u015f\u0259kill\u0259ri var, heyk\u0259ll\u0259r d\u0259 var, onlara amma ibad\u0259t etmirik. Onlar biz\u0259 xat\u0131rlad\u0131r ki, Tanr\u0131 var; O bizim \u00fc\u00e7\u00fcn n\u0259 etdi; O hans\u0131 yollarla bizi \u0259sl xo\u015fb\u0259xtliy\u0259 apar\u0131rd\u0131. M\u00fcq\u0259dd\u0259sl\u0259rin \u015f\u0259kill\u0259ri biz\u0259 g\u00f6st\u0259rir ki, R\u0259bbi sevm\u0259k m\u00f6vcuddur, Onun s\u00f6zl\u0259rini yerin\u0259 yetirm\u0259k m\u00f6vcuddur, m\u00fcq\u0259dd\u0259s adamlar bizim \u00fc\u00e7\u00fcn q\u0259\u015f\u0259ng n\u00fcmun\u0259dir.<\/li>\n<\/ul>\n<p><span style=\"color:#993300;\">M\u0259ry\u0259m ana kimdir? Niy\u0259 o q\u0259d\u0259r \u00e7ox dualar var ona?<\/span><\/p>\n<ul>\n<li>Dualar\u0131m\u0131z\u0131 Tanr\u0131ya edirik, Ona dua edirik. Onu sev\u0259n adam n\u0259 b\u0259xtiyard\u0131r, Onun s\u00f6zl\u0259rini yerin\u0259 yetir\u0259n n\u0259 b\u0259xtiyard\u0131r. \u0130man edirik ki, M\u0259ry\u0259m ana b\u00fct\u00fcn h\u0259yat boyu R\u0259bb-Allaha v\u0259fal\u0131 qald\u0131 v\u0259 q\u0259lbini pak saxlad\u0131. \u0130manl\u0131lar \u00fc\u00e7\u00fcn normald\u0131r ki, \u00f6z\u00fc \u00fc\u00e7\u00fcn dua edir, k\u00f6m\u0259k edir. M\u0259nc\u0259 sizin d\u0259 t\u0259cr\u00fcb\u0259niz var ki, x\u0259st\u0259 idiz v\u0259 ba\u015fqa adamdan sizin \u00fc\u00e7\u00fcn dua etdiyini xahi\u015f etdiz. Bu normald\u0131r, adam adama k\u00f6m\u0259k etsin. Biz iman edirik ki, m\u00fcq\u0259dd\u0259sl\u0259r Tanr\u0131ya bizd\u0259n daha yax\u0131nd\u0131rlar v\u0259 c\u0259nn\u0259td\u0259 ola-ola bizl\u0259r \u00fc\u00e7\u00fcn dua ed\u0259 bil\u0259rl\u0259r. Buna g\u00f6r\u0259 m\u00fcq\u0259dd\u0259sl\u0259rd\u0259n xahi\u015f edirik ki, bizim \u00fc\u00e7\u00fcn dua etsinl\u0259r. Eyni il\u0259 M\u00fcq\u0259dd\u0259s M\u0259ry\u0259m anaya dualar\u0131m\u0131zda deyirik: &#8220;biz g\u00fcnahkarlar \u00fc\u00e7\u00fcn dua et&#8221; Amin.<\/li>\n<\/ul>\n<p><span style=\"color:#993300;\">M\u0259nc\u0259 b\u00fct\u00fcn dinl\u0259r eynidir. El\u0259 deyil?<\/span><\/p>\n<ul>\n<li>Deyil. D\u00fcnyada dinl\u0259rin say\u0131 hesab\u0131 yoxdur, h\u0259r adam \u00f6z ba\u015f\u0131nda, \u00f6z \u00fcr\u0259yind\u0259 bir formada iman edir. B\u0259zi dinl\u0259r deyir ki, bir Allah var, b\u0259zil\u0259ri deyirl\u0259r ki, daha \u00e7ox. B\u0259zil\u0259ri yalan\u0131 q\u0259bul edir, b\u0259zil\u0259r g\u00fcnah kimi say\u0131l\u0131r, b\u0259zil\u0259r anan\u0131n b\u0259tnind\u0259 olan u\u015fa\u011f\u0131 \u00f6ld\u00fcrm\u0259y\u0259 icaz\u0259 verirl\u0259r, b\u0259zil\u0259r yox, b\u0259zil\u0259r ba\u015fqalar\u0131n\u0131 \u00f6ld\u00fcrm\u0259y\u0259 icaz\u0259 verirl\u0259r, b\u0259zil\u0259r yox. B\u0259zil\u0259r deyir ki, Tanr\u0131 bizi sevir, b\u0259zil\u0259r is\u0259 buna inanm\u0131r&#8230; M\u0259n m\u0259sih\u00e7i kimi, b\u00fct\u00fcn adamlar\u0131 sev\u0259 bilir\u0259m v\u0259 onlara h\u00f6rm\u0259t ed\u0259 bilir\u0259m, lakin b\u00fct\u00fcn insanlar il\u0259 raz\u0131 ola bilmir\u0259m.<\/li>\n<\/ul>\n<p><span style=\"color:#993300;\">Abort ya Eutanasiya g\u00fcnahd\u0131r? \u015e\u0259rtl\u0259r var?<\/span><\/p>\n<ul>\n<li>Bilirik ki, \u00e7oxlu yerl\u0259rd\u0259 v\u0259 d\u00f6vl\u0259tl\u0259rd\u0259 anan\u0131n b\u0259tnind\u0259 olan u\u015fa\u011f\u0131 b\u0259zi vaxtlarda ya \u015f\u0259rtl\u0259rd\u0259 \u00f6ld\u00fcrm\u0259y\u0259 icaz\u0259 var. Amma kils\u0259 deyir ki, h\u0259yat sahibi t\u0259k Allahd\u0131r v\u0259 buna g\u00f6r\u0259 he\u00e7 kim insan\u0131 \u00f6ld\u00fcr\u0259 bilm\u0259z. B\u00fct\u00fcn insanlar insan oldu\u011funa g\u00f6r\u0259 eyni s\u0259viyy\u0259d\u0259 h\u0259yata layiqdir. F\u0259rqi yoxdur, o balaca ya b\u00f6y\u00fckd\u00fcr, u\u015faq ya qoca, sa\u011flam ya x\u0259st\u0259, varl\u0131 ya kas\u0131b, a\u011f ya sar\u0131, b\u00fct\u00fcn insanlar h\u0259yata v\u0259 sevm\u0259y\u0259 layiqdir, h\u0259yat\u0131n h\u00fcququ var v\u0259 \u00f6ld\u00fcrm\u0259k olmaz, insan ilk vaxt\u0131ndan t\u0259bii \u00f6l\u00fcm\u0259 q\u0259d\u0259r qorunmal\u0131d\u0131r. Buna g\u00f6r\u0259 abort qatillik kimi say\u0131l\u0131r, g\u00fcnahd\u0131r. Eutanasiya eyni il\u0259 g\u00fcnah say\u0131l\u0131r. \u015e\u0259rt yoxdur, h\u0259yat\u0131n d\u0259y\u0259ri absolutdur.<\/li>\n<\/ul>\n<p><span style=\"color:#993300;\">Qurana inan\u0131rs\u0131n\u0131z?<\/span><\/p>\n<ul>\n<li>Quran b\u00fct\u00fcn m\u00fcs\u0259lmanlar \u00fc\u00e7\u00fcn m\u00fcq\u0259dd\u0259s kitabd\u0131r. O kitabda \u00e7oxlu \u015feyl\u0259r var, b\u0259zil\u0259rini \u0259lb\u0259tt\u0259 ki, q\u0259bul edirik: m\u0259s\u0259l\u0259n Allah birdir, Ondan ba\u015fqas\u0131 yoxdur, O r\u0259hmlidir, O m\u0259rh\u0259m\u0259tlidir, O bizi yaratd\u0131, v.s. B\u0259zi \u015feyl\u0259ri amma q\u0259bul ed\u0259 bilmirik. Quranda s\u00fclh var, amma h\u0259rfi m\u0259nada orda h\u0259m m\u00fcharib\u0259 var. \u018flb\u0259tt\u0259 ki, m\u0259sih\u00e7il\u0259r v\u0259 imanl\u0131lar kimi, b\u00fct\u00fcn adamlar\u0131 sevm\u0259liyik, onlara h\u00f6rm\u0259t etm\u0259liyik, onda b\u00fct\u00fcn m\u00fcs\u0259lman bac\u0131-qarda\u015flara h\u00f6rm\u0259t edirik, onlar \u00fc\u00e7\u00fcn dua edirik. Lakin ilahiyyat v\u0259 iman t\u0259r\u0259fd\u0259n b\u0259zi \u015feyl\u0259r \u00f6z\u00fcn\u0259 qar\u015f\u0131d\u0131r v\u0259 buna g\u00f6r\u0259 m\u00fcs\u0259lmanlar bizim iman\u0131m\u0131z\u0131 tam q\u0259bul ed\u0259 bilmir, biz eyni il\u0259 onlar\u0131n. M\u0259sl\u0259h\u0259t budur ki, h\u0259r k\u0259s h\u0259qiq\u0259ti s\u0259mimi olaraq axtars\u0131n v\u0259 ba\u015fqalar\u0131na da h\u00f6rm\u0259t etsin, ax\u0131 ham\u0131m\u0131z eyni Yaradandan g\u0259lmi\u015fik. M\u0259h\u0259bb\u0259t v\u0259 h\u00f6rm\u0259t bizi birl\u0259\u015fdirir, lov\u011fal\u0131q v\u0259 egoistlik bizi ay\u0131r\u0131r.<\/li>\n<\/ul>\n<p><span style=\"color:#993300;\">Allah\u0131n n\u0259 anas\u0131 var, n\u0259 atas\u0131, o n\u0259 do\u011fulanlad\u0131, n\u0259 do\u011fan, o t\u0259kd\u0131, g\u00f6z\u0259 g\u00f6r\u00fcnm\u0259z t\u0259k varl\u0131q.<\/span><\/p>\n<ul>\n<li>Bir: bu sual deyil. \u0130ki: R\u0259bb-Allaha h\u00f6rm\u0259t ed\u0259nd\u0259, Onun ad\u0131n\u0131 v\u0259 ya &#8220;O, Onun, Ona&#8221; yazanda, b\u00f6y\u00fck h\u0259rf il\u0259 yaz\u0131r\u0131q, siz d\u0259 bel\u0259 yaz\u0131n, ax\u0131 Tanr\u0131ya h\u00f6rm\u0259t etm\u0259y\u0259nl\u0259r imanl\u0131 deyil, v\u0259 biz imanl\u0131yiq. \u00dc\u00e7: \u018flb\u0259tt\u0259 ki, \u018fb\u0259di Var Olan\u0131n ba\u015flan\u011f\u0131c\u0131 yoxdur, sonu yoxdur, Onun bizim kimi, valideynl\u0259ri yoxdur, h\u0259m d\u0259 ola bilm\u0259z ki, bir vaxtda yox idi v\u0259 sonra do\u011fulub var olma\u011fa ba\u015flad\u0131, bel\u0259 bir \u015fey he\u00e7 vaxt kils\u0259nin t\u0259limind\u0259 yox idi. Biz, m\u0259sih\u00e7il\u0259r iman edirik ki, Var Olan, bizi Yaradan ve bizi Sev\u0259n R\u0259bb-Allah \u0259b\u0259didir, Onun ba\u015flan\u011f\u0131c\u0131 yoxdur, sonu da yoxdur, ba\u015fqa Allah da yoxdur. \u0130sa M\u0259sih, Allah\u0131n K\u0259lam\u0131 v\u0259 Allah\u0131n O\u011flu dey\u0259nd\u0259, fiziki m\u0259nada m\u00fca\u015fiq\u0259 \u0259laq\u0259d\u0259n do\u011fulmu\u015f olan o\u011flu n\u0259z\u0259rd\u0259 tutmuruq, ilahiyyat t\u0259r\u0259find\u0259n istifad\u0259 edil\u0259n bir termindir, hans\u0131 ki, Var Olan K\u0259lam\u0131 bar\u0259d\u0259 dan\u0131\u015f\u0131r, Allah\u0131n K\u0259lam\u0131 \u0259b\u0259didir, ba\u015flan\u011f\u0131cda Var idi, Allah\u0131n par\u00e7as\u0131 deyil, Allahd\u0131r, v\u0259 O, m\u0259rh\u0259m\u0259tli Oldu\u011funa g\u00f6r\u0259, bizi Xilas etm\u0259k namin\u0259, g\u00f6yd\u0259n enib yan\u0131m\u0131za g\u0259ldi, insan oldu &#8211; \u0130sa M\u0259sih do\u011fuldu. \ud83d\ude42<\/li>\n<\/ul>\n","protected":false},"excerpt":{"rendered":"<p>ba\u015fqa suallar &gt;&gt;&gt; (Russian, T\u00fcrkish, Persian\/Farsi, Arabic, English, Spanish, Italian, French, German) Salam, bazar g\u00fcnl\u0259ri xristian olmayanlar\u0131n kils\u0259d\u0259 i\u015ftrak\u0131 q\u0259bul olunurmu? \u00d6nc\u0259d\u0259n t\u0259\u015f\u0259kk\u00fcrl\u0259r. b\u0259li. (sad\u0259c\u0259 n\u0259z\u0259r\u0259 al\u0131n ki, Allah\u0131n evin\u0259 [&hellip;]<\/p>\n","protected":false},"author":1,"featured_media":0,"parent":2884,"menu_order":0,"comment_status":"closed","ping_status":"closed","template":"","meta":{"jetpack_post_was_ever_published":false,"footnotes":""},"class_list":["post-1968","page","type-page","status-publish","hentry"],"jetpack_sharing_enabled":true,"jetpack_shortlink":"https:\/\/wp.me\/P2X63J-vK","_links":{"self":[{"href":"https:\/\/www.catholic.az\/az\/wp-json\/wp\/v2\/pages\/1968","targetHints":{"allow":["GET"]}}],"collection":[{"href":"https:\/\/www.catholic.az\/az\/wp-json\/wp\/v2\/pages"}],"about":[{"href":"https:\/\/www.catholic.az\/az\/wp-json\/wp\/v2\/types\/page"}],"author":[{"embeddable":true,"href":"https:\/\/www.catholic.az\/az\/wp-json\/wp\/v2\/users\/1"}],"replies":[{"embeddable":true,"href":"https:\/\/www.catholic.az\/az\/wp-json\/wp\/v2\/comments?post=1968"}],"version-history":[{"count":26,"href":"https:\/\/www.catholic.az\/az\/wp-json\/wp\/v2\/pages\/1968\/revisions"}],"predecessor-version":[{"id":3858,"href":"https:\/\/www.catholic.az\/az\/wp-json\/wp\/v2\/pages\/1968\/revisions\/3858"}],"up":[{"embeddable":true,"href":"https:\/\/www.catholic.az\/az\/wp-json\/wp\/v2\/pages\/2884"}],"wp:attachment":[{"href":"https:\/\/www.catholic.az\/az\/wp-json\/wp\/v2\/media?parent=1968"}],"curies":[{"name":"wp","href":"https:\/\/api.w.org\/{rel}","templated":true}]}}