{"id":1978,"date":"2019-02-21T22:52:52","date_gmt":"2019-02-21T18:52:52","guid":{"rendered":"http:\/\/www.catholic.az\/az\/?page_id=1978"},"modified":"2024-08-02T21:46:25","modified_gmt":"2024-08-02T17:46:25","slug":"churches","status":"publish","type":"page","link":"https:\/\/www.catholic.az\/az\/churches\/","title":{"rendered":"Kils\u0259l\u0259r (m\u0259b\u0259dl\u0259r) v\u0259 ibad\u0259tgahlar"},"content":{"rendered":"<p><span style=\"color: #000000;\"><strong>M\u00fcq\u0259dd\u0259s M\u0259ry\u0259m Ana kils\u0259si<\/strong><\/span><br \/>\n<span style=\"color: #000000;\"><strong>M\u00fcq\u0259dd\u0259s II \u0130oann Pavel ibad\u0259tgah\u0131<\/strong><\/span><br \/>\n<span style=\"color: #000000;\"><strong>K\u0259lk\u00fctt\u0259li Tereza Ana &#8211; \u015e\u0259fq\u0259t Bac\u0131lar\u0131n\u0131n Kims\u0259sizl\u0259r Evind\u0259 ibad\u0259tgah<\/strong><\/span><\/p>\n<hr \/>\n<h4>M\u00fcq\u0259dd\u0259s M\u0259ry\u0259m Ana kils\u0259si<\/h4>\n<p><a href=\"https:\/\/www.catholic.az\/az\/wp-content\/uploads\/2019\/02\/Catholic-Church-Baku.jpg\"><img loading=\"lazy\" decoding=\"async\" data-attachment-id=\"1979\" data-permalink=\"https:\/\/www.catholic.az\/az\/churches\/catholic-church-baku\/\" data-orig-file=\"https:\/\/www.catholic.az\/az\/wp-content\/uploads\/2019\/02\/Catholic-Church-Baku-scaled.jpg\" data-orig-size=\"2560,1503\" data-comments-opened=\"0\" data-image-meta=\"{&quot;aperture&quot;:&quot;0&quot;,&quot;credit&quot;:&quot;&quot;,&quot;camera&quot;:&quot;&quot;,&quot;caption&quot;:&quot;&quot;,&quot;created_timestamp&quot;:&quot;0&quot;,&quot;copyright&quot;:&quot;&quot;,&quot;focal_length&quot;:&quot;0&quot;,&quot;iso&quot;:&quot;0&quot;,&quot;shutter_speed&quot;:&quot;0&quot;,&quot;title&quot;:&quot;&quot;,&quot;orientation&quot;:&quot;0&quot;}\" data-image-title=\"Catholic Church Baku\" data-image-description=\"\" data-image-caption=\"\" data-medium-file=\"https:\/\/www.catholic.az\/az\/wp-content\/uploads\/2019\/02\/Catholic-Church-Baku-300x176.jpg\" data-large-file=\"https:\/\/www.catholic.az\/az\/wp-content\/uploads\/2019\/02\/Catholic-Church-Baku-1024x601.jpg\" class=\"alignright wp-image-1979 size-medium\" src=\"https:\/\/www.catholic.az\/az\/wp-content\/uploads\/2019\/02\/Catholic-Church-Baku-300x176.jpg\" alt=\"\" width=\"300\" height=\"176\" srcset=\"https:\/\/www.catholic.az\/az\/wp-content\/uploads\/2019\/02\/Catholic-Church-Baku-300x176.jpg 300w, https:\/\/www.catholic.az\/az\/wp-content\/uploads\/2019\/02\/Catholic-Church-Baku-1536x902.jpg 1536w, https:\/\/www.catholic.az\/az\/wp-content\/uploads\/2019\/02\/Catholic-Church-Baku-2048x1202.jpg 2048w, https:\/\/www.catholic.az\/az\/wp-content\/uploads\/2019\/02\/Catholic-Church-Baku-768x451.jpg 768w, https:\/\/www.catholic.az\/az\/wp-content\/uploads\/2019\/02\/Catholic-Church-Baku-1024x601.jpg 1024w\" sizes=\"auto, (max-width: 300px) 100vw, 300px\" \/><\/a><\/p>\n<p>Ba\u015f ke\u015fi\u015f: ata Martin Bonkalo, SDB<\/p>\n<p>\u00dcnvan: AZ1110 Bak\u0131, \u0130zz\u0259t Orucova k\u00fc\u00e7\u0259si, 2A<\/p>\n<p>(x\u0259rit\u0259)<\/p>\n<p>Email (ru): prixod@catholic.az<\/p>\n<p>Email (en): parishbaku@gmail.com<\/p>\n<p>Email (az): info@catholic.az<\/p>\n<p><em>M\u00fcq\u0259dd\u0259s M\u0259ry\u0259m Ana kils\u0259si 2008-ci ild\u0259 italyan memar\u0131 Paolo Ruceyro-nun layih\u0259si \u0259sas\u0131nda tikilib. Memarl\u0131q \u00fcslubuna g\u00f6r\u0259 neo-qotikaya aiddir. Kils\u0259nin giri\u015fi \u00fcst\u00fcnd\u0259 M\u0259ry\u0259m Anan\u0131n yerli heyk\u0259ltara\u015flar t\u0259r\u0259find\u0259n i\u015fl\u0259nil\u0259n heyk\u0259li qoyulmu\u015fdur. Kils\u0259nin t\u0259qdisetm\u0259 ayinini 29 aprel 2007ci ild\u0259 C\u0259nubi Qafqaz\u0131n apostol nunsisi monsenyor Klaudio Qucerotti icra etmi\u015fdir. Kils\u0259 200 n\u0259f\u0259rlik oturaq yer\u0259 hesablan\u0131b.<\/em><\/p>\n<p><em>Kils\u0259nin tikintisi roma papas\u0131 II \u0130oann Pavelin 2002-ci ild\u0259 Az\u0259rbaycana s\u0259f\u0259ri zaman\u0131 raz\u0131la\u015fd\u0131r\u0131lm\u0131\u015fdr. Kils\u0259nin tikintisi \u00fc\u00e7\u00fcn torpaq sah\u0259sini prezident Heyd\u0259r \u018fliyev Az\u0259rbaycanda Katolik Kils\u0259sin\u0259 h\u0259diyy\u0259 etmi\u015fdir.<\/em><\/p>\n<h4>M\u00fcq\u0259dd\u0259s II \u0130oann Pavel prixodu (G\u0259nclik)<\/h4>\n<p><a href=\"https:\/\/www.catholic.az\/az\/wp-content\/uploads\/2021\/07\/Chappel-JPII-scaled.jpg\"><img loading=\"lazy\" decoding=\"async\" data-attachment-id=\"2906\" data-permalink=\"https:\/\/www.catholic.az\/az\/churches\/chappel-jpii\/\" data-orig-file=\"https:\/\/www.catholic.az\/az\/wp-content\/uploads\/2021\/07\/Chappel-JPII-scaled.jpg\" data-orig-size=\"1600,1200\" data-comments-opened=\"0\" data-image-meta=\"{&quot;aperture&quot;:&quot;1.79&quot;,&quot;credit&quot;:&quot;&quot;,&quot;camera&quot;:&quot;Redmi Note 8T&quot;,&quot;caption&quot;:&quot;&quot;,&quot;created_timestamp&quot;:&quot;1623526647&quot;,&quot;copyright&quot;:&quot;&quot;,&quot;focal_length&quot;:&quot;4.74&quot;,&quot;iso&quot;:&quot;200&quot;,&quot;shutter_speed&quot;:&quot;0.01&quot;,&quot;title&quot;:&quot;&quot;,&quot;orientation&quot;:&quot;1&quot;}\" data-image-title=\"Chappel JPII\" data-image-description=\"\" data-image-caption=\"\" data-medium-file=\"https:\/\/www.catholic.az\/az\/wp-content\/uploads\/2021\/07\/Chappel-JPII-300x225.jpg\" data-large-file=\"https:\/\/www.catholic.az\/az\/wp-content\/uploads\/2021\/07\/Chappel-JPII-1024x768.jpg\" class=\"size-medium wp-image-2906 alignright\" src=\"https:\/\/www.catholic.az\/az\/wp-content\/uploads\/2021\/07\/Chappel-JPII-300x225.jpg\" alt=\"\" width=\"300\" height=\"225\" srcset=\"https:\/\/www.catholic.az\/az\/wp-content\/uploads\/2021\/07\/Chappel-JPII-300x225.jpg 300w, https:\/\/www.catholic.az\/az\/wp-content\/uploads\/2021\/07\/Chappel-JPII-1536x1152.jpg 1536w, https:\/\/www.catholic.az\/az\/wp-content\/uploads\/2021\/07\/Chappel-JPII-768x576.jpg 768w, https:\/\/www.catholic.az\/az\/wp-content\/uploads\/2021\/07\/Chappel-JPII-1024x768.jpg 1024w, https:\/\/www.catholic.az\/az\/wp-content\/uploads\/2021\/07\/Chappel-JPII-2048x1536.jpg 2048w, https:\/\/www.catholic.az\/az\/wp-content\/uploads\/2021\/07\/Chappel-JPII.jpg 1600w\" sizes=\"auto, (max-width: 300px) 100vw, 300px\" \/><\/a><\/p>\n<p>Ba\u015f ke\u015fi\u015f: ata David (Behbud) Mustafayev<\/p>\n<p>\u00dcnvan: AZ1069 Bak\u0131, M\u0259mm\u0259d Araz k\u00fc\u00e7\u0259si, 69\/b\/1<\/p>\n<p>(x\u0259rit\u0259)<\/p>\n<p>\u018flaq\u0259 n\u00f6mr\u0259si: +994 12 562 22 55<\/p>\n<p>Mobil n\u00f6mr\u0259si +994 50 443 90 25<\/p>\n<p>Sual-cavab \u00fc\u00e7\u00fcn \u0259laq\u0259 n\u00f6mr\u0259si (az\u0259rbaycan dilind\u0259) +994 51 831 83 98<\/p>\n<p>Email: priest@catholic.az<\/p>\n<h4>K\u0259lk\u00fctt\u0259li Tereza Ana \u015e\u0259fq\u0259t Bac\u0131lar\u0131n\u0131n Kims\u0259sizl\u0259r Evind\u0259 ibad\u0259tgah<\/h4>\n<p><a href=\"https:\/\/www.catholic.az\/az\/wp-content\/uploads\/2021\/07\/MC-Chappel-scaled.jpg\"><img loading=\"lazy\" decoding=\"async\" data-attachment-id=\"2907\" data-permalink=\"https:\/\/www.catholic.az\/az\/churches\/mc-chappel\/\" data-orig-file=\"https:\/\/www.catholic.az\/az\/wp-content\/uploads\/2021\/07\/MC-Chappel-scaled.jpg\" data-orig-size=\"1600,1200\" data-comments-opened=\"0\" data-image-meta=\"{&quot;aperture&quot;:&quot;1.79&quot;,&quot;credit&quot;:&quot;&quot;,&quot;camera&quot;:&quot;Redmi Note 8T&quot;,&quot;caption&quot;:&quot;&quot;,&quot;created_timestamp&quot;:&quot;1616927775&quot;,&quot;copyright&quot;:&quot;&quot;,&quot;focal_length&quot;:&quot;4.74&quot;,&quot;iso&quot;:&quot;100&quot;,&quot;shutter_speed&quot;:&quot;0.01&quot;,&quot;title&quot;:&quot;&quot;,&quot;orientation&quot;:&quot;1&quot;}\" data-image-title=\"MC Chappel\" data-image-description=\"\" data-image-caption=\"\" data-medium-file=\"https:\/\/www.catholic.az\/az\/wp-content\/uploads\/2021\/07\/MC-Chappel-300x225.jpg\" data-large-file=\"https:\/\/www.catholic.az\/az\/wp-content\/uploads\/2021\/07\/MC-Chappel-1024x768.jpg\" class=\"size-medium wp-image-2907 alignright\" src=\"https:\/\/www.catholic.az\/az\/wp-content\/uploads\/2021\/07\/MC-Chappel-300x225.jpg\" alt=\"\" width=\"300\" height=\"225\" srcset=\"https:\/\/www.catholic.az\/az\/wp-content\/uploads\/2021\/07\/MC-Chappel-300x225.jpg 300w, https:\/\/www.catholic.az\/az\/wp-content\/uploads\/2021\/07\/MC-Chappel-768x576.jpg 768w, https:\/\/www.catholic.az\/az\/wp-content\/uploads\/2021\/07\/MC-Chappel-1024x768.jpg 1024w, https:\/\/www.catholic.az\/az\/wp-content\/uploads\/2021\/07\/MC-Chappel-1536x1152.jpg 1536w, https:\/\/www.catholic.az\/az\/wp-content\/uploads\/2021\/07\/MC-Chappel-2048x1536.jpg 2048w, https:\/\/www.catholic.az\/az\/wp-content\/uploads\/2021\/07\/MC-Chappel.jpg 1600w\" sizes=\"auto, (max-width: 300px) 100vw, 300px\" \/><\/a><\/p>\n<p>Ba\u015f rahib\u0259: Rafaella bac\u0131, MC<\/p>\n<p>\u00dcnvan: Bak\u0131, Z\u0131\u011f \u015fossesi, G\u0259nclik park\u0131, ev 2 (mar\u015frut avtobuslar\u0131: 2, 175)<\/p>\n<p>(x\u0259rit\u0259)<\/p>\n<p>Telefon: +994-12-511-8972<\/p>\n<p>(m\u0259ktublar Apostol Prefekturas\u0131 idar\u0259sinin \u00fcnvan\u0131na, \u201cMC bac\u0131lar\u0131 \u00fc\u00e7\u00fcn\u201d qeydi il\u0259 g\u0259lir)<\/p>\n","protected":false},"excerpt":{"rendered":"<p>M\u00fcq\u0259dd\u0259s M\u0259ry\u0259m Ana kils\u0259si M\u00fcq\u0259dd\u0259s II \u0130oann Pavel ibad\u0259tgah\u0131 K\u0259lk\u00fctt\u0259li Tereza Ana &#8211; \u015e\u0259fq\u0259t Bac\u0131lar\u0131n\u0131n Kims\u0259sizl\u0259r Evind\u0259 ibad\u0259tgah M\u00fcq\u0259dd\u0259s M\u0259ry\u0259m Ana kils\u0259si Ba\u015f ke\u015fi\u015f: ata Martin Bonkalo, SDB \u00dcnvan: AZ1110 [&hellip;]<\/p>\n","protected":false},"author":1,"featured_media":1979,"parent":0,"menu_order":0,"comment_status":"closed","ping_status":"closed","template":"","meta":{"jetpack_post_was_ever_published":false,"footnotes":""},"class_list":["post-1978","page","type-page","status-publish","has-post-thumbnail","hentry"],"jetpack_sharing_enabled":true,"jetpack_shortlink":"https:\/\/wp.me\/P2X63J-vU","_links":{"self":[{"href":"https:\/\/www.catholic.az\/az\/wp-json\/wp\/v2\/pages\/1978","targetHints":{"allow":["GET"]}}],"collection":[{"href":"https:\/\/www.catholic.az\/az\/wp-json\/wp\/v2\/pages"}],"about":[{"href":"https:\/\/www.catholic.az\/az\/wp-json\/wp\/v2\/types\/page"}],"author":[{"embeddable":true,"href":"https:\/\/www.catholic.az\/az\/wp-json\/wp\/v2\/users\/1"}],"replies":[{"embeddable":true,"href":"https:\/\/www.catholic.az\/az\/wp-json\/wp\/v2\/comments?post=1978"}],"version-history":[{"count":16,"href":"https:\/\/www.catholic.az\/az\/wp-json\/wp\/v2\/pages\/1978\/revisions"}],"predecessor-version":[{"id":4543,"href":"https:\/\/www.catholic.az\/az\/wp-json\/wp\/v2\/pages\/1978\/revisions\/4543"}],"wp:featuredmedia":[{"embeddable":true,"href":"https:\/\/www.catholic.az\/az\/wp-json\/wp\/v2\/media\/1979"}],"wp:attachment":[{"href":"https:\/\/www.catholic.az\/az\/wp-json\/wp\/v2\/media?parent=1978"}],"curies":[{"name":"wp","href":"https:\/\/api.w.org\/{rel}","templated":true}]}}