{"id":1992,"date":"2019-02-21T23:34:55","date_gmt":"2019-02-21T19:34:55","guid":{"rendered":"http:\/\/www.catholic.az\/az\/?page_id=1992"},"modified":"2023-05-13T02:13:07","modified_gmt":"2023-05-12T22:13:07","slug":"rozari","status":"publish","type":"page","link":"https:\/\/www.catholic.az\/az\/prayers\/rozari\/","title":{"rendered":"Rozari"},"content":{"rendered":"<p>Q\u0259dim Romada oldu\u011fu kimi orta \u0259srl\u0259rd\u0259 d\u0259 adl\u0131-sanl\u0131 adamlar aras\u0131nda onlara tabe olanlar\u0131n yaxud h\u00f6rm\u0259t ed\u0259nl\u0259rin t\u0259qdim etdikl\u0259ri \u00e7i\u00e7\u0259kl\u0259rd\u0259n toxunmu\u015f tac\u0131 ba\u015f\u0131nda g\u0259zdirm\u0259k ad\u0259ti var idi. Kils\u0259 bu ad\u0259ti ruhani planda t\u0259tbiq etm\u0259yi v\u0259 M\u0259ry\u0259m Anaya dualardan toxunmu\u015f tac \u2013 \u00abRozari\u00bb t\u0259qdim etm\u0259yi, duada Onu Atan\u0131n Q\u0131z\u0131, O\u011fulun Anas\u0131 v\u0259 M\u00fcq\u0259dd\u0259s Ruhun Ni\u015fanl\u0131s\u0131 kimi izz\u0259tl\u0259ndirm\u0259yi biz\u0259 n\u0259sih\u0259t edir.<\/p>\n<p><a href=\"https:\/\/www.catholic.az\/az\/wp-content\/uploads\/2020\/05\/rozari-smaller.jpg\"><img loading=\"lazy\" decoding=\"async\" data-attachment-id=\"2458\" data-permalink=\"https:\/\/www.catholic.az\/az\/prayers\/rozari\/rozari-smaller\/\" data-orig-file=\"https:\/\/www.catholic.az\/az\/wp-content\/uploads\/2020\/05\/rozari-smaller.jpg\" data-orig-size=\"693,339\" data-comments-opened=\"0\" data-image-meta=\"{&quot;aperture&quot;:&quot;2.6&quot;,&quot;credit&quot;:&quot;&quot;,&quot;camera&quot;:&quot;GT-I9195&quot;,&quot;caption&quot;:&quot;charset=\\&quot;InvalidCharsetId\\&quot; ments&quot;,&quot;created_timestamp&quot;:&quot;1517563244&quot;,&quot;copyright&quot;:&quot;&quot;,&quot;focal_length&quot;:&quot;3.7&quot;,&quot;iso&quot;:&quot;125&quot;,&quot;shutter_speed&quot;:&quot;0.04&quot;,&quot;title&quot;:&quot;charset=\\&quot;InvalidCharsetId\\&quot; ments&quot;,&quot;orientation&quot;:&quot;1&quot;}\" data-image-title=\"rozari-smaller\" data-image-description=\"\" data-image-caption=\"\" data-medium-file=\"https:\/\/www.catholic.az\/az\/wp-content\/uploads\/2020\/05\/rozari-smaller-300x147.jpg\" data-large-file=\"https:\/\/www.catholic.az\/az\/wp-content\/uploads\/2020\/05\/rozari-smaller.jpg\" class=\"size-medium wp-image-2458 aligncenter\" src=\"https:\/\/www.catholic.az\/az\/wp-content\/uploads\/2020\/05\/rozari-smaller-300x147.jpg\" alt=\"\" width=\"300\" height=\"147\" srcset=\"https:\/\/www.catholic.az\/az\/wp-content\/uploads\/2020\/05\/rozari-smaller-300x147.jpg 300w, https:\/\/www.catholic.az\/az\/wp-content\/uploads\/2020\/05\/rozari-smaller.jpg 693w\" sizes=\"auto, (max-width: 300px) 100vw, 300px\" \/><\/a> Rozari duas\u0131ndan \u0259vv\u0259l ad\u0259t\u0259n bu dua oxunur:<br \/>\nR\u0259bb \u0130sa M\u0259sih, S\u0259n\u0259 bu Rozarini Ad\u0131n\u0131n izz\u0259ti \u00fc\u00e7\u00fcn S\u0259nin M\u00fcq\u0259dd\u0259s Anan\u0131n \u015f\u0259r\u0259fin\u0259 v\u0259 insan ruhlar\u0131n\u0131n xilas\u0131 \u00fc\u00e7\u00fcn t\u0259qdim edir\u0259m.<br \/>\nAd\u0259t\u0259n Rozari duas\u0131 zaman\u0131 b\u00f6y\u00fck v\u0259 ki\u00e7ik muncuq d\u0259n\u0259l\u0259rind\u0259n ibar\u0259t olan t\u0259sbeh istifad\u0259 olunur. Dua ed\u0259nl\u0259r \u0259vv\u0259lc\u0259 \u00f6zl\u0259rin\u0259 xa\u00e7 i\u015far\u0259sini \u00e7\u0259kirl\u0259r, sonra balaca xa\u00e7\u0131n \u00fcz\u0259rind\u0259 \u00ab\u0130man edir\u0259m\u00bb duas\u0131n\u0131, birinci b\u00f6y\u00fck muncuq d\u0259n\u0259sind\u0259 \u00abEy g\u00f6yl\u0259rd\u0259 olan Atam\u0131z\u00bb, \u00fc\u00e7 ki\u00e7ik muncuq d\u0259n\u0259sind\u0259 \u00fc\u00e7 d\u0259f\u0259 \u00abSalam, m\u00fcbar\u0259k M\u0259ry\u0259m\u00bb (iman, \u00fcmid v\u0259 m\u0259h\u0259bb\u0259tin \u00e7oxalmas\u0131 \u00fc\u00e7\u00fcn), sonra ilk sirrini ad\u0131 \u00e7\u0259kilir v\u0259 b\u00f6y\u00fck muncuq d\u0259n\u0259sind\u0259 \u00abEy g\u00f6yl\u0259rd\u0259 olan Atam\u0131z\u00bb, ki\u00e7ik muncuq d\u0259n\u0259sind\u0259 on d\u0259f\u0259 \u00abSalam, m\u00fcbar\u0259k M\u0259ry\u0259m\u00bb v\u0259 sonda \u00abAtaya, O\u011fula v\u0259 M\u00fcq\u0259dd\u0259s Ruha indi d\u0259, h\u0259mi\u015f\u0259 d\u0259, \u0259b\u0259di olaraq da h\u0259md olsun. Amin.\u00bb m\u0259dhiyy\u0259sini s\u00f6yl\u0259yirl\u0259r;<br \/>\nH\u0259m\u00e7inin bu m\u00fcraci\u0259tnam\u0259ni d\u0259 sonda \u0259lav\u0259 etm\u0259k olar: \u018fz\u0259ld\u0259n g\u00fcnahs\u0131z olan M\u0259ry\u0259m, S\u0259nin yan\u0131na g\u0259l\u0259n bizl\u0259r \u00fc\u00e7\u00fcn Allaha dua et.<br \/>\nYaxud 1917-ci ild\u0259 M\u0259ry\u0259m Anan\u0131n Fatimada u\u015faqlara \u00f6yr\u0259tdiyi duan\u0131 s\u00f6yl\u0259m\u0259k olar:<br \/>\nR\u0259bb \u0130sa M\u0259sih, bizim g\u00fcnahlar\u0131m\u0131z\u0131 ba\u011f\u0131\u015fla, c\u0259h\u0259nn\u0259m alovundan bizi xilas et v\u0259 b\u00fct\u00fcn insanlar\u0131, x\u00fcsusil\u0259 d\u0259, S\u0259nin m\u0259rh\u0259m\u0259tin\u0259 daha \u00e7ox ehtiyac\u0131 olanlar\u0131 c\u0259nn\u0259t\u0259 apar.<\/p>\n<p>Rozarinin 4 formas\u0131 var: sevincli, nurlu, k\u0259d\u0259rli v\u0259 izz\u0259tli.<\/p>\n<blockquote>\n<p style=\"text-align: center;\"><strong><span style=\"color: #339966;\"><a style=\"color: #339966;\" href=\"http:\/\/www.catholic.az\/download\/Rozari-AZ.pdf\"><span style=\"color: #3366ff;\">&gt;&gt; Rozari duas\u0131 &#8211; PDF link &lt;&lt;&lt; (light)<\/span><\/a><br \/>\n<\/span><\/strong><span style=\"color: #000000;\"><strong><a style=\"color: #000000;\" href=\"http:\/\/www.catholic.az\/download\/Rozari-AZ-black.pdf\">&gt;&gt; Rozari duas\u0131 &#8211; PDF link &lt;&lt;&lt; (dark)<\/a><\/strong><\/span><\/p>\n<\/blockquote>\n<p><strong>Materiallar:<\/strong><\/p>\n<p><span style=\"color: #ff6600;\"><strong>Sevincli Rozari<\/strong><\/span><\/p>\n<p><a href=\"https:\/\/www.youtube.com\/watch?v=ZUR1mtnTQho&amp;feature=youtu.be\"><img loading=\"lazy\" decoding=\"async\" data-attachment-id=\"2460\" data-permalink=\"https:\/\/www.catholic.az\/az\/prayers\/rozari\/az-roz-joy-thumb\/\" data-orig-file=\"https:\/\/www.catholic.az\/az\/wp-content\/uploads\/2020\/05\/az-roz-joy-thumb.jpg\" data-orig-size=\"1536,864\" data-comments-opened=\"0\" data-image-meta=\"{&quot;aperture&quot;:&quot;0&quot;,&quot;credit&quot;:&quot;&quot;,&quot;camera&quot;:&quot;&quot;,&quot;caption&quot;:&quot;&quot;,&quot;created_timestamp&quot;:&quot;0&quot;,&quot;copyright&quot;:&quot;&quot;,&quot;focal_length&quot;:&quot;0&quot;,&quot;iso&quot;:&quot;0&quot;,&quot;shutter_speed&quot;:&quot;0&quot;,&quot;title&quot;:&quot;&quot;,&quot;orientation&quot;:&quot;0&quot;}\" data-image-title=\"az-roz-joy-thumb\" data-image-description=\"\" data-image-caption=\"\" data-medium-file=\"https:\/\/www.catholic.az\/az\/wp-content\/uploads\/2020\/05\/az-roz-joy-thumb-300x169.jpg\" data-large-file=\"https:\/\/www.catholic.az\/az\/wp-content\/uploads\/2020\/05\/az-roz-joy-thumb-1024x576.jpg\" class=\"alignleft wp-image-2460 size-medium\" src=\"https:\/\/www.catholic.az\/az\/wp-content\/uploads\/2020\/05\/az-roz-joy-thumb-300x169.jpg\" alt=\"\" width=\"300\" height=\"169\" srcset=\"https:\/\/www.catholic.az\/az\/wp-content\/uploads\/2020\/05\/az-roz-joy-thumb-300x169.jpg 300w, https:\/\/www.catholic.az\/az\/wp-content\/uploads\/2020\/05\/az-roz-joy-thumb-768x432.jpg 768w, https:\/\/www.catholic.az\/az\/wp-content\/uploads\/2020\/05\/az-roz-joy-thumb-1024x576.jpg 1024w, https:\/\/www.catholic.az\/az\/wp-content\/uploads\/2020\/05\/az-roz-joy-thumb.jpg 1536w\" sizes=\"auto, (max-width: 300px) 100vw, 300px\" \/><\/a><\/p>\n<p>&nbsp;<\/p>\n<p><a href=\"http:\/\/www.catholic.az\/download\/az-roz-joy(audio).mp3\"><strong>Audio<\/strong> (MP3)<\/a><\/p>\n<p><a href=\"http:\/\/www.catholic.az\/download\/az-roz-joy-small.mkv\"><strong>Video <\/strong>(y\u00fckl\u0259)<\/a><\/p>\n<p><a href=\"https:\/\/www.youtube.com\/watch?v=ZUR1mtnTQho&amp;feature=youtu.be\"><strong>Video<\/strong> (youtube)<\/a><\/p>\n<p><a href=\"http:\/\/www.catholic.az\/download\/Rozari-az-sevincli.zip\"><strong>\u015e\u0259kill\u0259r<\/strong> (ZIP) prezentasiya ya telefon \u00fc\u00e7\u00fcn<\/a> | <a href=\"http:\/\/www.catholic.az\/download\/Rozari-az-sevincli(4x3).zip\">(4&#215;3) versiya<\/a><\/p>\n<p>&nbsp;<\/p>\n<p>&nbsp;<\/p>\n<p><strong><span style=\"color: #ff6600;\">Nurlu Rozari<\/span><\/strong><\/p>\n<p><strong><a href=\"https:\/\/www.youtube.com\/watch?v=aPWa1QnX7Pc\"><img loading=\"lazy\" decoding=\"async\" data-attachment-id=\"2461\" data-permalink=\"https:\/\/www.catholic.az\/az\/prayers\/rozari\/az-roz-light-thumb\/\" data-orig-file=\"https:\/\/www.catholic.az\/az\/wp-content\/uploads\/2020\/05\/az-roz-light-thumb.jpg\" data-orig-size=\"1268,712\" data-comments-opened=\"0\" data-image-meta=\"{&quot;aperture&quot;:&quot;0&quot;,&quot;credit&quot;:&quot;&quot;,&quot;camera&quot;:&quot;&quot;,&quot;caption&quot;:&quot;&quot;,&quot;created_timestamp&quot;:&quot;0&quot;,&quot;copyright&quot;:&quot;&quot;,&quot;focal_length&quot;:&quot;0&quot;,&quot;iso&quot;:&quot;0&quot;,&quot;shutter_speed&quot;:&quot;0&quot;,&quot;title&quot;:&quot;&quot;,&quot;orientation&quot;:&quot;0&quot;}\" data-image-title=\"az-roz-light-thumb\" data-image-description=\"\" data-image-caption=\"\" data-medium-file=\"https:\/\/www.catholic.az\/az\/wp-content\/uploads\/2020\/05\/az-roz-light-thumb-300x168.jpg\" data-large-file=\"https:\/\/www.catholic.az\/az\/wp-content\/uploads\/2020\/05\/az-roz-light-thumb-1024x575.jpg\" class=\"alignleft wp-image-2461 size-medium\" src=\"https:\/\/www.catholic.az\/az\/wp-content\/uploads\/2020\/05\/az-roz-light-thumb-300x168.jpg\" alt=\"\" width=\"300\" height=\"168\" srcset=\"https:\/\/www.catholic.az\/az\/wp-content\/uploads\/2020\/05\/az-roz-light-thumb-300x168.jpg 300w, https:\/\/www.catholic.az\/az\/wp-content\/uploads\/2020\/05\/az-roz-light-thumb-768x431.jpg 768w, https:\/\/www.catholic.az\/az\/wp-content\/uploads\/2020\/05\/az-roz-light-thumb-1024x575.jpg 1024w, https:\/\/www.catholic.az\/az\/wp-content\/uploads\/2020\/05\/az-roz-light-thumb.jpg 1268w\" sizes=\"auto, (max-width: 300px) 100vw, 300px\" \/><\/a><\/strong><\/p>\n<p>&nbsp;<\/p>\n<p><a href=\"http:\/\/www.catholic.az\/download\/az-roz-light(audio).mp3\"><strong>Audio<\/strong> (MP3)<\/a><\/p>\n<p><a href=\"http:\/\/www.catholic.az\/download\/az-roz-light-small.mkv\"><strong>Video<\/strong> (y\u00fckl\u0259)<\/a><\/p>\n<p><a href=\"https:\/\/www.youtube.com\/watch?v=aPWa1QnX7Pc\"><strong>Video<\/strong> (youtube)<\/a><\/p>\n<p><a href=\"http:\/\/www.catholic.az\/download\/Rozari-az-nurlu.zip\"><strong>\u015e\u0259kill\u0259r<\/strong> (ZIP) prezentasiya ya telefon \u00fc\u00e7\u00fcn<\/a> | <a href=\"http:\/\/www.catholic.az\/download\/Rozari-az-nurlu(4x3).zip\">(4&#215;3) versiya<\/a><\/p>\n<p>&nbsp;<\/p>\n<p>&nbsp;<\/p>\n<p><strong><span style=\"color: #ff6600;\">K\u0259d\u0259rli Rozari<\/span><\/strong><\/p>\n<p><strong><a href=\"https:\/\/youtu.be\/WvUs2PEPEV4\"><img loading=\"lazy\" decoding=\"async\" data-attachment-id=\"2462\" data-permalink=\"https:\/\/www.catholic.az\/az\/prayers\/rozari\/az-roz-sorrow-thumb\/\" data-orig-file=\"https:\/\/www.catholic.az\/az\/wp-content\/uploads\/2020\/05\/az-roz-sorrow-thumb.jpg\" data-orig-size=\"1267,712\" data-comments-opened=\"0\" data-image-meta=\"{&quot;aperture&quot;:&quot;0&quot;,&quot;credit&quot;:&quot;&quot;,&quot;camera&quot;:&quot;&quot;,&quot;caption&quot;:&quot;&quot;,&quot;created_timestamp&quot;:&quot;0&quot;,&quot;copyright&quot;:&quot;&quot;,&quot;focal_length&quot;:&quot;0&quot;,&quot;iso&quot;:&quot;0&quot;,&quot;shutter_speed&quot;:&quot;0&quot;,&quot;title&quot;:&quot;&quot;,&quot;orientation&quot;:&quot;0&quot;}\" data-image-title=\"az-roz-sorrow-thumb\" data-image-description=\"\" data-image-caption=\"\" data-medium-file=\"https:\/\/www.catholic.az\/az\/wp-content\/uploads\/2020\/05\/az-roz-sorrow-thumb-300x169.jpg\" data-large-file=\"https:\/\/www.catholic.az\/az\/wp-content\/uploads\/2020\/05\/az-roz-sorrow-thumb-1024x575.jpg\" class=\"alignleft wp-image-2462 size-medium\" src=\"https:\/\/www.catholic.az\/az\/wp-content\/uploads\/2020\/05\/az-roz-sorrow-thumb-300x169.jpg\" alt=\"\" width=\"300\" height=\"169\" srcset=\"https:\/\/www.catholic.az\/az\/wp-content\/uploads\/2020\/05\/az-roz-sorrow-thumb-300x169.jpg 300w, https:\/\/www.catholic.az\/az\/wp-content\/uploads\/2020\/05\/az-roz-sorrow-thumb-768x432.jpg 768w, https:\/\/www.catholic.az\/az\/wp-content\/uploads\/2020\/05\/az-roz-sorrow-thumb-1024x575.jpg 1024w, https:\/\/www.catholic.az\/az\/wp-content\/uploads\/2020\/05\/az-roz-sorrow-thumb.jpg 1267w\" sizes=\"auto, (max-width: 300px) 100vw, 300px\" \/><\/a><\/strong><\/p>\n<p>&nbsp;<\/p>\n<p><a href=\"http:\/\/www.catholic.az\/download\/az-roz-sorrow(audio).mp3\"><strong>Audio<\/strong> (MP3)<\/a><\/p>\n<p><a href=\"http:\/\/www.catholic.az\/download\/az-roz-sorrow-small.mkv\"><strong>Video<\/strong> (y\u00fckl\u0259)<\/a><\/p>\n<p><a href=\"https:\/\/youtu.be\/WvUs2PEPEV4\"><strong>Video<\/strong> (youtube)<\/a><\/p>\n<p><a href=\"http:\/\/www.catholic.az\/download\/Rozari-az-kederli.zip\"><strong>\u015e\u0259kill\u0259r<\/strong> (ZIP) prezentasiya ya telefon \u00fc\u00e7\u00fcn<\/a> | <a href=\"http:\/\/www.catholic.az\/download\/Rozari-az-kederli(4x3).zip\">(4&#215;3) versiya<\/a><\/p>\n<p>&nbsp;<\/p>\n<p>&nbsp;<\/p>\n<p><strong><span style=\"color: #ff6600;\">\u0130zz\u0259tli Rozari<\/span><\/strong><\/p>\n<p><strong><a href=\"https:\/\/youtu.be\/BQUjUMRBdso\"><img loading=\"lazy\" decoding=\"async\" data-attachment-id=\"2459\" data-permalink=\"https:\/\/www.catholic.az\/az\/prayers\/rozari\/az-roz-glory-thumb\/\" data-orig-file=\"https:\/\/www.catholic.az\/az\/wp-content\/uploads\/2020\/05\/az-roz-glory-thumb.jpg\" data-orig-size=\"1536,864\" data-comments-opened=\"0\" data-image-meta=\"{&quot;aperture&quot;:&quot;0&quot;,&quot;credit&quot;:&quot;&quot;,&quot;camera&quot;:&quot;&quot;,&quot;caption&quot;:&quot;&quot;,&quot;created_timestamp&quot;:&quot;0&quot;,&quot;copyright&quot;:&quot;&quot;,&quot;focal_length&quot;:&quot;0&quot;,&quot;iso&quot;:&quot;0&quot;,&quot;shutter_speed&quot;:&quot;0&quot;,&quot;title&quot;:&quot;&quot;,&quot;orientation&quot;:&quot;0&quot;}\" data-image-title=\"az-roz-glory-thumb\" data-image-description=\"\" data-image-caption=\"\" data-medium-file=\"https:\/\/www.catholic.az\/az\/wp-content\/uploads\/2020\/05\/az-roz-glory-thumb-300x169.jpg\" data-large-file=\"https:\/\/www.catholic.az\/az\/wp-content\/uploads\/2020\/05\/az-roz-glory-thumb-1024x576.jpg\" class=\"alignleft wp-image-2459 size-medium\" src=\"https:\/\/www.catholic.az\/az\/wp-content\/uploads\/2020\/05\/az-roz-glory-thumb-300x169.jpg\" alt=\"\" width=\"300\" height=\"169\" srcset=\"https:\/\/www.catholic.az\/az\/wp-content\/uploads\/2020\/05\/az-roz-glory-thumb-300x169.jpg 300w, https:\/\/www.catholic.az\/az\/wp-content\/uploads\/2020\/05\/az-roz-glory-thumb-768x432.jpg 768w, https:\/\/www.catholic.az\/az\/wp-content\/uploads\/2020\/05\/az-roz-glory-thumb-1024x576.jpg 1024w, https:\/\/www.catholic.az\/az\/wp-content\/uploads\/2020\/05\/az-roz-glory-thumb.jpg 1536w\" sizes=\"auto, (max-width: 300px) 100vw, 300px\" \/><\/a><\/strong><\/p>\n<p>&nbsp;<\/p>\n<p><a href=\"http:\/\/www.catholic.az\/download\/az-roz-glory(audio).mp3\"><strong>Audio<\/strong> (MP3)<\/a><\/p>\n<p><a href=\"http:\/\/www.catholic.az\/download\/az-roz-glory-small.mkv\"><strong>Video<\/strong> (y\u00fckl\u0259)<\/a><\/p>\n<p><a href=\"https:\/\/youtu.be\/BQUjUMRBdso\"><strong>Video<\/strong> (youtube)<\/a><\/p>\n<p><a href=\"http:\/\/www.catholic.az\/download\/Rozari-az-izzetli.zip\"><strong>\u015e\u0259kill\u0259r<\/strong> (ZIP) prezentasiya ya telefon \u00fc\u00e7\u00fcn<\/a> | <a href=\"http:\/\/www.catholic.az\/download\/Rozari-az-izzetli(4x3).zip\">(4&#215;3) versiya<\/a><\/p>\n<p>&nbsp;<\/p>\n<p>&nbsp;<\/p>\n<p>&nbsp;<\/p>\n<p style=\"text-align: center;\"><iframe src=\"\/\/docs.google.com\/viewer?url=http%3A%2F%2Fwww.catholic.az%2Fdownload%2FRozari-AZ.pdf&hl=tr&embedded=true\" class=\"gde-frame\" style=\"width:100%; height:500px; border: none;\" scrolling=\"no\"><\/iframe>\n<p class=\"gde-text\"><a href=\"http:\/\/www.catholic.az\/download\/Rozari-AZ.pdf\" class=\"gde-link\">Download (PDF, Unknown)<\/a><\/p><\/p>\n<p style=\"text-align: center;\"><iframe src=\"\/\/docs.google.com\/viewer?url=http%3A%2F%2Fwww.catholic.az%2Fdownload%2FRozari-AZ-black.pdf&hl=tr&embedded=true\" class=\"gde-frame\" style=\"width:100%; height:500px; border: none;\" scrolling=\"no\"><\/iframe>\n<p class=\"gde-text\"><a href=\"http:\/\/www.catholic.az\/download\/Rozari-AZ-black.pdf\" class=\"gde-link\">Download (PDF, Unknown)<\/a><\/p><\/p>\n","protected":false},"excerpt":{"rendered":"<p>Q\u0259dim Romada oldu\u011fu kimi orta \u0259srl\u0259rd\u0259 d\u0259 adl\u0131-sanl\u0131 adamlar aras\u0131nda onlara tabe olanlar\u0131n yaxud h\u00f6rm\u0259t ed\u0259nl\u0259rin t\u0259qdim etdikl\u0259ri \u00e7i\u00e7\u0259kl\u0259rd\u0259n toxunmu\u015f tac\u0131 ba\u015f\u0131nda g\u0259zdirm\u0259k ad\u0259ti var idi. Kils\u0259 bu ad\u0259ti ruhani [&hellip;]<\/p>\n","protected":false},"author":1,"featured_media":0,"parent":2470,"menu_order":0,"comment_status":"closed","ping_status":"closed","template":"","meta":{"jetpack_post_was_ever_published":false,"footnotes":""},"class_list":["post-1992","page","type-page","status-publish","hentry"],"jetpack_sharing_enabled":true,"jetpack_shortlink":"https:\/\/wp.me\/P2X63J-w8","_links":{"self":[{"href":"https:\/\/www.catholic.az\/az\/wp-json\/wp\/v2\/pages\/1992","targetHints":{"allow":["GET"]}}],"collection":[{"href":"https:\/\/www.catholic.az\/az\/wp-json\/wp\/v2\/pages"}],"about":[{"href":"https:\/\/www.catholic.az\/az\/wp-json\/wp\/v2\/types\/page"}],"author":[{"embeddable":true,"href":"https:\/\/www.catholic.az\/az\/wp-json\/wp\/v2\/users\/1"}],"replies":[{"embeddable":true,"href":"https:\/\/www.catholic.az\/az\/wp-json\/wp\/v2\/comments?post=1992"}],"version-history":[{"count":9,"href":"https:\/\/www.catholic.az\/az\/wp-json\/wp\/v2\/pages\/1992\/revisions"}],"predecessor-version":[{"id":3972,"href":"https:\/\/www.catholic.az\/az\/wp-json\/wp\/v2\/pages\/1992\/revisions\/3972"}],"up":[{"embeddable":true,"href":"https:\/\/www.catholic.az\/az\/wp-json\/wp\/v2\/pages\/2470"}],"wp:attachment":[{"href":"https:\/\/www.catholic.az\/az\/wp-json\/wp\/v2\/media?parent=1992"}],"curies":[{"name":"wp","href":"https:\/\/api.w.org\/{rel}","templated":true}]}}