{"id":2013,"date":"2019-02-22T00:05:39","date_gmt":"2019-02-21T20:05:39","guid":{"rendered":"http:\/\/www.catholic.az\/az\/?page_id=2013"},"modified":"2023-03-08T12:28:51","modified_gmt":"2023-03-08T08:28:51","slug":"kitab-rome","status":"publish","type":"page","link":"https:\/\/www.catholic.az\/az\/katexizis\/kitablar\/kitab-rome\/","title":{"rendered":"Rome Sweet Home &#8211; Katolik Kils\u0259sin\u0259 daxil olma\u011f\u0131m\u0131z"},"content":{"rendered":"<iframe src=\"\/\/docs.google.com\/viewer?url=http%3A%2F%2Fwww.catholic.az%2Fdownload%2Fkitab-rome.pdf&hl=tr&embedded=true\" class=\"gde-frame\" style=\"width:100%; height:500px; border: none;\" scrolling=\"no\"><\/iframe>\n<p class=\"gde-text\"><a href=\"http:\/\/www.catholic.az\/download\/kitab-rome.pdf\" class=\"gde-link\">Download (PDF, Unknown)<\/a><\/p>\n","protected":false},"excerpt":{"rendered":"","protected":false},"author":1,"featured_media":0,"parent":576,"menu_order":0,"comment_status":"closed","ping_status":"closed","template":"","meta":{"jetpack_post_was_ever_published":false,"footnotes":""},"class_list":["post-2013","page","type-page","status-publish","hentry"],"jetpack_sharing_enabled":true,"jetpack_shortlink":"https:\/\/wp.me\/P2X63J-wt","_links":{"self":[{"href":"https:\/\/www.catholic.az\/az\/wp-json\/wp\/v2\/pages\/2013","targetHints":{"allow":["GET"]}}],"collection":[{"href":"https:\/\/www.catholic.az\/az\/wp-json\/wp\/v2\/pages"}],"about":[{"href":"https:\/\/www.catholic.az\/az\/wp-json\/wp\/v2\/types\/page"}],"author":[{"embeddable":true,"href":"https:\/\/www.catholic.az\/az\/wp-json\/wp\/v2\/users\/1"}],"replies":[{"embeddable":true,"href":"https:\/\/www.catholic.az\/az\/wp-json\/wp\/v2\/comments?post=2013"}],"version-history":[{"count":2,"href":"https:\/\/www.catholic.az\/az\/wp-json\/wp\/v2\/pages\/2013\/revisions"}],"predecessor-version":[{"id":3880,"href":"https:\/\/www.catholic.az\/az\/wp-json\/wp\/v2\/pages\/2013\/revisions\/3880"}],"up":[{"embeddable":true,"href":"https:\/\/www.catholic.az\/az\/wp-json\/wp\/v2\/pages\/576"}],"wp:attachment":[{"href":"https:\/\/www.catholic.az\/az\/wp-json\/wp\/v2\/media?parent=2013"}],"curies":[{"name":"wp","href":"https:\/\/api.w.org\/{rel}","templated":true}]}}