{"id":2412,"date":"2020-04-23T16:25:27","date_gmt":"2020-04-23T12:25:27","guid":{"rendered":"http:\/\/www.catholic.az\/az\/?page_id=2412"},"modified":"2021-07-26T23:32:13","modified_gmt":"2021-07-26T19:32:13","slug":"sos","status":"publish","type":"page","link":"https:\/\/www.catholic.az\/az\/bibliya\/sos\/","title":{"rendered":"M\u00fcq\u0259dd\u0259s Kitab\u0131n T\u0259cili yard\u0131m n\u00f6mr\u0259l\u0259ri:"},"content":{"rendered":"<p>&#x260e;&#xfe0f;&#x1f4de;K\u0259d\u0259r i\u00e7ind\u0259 oldu\u011funuz zaman ; Y\u0259hya 14-\u0259 z\u0259ng edin<\/p>\n<p>&#x260e;&#xfe0f;&#x1f4de;\u0130nsanlar sizi t\u0259qib ed\u0259nd\u0259, M\u0259zmur 27-\u0259 z\u0259ng edin<\/p>\n<p>&#x260e;&#xfe0f;&#x1f4de;Bal\u0131q ovlad\u0131\u011f\u0131n\u0131z zaman 51-ci M\u0259zmura z\u0259ng edin<\/p>\n<p>&#x260e;&#xfe0f;&#x1f4de;Narahat olanda M\u0259tta 6: 19-34-\u0259 z\u0259ng edin<\/p>\n<p>&#x260e;&#xfe0f;&#x1f4de;T\u0259hl\u00fck\u0259 yarand\u0131qda, 91-ci M\u0259zmur<\/p>\n<p>&#x260e;&#xfe0f;&#x1f4de;Allah s\u0259nd\u0259n uzaq g\u00f6r\u00fcn\u0259nd\u0259 139-cu M\u0259zmuru \u00e7a\u011f\u0131r<\/p>\n<p>&#x260e;&#xfe0f;&#x1f4de;\u0130nanc\u0131n\u0131z\u0131n motivasiyaya ehtiyac\u0131 olduqda, \u0130branil\u0259r\u0259 11-\u0259 z\u0259ng edin<\/p>\n<p>&#x260e;&#xfe0f;&#x1f4de;Yaln\u0131z v\u0259 narahat olanda M\u0259zmur 23-\u0259 z\u0259ng edin<\/p>\n<p>&#x260e;&#xfe0f;&#x1f4de;Hirsli v\u0259 t\u0259nqidkar oldu\u011funuzda, 1 Korinf 13-\u0259 z\u0259ng edin<\/p>\n<p>&#x260e;&#xfe0f;&#x1f4de;\u00d6z\u00fcn\u00fcz\u00fc z\u0259if v\u0259 \u00e7ar\u0259siz hiss edirsiniz, Romal\u0131lara 8: 31-39 \u00e7a\u011f\u0131r\u0131n<\/p>\n<p>&#x260e;&#xfe0f;&#x1f4de;H\u00fczura v\u0259 istirah\u0259t\u0259 ehtiyac\u0131n\u0131z varsa, M\u0259tta 11: 25-30<\/p>\n<p>&#x260e;&#xfe0f;&#x1f4de;D\u00fcnya Allahdan daha b\u00f6y\u00fck v\u0259 daha g\u00fccl\u00fc g\u00f6r\u00fcn\u0259nd\u0259, 90-cu Z\u0259bura z\u0259ng edin<\/p>\n<p>&#x260e;&#xfe0f;&#x1f4de;M\u0259sihi z\u0259man\u0259ti ist\u0259y\u0259nd\u0259 Romal\u0131lara 8: 1-30-a z\u0259ng edin<\/p>\n<p>&#x260e;&#xfe0f;&#x1f4de;Xidm\u0259t v\u0259 ya s\u0259yah\u0259t \u00fc\u00e7\u00fcn evd\u0259n \u00e7\u0131xanda Z\u0259bur 121-\u0259 z\u0259ng edin<\/p>\n<p>&#x260e;&#xfe0f;&#x1f4de;Dualar\u0131n\u0131z dar\u0131xd\u0131r\u0131c\u0131 v\u0259 adil\u0259\u015f\u0259nd\u0259 Z\u0259bur 67-\u0259 z\u0259ng edin<\/p>\n<p>&#x260e;&#xfe0f;&#x1f4de;Bir tap\u015f\u0131r\u0131q \u00fc\u00e7\u00fcn c\u0259sar\u0259t laz\u0131m olduqda, Yu\u015f\u0259 1-\u0259 z\u0259ng edin<\/p>\n<p>&#x260e;&#xfe0f;&#x1f4de;Bir investisiya(yat\u0131r\u0131m), bir qazanc d\u00fc\u015f\u00fcnd\u00fcy\u00fcn\u00fcz zaman Mark 10-a z\u0259ng edin<\/p>\n<p>&#x260e;&#xfe0f;&#x1f4de;Qon\u015fular\u0131n\u0131z\u0131 nec\u0259 d\u0259st\u0259kl\u0259y\u0259c\u0259ksiniz, Romal\u0131lara 12<\/p>\n<p>&#x260e;&#xfe0f;&#x1f4de;B\u00f6y\u00fck ixtiralar \u00fc\u00e7\u00fcn, \u018f\u015fiya 55<\/p>\n<p>&#x260e;&#xfe0f;&#x1f4de;Bulusun sevinc sirl\u0259ri \u00fc\u00e7\u00fcn, Kol 3: 12-17<\/p>\n<p>&#x260e;&#xfe0f;&#x1f4de;M\u0259sihi d\u00fc\u015f\u00fcnc\u0259si \u00fc\u00e7\u00fcn 2 Korinf 5: 15-19 n\u00f6mr\u0259sin\u0259 z\u0259ng edin<\/p>\n<p>&#x260e;&#xfe0f;&#x1f4de;Depressiyada.27-ci M\u0259zmur<\/p>\n<p>&#x260e;&#xfe0f;&#x1f4de;Verimli,faydal\u0131 olmaq \u00fc\u00e7\u00fcn, Y\u0259hya 15<\/p>\n<p>&#x260e;&#xfe0f;&#x1f4de;C\u00fczdan\u0131n\u0131z bo\u015fdursa, Z\u0259bur 37-\u0259 z\u0259ng edin<\/p>\n<p>&#x260e;&#xfe0f;&#x1f4de;\u0130nsanlara inam\u0131n itirilm\u0259si, 1 Korinf 13<\/p>\n<p>&#x260e;&#xfe0f;&#x1f4de;\u0130nsanlar siz\u0259 xo\u015f g\u00f6r\u00fcnm\u00fcrs\u0259, Y\u0259hya 15-\u0259 z\u0259ng edin<\/p>\n<p>&#x260e;&#xfe0f;&#x1f4de;\u0130\u015finizd\u0259n vazke\u00e7irsinzs\u0259 Z\u0259bur 126<\/p>\n<p>&#x260e;&#xfe0f;&#x1f4de;D\u00fcnyan\u0131 qar\u015f\u0131n\u0131zda \u00e7ox ki\u00e7ik g\u00f6r\u0259rsinizs\u0259 M\u0259zmur 19-a z\u0259ng edin.<\/p>\n<p>Bu t\u0259cili n\u00f6mr\u0259l\u0259ri ba\u015fqalar\u0131nada g\u00f6nd\u0259r\u0259 bil\u0259rsiniz. \u00c7\u00fcnki indi kimin buna ehtiyac\u0131 oldu\u011funu bilmirsiniz !!!<\/p>\n","protected":false},"excerpt":{"rendered":"<p>&#x260e;&#xfe0f;&#x1f4de;K\u0259d\u0259r i\u00e7ind\u0259 oldu\u011funuz zaman ; Y\u0259hya 14-\u0259 z\u0259ng edin &#x260e;&#xfe0f;&#x1f4de;\u0130nsanlar sizi t\u0259qib ed\u0259nd\u0259, M\u0259zmur 27-\u0259 z\u0259ng edin &#x260e;&#xfe0f;&#x1f4de;Bal\u0131q ovlad\u0131\u011f\u0131n\u0131z zaman 51-ci M\u0259zmura z\u0259ng edin &#x260e;&#xfe0f;&#x1f4de;Narahat olanda M\u0259tta 6: 19-34-\u0259 z\u0259ng [&hellip;]<\/p>\n","protected":false},"author":1,"featured_media":0,"parent":2897,"menu_order":0,"comment_status":"closed","ping_status":"closed","template":"","meta":{"jetpack_post_was_ever_published":false,"footnotes":""},"class_list":["post-2412","page","type-page","status-publish","hentry"],"jetpack_sharing_enabled":true,"jetpack_shortlink":"https:\/\/wp.me\/P2X63J-CU","_links":{"self":[{"href":"https:\/\/www.catholic.az\/az\/wp-json\/wp\/v2\/pages\/2412","targetHints":{"allow":["GET"]}}],"collection":[{"href":"https:\/\/www.catholic.az\/az\/wp-json\/wp\/v2\/pages"}],"about":[{"href":"https:\/\/www.catholic.az\/az\/wp-json\/wp\/v2\/types\/page"}],"author":[{"embeddable":true,"href":"https:\/\/www.catholic.az\/az\/wp-json\/wp\/v2\/users\/1"}],"replies":[{"embeddable":true,"href":"https:\/\/www.catholic.az\/az\/wp-json\/wp\/v2\/comments?post=2412"}],"version-history":[{"count":1,"href":"https:\/\/www.catholic.az\/az\/wp-json\/wp\/v2\/pages\/2412\/revisions"}],"predecessor-version":[{"id":2413,"href":"https:\/\/www.catholic.az\/az\/wp-json\/wp\/v2\/pages\/2412\/revisions\/2413"}],"up":[{"embeddable":true,"href":"https:\/\/www.catholic.az\/az\/wp-json\/wp\/v2\/pages\/2897"}],"wp:attachment":[{"href":"https:\/\/www.catholic.az\/az\/wp-json\/wp\/v2\/media?parent=2412"}],"curies":[{"name":"wp","href":"https:\/\/api.w.org\/{rel}","templated":true}]}}