{"id":2487,"date":"2020-05-30T11:24:40","date_gmt":"2020-05-30T07:24:40","guid":{"rendered":"http:\/\/www.catholic.az\/az\/?page_id=2487"},"modified":"2021-07-26T23:24:26","modified_gmt":"2021-07-26T19:24:26","slug":"duanedir","status":"publish","type":"page","link":"https:\/\/www.catholic.az\/az\/prayers\/duanedir\/","title":{"rendered":"DUA N\u018fD\u0130R?"},"content":{"rendered":"<p><a href=\"https:\/\/www.catholic.az\/az\/wp-content\/uploads\/2020\/05\/man-praying2.jpg\"><img loading=\"lazy\" decoding=\"async\" data-attachment-id=\"2488\" data-permalink=\"https:\/\/www.catholic.az\/az\/prayers\/duanedir\/man-praying2\/\" data-orig-file=\"https:\/\/www.catholic.az\/az\/wp-content\/uploads\/2020\/05\/man-praying2.jpg\" data-orig-size=\"321,484\" data-comments-opened=\"0\" data-image-meta=\"{&quot;aperture&quot;:&quot;0&quot;,&quot;credit&quot;:&quot;&quot;,&quot;camera&quot;:&quot;&quot;,&quot;caption&quot;:&quot;&quot;,&quot;created_timestamp&quot;:&quot;0&quot;,&quot;copyright&quot;:&quot;&quot;,&quot;focal_length&quot;:&quot;0&quot;,&quot;iso&quot;:&quot;0&quot;,&quot;shutter_speed&quot;:&quot;0&quot;,&quot;title&quot;:&quot;&quot;,&quot;orientation&quot;:&quot;1&quot;}\" data-image-title=\"man praying2\" data-image-description=\"\" data-image-caption=\"\" data-medium-file=\"https:\/\/www.catholic.az\/az\/wp-content\/uploads\/2020\/05\/man-praying2-199x300.jpg\" data-large-file=\"https:\/\/www.catholic.az\/az\/wp-content\/uploads\/2020\/05\/man-praying2.jpg\" class=\"alignleft size-full wp-image-2488\" src=\"https:\/\/www.catholic.az\/az\/wp-content\/uploads\/2020\/05\/man-praying2.jpg\" alt=\"\" width=\"321\" height=\"484\" srcset=\"https:\/\/www.catholic.az\/az\/wp-content\/uploads\/2020\/05\/man-praying2.jpg 321w, https:\/\/www.catholic.az\/az\/wp-content\/uploads\/2020\/05\/man-praying2-199x300.jpg 199w\" sizes=\"auto, (max-width: 321px) 100vw, 321px\" \/><\/a>Dua m\u00fcnasib\u0259tdir, bizi Yaradan v\u0259 bizi Sev\u0259n R\u0259bb-Allah il\u0259. O h\u0259r \u015fey\u0259 qadirdir, h\u0259r \u015feyi bilir, kamildir, bizi tan\u0131y\u0131r, b\u00fct\u00fcn ehtiyaclar\u0131m\u0131zi bilir, h\u0259tta&#8230;<\/p>\n<p><span style=\"color: #ff6600;\">&#8220;S\u00f6zl\u0259rimi dil\u0259 g\u0259tirm\u0259mi\u015fd\u0259n \u0259vv\u0259l,<\/span><br \/>\n<span style=\"color: #ff6600;\">Ya R\u0259bb, ham\u0131s\u0131n\u0131 tamamil\u0259 bilirs\u0259n.&#8221; (Z\u0259bur 139:4)<\/span><\/p>\n<p>Buna baxmayaraq, \u018fb\u0259di Olan bizi \u00fcnsiyy\u0259t\u0259, s\u00f6hb\u0259t\u0259 \u00e7a\u011f\u0131r\u0131r.<\/p>\n<p><span style=\"color: #ff0000;\">Dua il\u0259 Tanr\u0131n\u0131 d\u0259yi\u015fm\u0259y\u0259c\u0259yik, O art\u0131q kamildir, Onun planlar\u0131 da kamildir v\u0259 onlar\u0131 he\u00e7 kim d\u0259yi\u015f\u0259 bilm\u0259z. Dua il\u0259 \u00f6z\u00fcm\u00fcz\u00fc v\u0259 d\u00fcnyan\u0131 d\u0259yi\u015f\u0259 bil\u0259rik ki, R\u0259bb-Allahdan daha \u00e7ox l\u00fctf ala bilsin.<\/span><\/p>\n<p>Misal: nec\u0259 ki, i\u015f\u0131q ba\u011fl\u0131 bir ev\u0259 gir\u0259 bilm\u0259z, Tanr\u0131n\u0131n l\u00fctf\u00fc ba\u011fl\u0131 \u00fcr\u0259y\u0259, g\u00fcnahla k\u00fctl\u0259\u015fmi\u015f bir q\u0259lb\u0259 gir\u0259 bilm\u0259z. Dua is\u0259 \u00fcr\u0259yin p\u0259nc\u0259r\u0259l\u0259rini, qap\u0131lar\u0131n\u0131 a\u00e7\u0131r v\u0259 R\u0259bbin nuru daxilimizd\u0259 olur.<\/p>\n<p>Dua magiya deyil, orda m\u0259cburiyy\u0259t s\u00f6hb\u0259ti yoxdur, Tanr\u0131 bizi azad \u015f\u0259kild\u0259 yaratd\u0131, O, robotlar ist\u0259m\u0259di, azad insanlar ist\u0259di. Ad\u0259m v\u0259 H\u0259vva il\u0259 ba\u015flayark\u0259n, adamlar azad se\u00e7im edir, Xeyir v\u0259 ya \u015e\u0259r. Tanr\u0131 pisliyi ist\u0259mir, g\u00fcnah\u0131 ist\u0259mir, bizim s\u0259hv yollara getm\u0259yimizi ist\u0259mir, lakin, O B\u0130Z\u0130 \u0130ST\u018fY\u0130R, azadl\u0131\u011f\u0131m\u0131z\u0131 ist\u0259yir v\u0259 buna g\u00f6r\u0259 se\u00e7iml\u0259rimiz\u0259 h\u00f6rm\u0259t ed\u0259-ed\u0259 yol verir. Buna g\u00f6r\u0259 insanlar \u00f6z azadl\u0131\u011f\u0131ndan sui-istifad\u0259 ed\u0259rk\u0259n, g\u00fcnah ed\u0259 bil\u0259r, bunun n\u0259tic\u0259sind\u0259 h\u0259tta c\u0259h\u0259nn\u0259m\u0259 ged\u0259 bil\u0259r, baxmayaraq ki, Allah onlar\u0131n c\u0259h\u0259nn\u0259m\u0259 getm\u0259yini ist\u0259mir. O biz\u0259 azadl\u0131q verdi v\u0259 buna g\u00f6r\u0259 h\u0259m d\u0259 bu se\u00e7im m\u00f6vcuddur. C\u0259h\u0259nn\u0259m Tanr\u0131n\u0131n i\u015fg\u0259nc\u0259 yeri deyil, amma Yax\u015f\u0131 Olan\u0131 inkar ed\u0259nl\u0259r o yerd\u0259 v\u0259 o v\u0259ziyy\u0259td\u0259 \u0259b\u0259di olaraq yax\u015f\u0131l\u0131qs\u0131z olacaq, M\u0259h\u0259bb\u0259t Olan\u0131 inkar ed\u0259nl\u0259r \u0259b\u0259di olaraq m\u0259h\u0259bb\u0259tsiz olacaq, Pak v\u0259 Kamil Xo\u015fb\u0259xtliyi inkar ed\u0259nl\u0259r art\u0131q he\u00e7 vaxt xo\u015fb\u0259xt olmayacaq&#8230;<\/p>\n<p>\u015eam duan\u0131n r\u0259mzidir. Nec\u0259 ki, \u015fam qaranl\u0131\u011f\u0131 i\u015f\u0131qland\u0131r\u0131r, eyni il\u0259 dua h\u0259yatlar\u0131m\u0131z\u0131 nurland\u0131ra bil\u0259r. Adam \u015fam\u0131 yand\u0131randa, fikirl\u0259ri daha rahat c\u0259ml\u0259\u015fdir\u0259 bil\u0259r, sakitl\u0259\u015f\u0259 bil\u0259r. Lakin xat\u0131rlamal\u0131y\u0131q ki, \u015fam \u00f6z\u00fc duas\u0131z bir h\u0259r\u0259k\u0259td\u0259, he\u00e7 bir xeyir vermir, ax\u0131 d\u00fcnyan\u0131 Yaradan bizd\u0259n \u015fam ist\u0259mir, h\u0259yatlar\u0131m\u0131z\u0131 ist\u0259yir, eyni il\u0259 \u015feytan bir \u015famdan qorxmur, \u0259sl v\u0259 s\u0259mimi duadan qorxur.<\/p>\n<p>Dua b\u00f6y\u00fck bir \u015feydir, qoy h\u0259r insan ona ayd\u0131n olan dild\u0259, \u00fcr\u0259yind\u0259, h\u0259yat\u0131nda dua etsin. Dualar\u0131n \u00e7oxlu formalar\u0131 var: s\u00f6z ola bil\u0259r, mahn\u0131 ola bil\u0259r, sakitlik, i\u015f, h\u0259tta g\u00f6z ya\u015flar\u0131 da g\u00f6z\u0259l v\u0259 d\u0259rin bir dua ola bil\u0259r. Bu \u015feyl\u0259ri Tanr\u0131n\u0131n \u0259ll\u0259rin\u0259 ver\u0259nd\u0259, bizim \u00fcnsiyy\u0259timizin ifad\u0259si olur, b\u00fct\u00fcn bu \u015feyl\u0259r bizi R\u0259bb\u0259 yax\u0131nla\u015fd\u0131ra bil\u0259r, h\u0259tta \u00e7arm\u0131xdan b\u00f6y\u00fck bir l\u00fctf g\u0259l\u0259 bil\u0259r.<\/p>\n<p>Yen\u0259d\u0259, dua il\u0259 biz Allah\u0131 d\u0259yi\u015fmirik, amma dua il\u0259 K\u00fclli-ixtiyar R\u0259bbin yax\u015f\u0131l\u0131\u011f\u0131 bizim \u00fcr\u0259kl\u0259rimizi v\u0259 d\u00fcnyan\u0131 d\u0259yi\u015fdirir v\u0259 bel\u0259 olanda, R\u0259bb il\u0259 ya\u015fay\u0131r\u0131q.<\/p>\n<p>Dua il\u0259 ist\u0259kl\u0259rimizi Var Olan R\u0259bb-Allaha bildirmirik, ax\u0131 biz kimik ki, Ona m\u0259sl\u0259h\u0259t ver\u0259k? O biz\u0259 laz\u0131m olanlar\u0131 bizd\u0259n daha yax\u015f\u0131 bilir! Duada Allah\u0131n ist\u0259kl\u0259rin\u0259 d\u0259 fikir verm\u0259y\u0259 \u00e7al\u0131\u015f\u0131r\u0131q, qoy h\u0259yat\u0131m\u0131zda Allah\u0131n irad\u0259si olsun. Buna g\u00f6r\u0259 Tanr\u0131dan yaln\u0131z pul, \u0259\u015fyalar, sa\u011flaml\u0131q ist\u0259m\u0259k avtomatik olaraq bir dua deyil. Ax\u0131 biz deyirik ki, &#8220;Ya R\u0259bb, qoy S\u0259nin irad\u0259n olsun&#8221; onda nec\u0259 ola bil\u0259r ki, insanlar dua ed\u0259nd\u0259 Allaha yaln\u0131z \u00f6z irad\u0259nl\u0259rini v\u0259 planlar\u0131n\u0131 desinl\u0259r?<\/p>\n","protected":false},"excerpt":{"rendered":"<p>Dua m\u00fcnasib\u0259tdir, bizi Yaradan v\u0259 bizi Sev\u0259n R\u0259bb-Allah il\u0259. O h\u0259r \u015fey\u0259 qadirdir, h\u0259r \u015feyi bilir, kamildir, bizi tan\u0131y\u0131r, b\u00fct\u00fcn ehtiyaclar\u0131m\u0131zi bilir, h\u0259tta&#8230; &#8220;S\u00f6zl\u0259rimi dil\u0259 g\u0259tirm\u0259mi\u015fd\u0259n \u0259vv\u0259l, Ya R\u0259bb, ham\u0131s\u0131n\u0131 [&hellip;]<\/p>\n","protected":false},"author":1,"featured_media":0,"parent":2470,"menu_order":0,"comment_status":"closed","ping_status":"closed","template":"","meta":{"jetpack_post_was_ever_published":false,"footnotes":""},"class_list":["post-2487","page","type-page","status-publish","hentry"],"jetpack_sharing_enabled":true,"jetpack_shortlink":"https:\/\/wp.me\/P2X63J-E7","_links":{"self":[{"href":"https:\/\/www.catholic.az\/az\/wp-json\/wp\/v2\/pages\/2487","targetHints":{"allow":["GET"]}}],"collection":[{"href":"https:\/\/www.catholic.az\/az\/wp-json\/wp\/v2\/pages"}],"about":[{"href":"https:\/\/www.catholic.az\/az\/wp-json\/wp\/v2\/types\/page"}],"author":[{"embeddable":true,"href":"https:\/\/www.catholic.az\/az\/wp-json\/wp\/v2\/users\/1"}],"replies":[{"embeddable":true,"href":"https:\/\/www.catholic.az\/az\/wp-json\/wp\/v2\/comments?post=2487"}],"version-history":[{"count":10,"href":"https:\/\/www.catholic.az\/az\/wp-json\/wp\/v2\/pages\/2487\/revisions"}],"predecessor-version":[{"id":2569,"href":"https:\/\/www.catholic.az\/az\/wp-json\/wp\/v2\/pages\/2487\/revisions\/2569"}],"up":[{"embeddable":true,"href":"https:\/\/www.catholic.az\/az\/wp-json\/wp\/v2\/pages\/2470"}],"wp:attachment":[{"href":"https:\/\/www.catholic.az\/az\/wp-json\/wp\/v2\/media?parent=2487"}],"curies":[{"name":"wp","href":"https:\/\/api.w.org\/{rel}","templated":true}]}}