{"id":2495,"date":"2020-05-30T11:55:53","date_gmt":"2020-05-30T07:55:53","guid":{"rendered":"http:\/\/www.catholic.az\/az\/?page_id=2495"},"modified":"2020-05-30T11:58:46","modified_gmt":"2020-05-30T07:58:46","slug":"merhemet","status":"publish","type":"page","link":"https:\/\/www.catholic.az\/az\/prayers\/merhemet\/","title":{"rendered":"Allah M\u0259rh\u0259m\u0259tin\u0259\u00a0Rozari duas\u0131"},"content":{"rendered":"<p><a href=\"https:\/\/www.catholic.az\/az\/wp-content\/uploads\/2020\/05\/divine-mercy-az.jpg\"><img loading=\"lazy\" decoding=\"async\" data-attachment-id=\"2496\" data-permalink=\"https:\/\/www.catholic.az\/az\/prayers\/merhemet\/divine-mercy-az\/\" data-orig-file=\"https:\/\/www.catholic.az\/az\/wp-content\/uploads\/2020\/05\/divine-mercy-az.jpg\" data-orig-size=\"1000,1615\" data-comments-opened=\"0\" data-image-meta=\"{&quot;aperture&quot;:&quot;0&quot;,&quot;credit&quot;:&quot;&quot;,&quot;camera&quot;:&quot;&quot;,&quot;caption&quot;:&quot;&quot;,&quot;created_timestamp&quot;:&quot;0&quot;,&quot;copyright&quot;:&quot;&quot;,&quot;focal_length&quot;:&quot;0&quot;,&quot;iso&quot;:&quot;0&quot;,&quot;shutter_speed&quot;:&quot;0&quot;,&quot;title&quot;:&quot;&quot;,&quot;orientation&quot;:&quot;0&quot;}\" data-image-title=\"divine mercy &amp;#8211; az\" data-image-description=\"\" data-image-caption=\"\" data-medium-file=\"https:\/\/www.catholic.az\/az\/wp-content\/uploads\/2020\/05\/divine-mercy-az-186x300.jpg\" data-large-file=\"https:\/\/www.catholic.az\/az\/wp-content\/uploads\/2020\/05\/divine-mercy-az-634x1024.jpg\" class=\"alignleft wp-image-2496\" src=\"https:\/\/www.catholic.az\/az\/wp-content\/uploads\/2020\/05\/divine-mercy-az-186x300.jpg\" alt=\"\" width=\"231\" height=\"372\" srcset=\"https:\/\/www.catholic.az\/az\/wp-content\/uploads\/2020\/05\/divine-mercy-az-186x300.jpg 186w, https:\/\/www.catholic.az\/az\/wp-content\/uploads\/2020\/05\/divine-mercy-az-768x1240.jpg 768w, https:\/\/www.catholic.az\/az\/wp-content\/uploads\/2020\/05\/divine-mercy-az-634x1024.jpg 634w, https:\/\/www.catholic.az\/az\/wp-content\/uploads\/2020\/05\/divine-mercy-az-951x1536.jpg 951w, https:\/\/www.catholic.az\/az\/wp-content\/uploads\/2020\/05\/divine-mercy-az.jpg 1000w\" sizes=\"auto, (max-width: 231px) 100vw, 231px\" \/><\/a><em>ba\u015flan\u011f\u0131cda:<\/em><br \/>\n\u201cAtam\u0131z\u201d, \u201cSalam M\u0259ry\u0259m\u201d, \u201c\u0130man edir\u0259m\u201d:<br \/>\nb\u00f6y\u00fck muncuq d\u0259n\u0259sind\u0259:<br \/>\n<strong><span style=\"color: #0000ff;\">\u018fb\u0259di Ata, S\u0259n\u0259 bizim<\/span><\/strong><br \/>\n<strong><span style=\"color: #0000ff;\">v\u0259 b\u00fct\u00fcn d\u00fcnyan\u0131n g\u00fcnahlar\u0131n\u0131n \u0259fvi \u00fc\u00e7\u00fcn<\/span><\/strong><br \/>\n<strong><span style=\"color: #0000ff;\">* Sevimli O\u011flun, R\u0259bbimiz \u0130sa M\u0259sihin,<\/span><\/strong><br \/>\n<strong><span style=\"color: #0000ff;\">B\u0259d\u0259ni v\u0259 Qan\u0131n\u0131, Can\u0131n\u0131 v\u0259 \u0130lahiliyini<\/span><\/strong><br \/>\n<strong><span style=\"color: #0000ff;\">t\u0259qdim edir\u0259m.<\/span><\/strong><br \/>\nki\u00e7ik muncuq d\u0259n\u0259sind\u0259 on d\u0259f\u0259:<br \/>\n<strong><span style=\"color: #ff0000;\">Onun \u0259zablar\u0131 x\u0259trin\u0259 * biz\u0259 v\u0259 b\u00fct\u00fcn<\/span><\/strong><br \/>\n<strong><span style=\"color: #ff0000;\">d\u00fcnyaya qar\u015f\u0131 m\u0259rh\u0259m\u0259tli ol.<\/span><\/strong><br \/>\nson duas\u0131:<br \/>\n<strong><span style=\"color: #008000;\">M\u00fcq\u0259dd\u0259s Allah, M\u00fcq\u0259dd\u0259s G\u00fccl\u00fc,<\/span><\/strong><br \/>\n<strong><span style=\"color: #008000;\">M\u00fcq\u0259dd\u0259s \u00d6lm\u0259z, * biz\u0259 v\u0259 b\u00fct\u00fcn<\/span><\/strong><br \/>\n<strong><span style=\"color: #008000;\">d\u00fcnyaya qar\u015f\u0131 m\u0259rh\u0259m\u0259tli ol.<\/span><\/strong><\/p>\n","protected":false},"excerpt":{"rendered":"<p>ba\u015flan\u011f\u0131cda: \u201cAtam\u0131z\u201d, \u201cSalam M\u0259ry\u0259m\u201d, \u201c\u0130man edir\u0259m\u201d: b\u00f6y\u00fck muncuq d\u0259n\u0259sind\u0259: \u018fb\u0259di Ata, S\u0259n\u0259 bizim v\u0259 b\u00fct\u00fcn d\u00fcnyan\u0131n g\u00fcnahlar\u0131n\u0131n \u0259fvi \u00fc\u00e7\u00fcn * Sevimli O\u011flun, R\u0259bbimiz \u0130sa M\u0259sihin, B\u0259d\u0259ni v\u0259 Qan\u0131n\u0131, Can\u0131n\u0131 v\u0259 [&hellip;]<\/p>\n","protected":false},"author":1,"featured_media":0,"parent":2470,"menu_order":0,"comment_status":"closed","ping_status":"closed","template":"","meta":{"jetpack_post_was_ever_published":false,"footnotes":""},"class_list":["post-2495","page","type-page","status-publish","hentry"],"jetpack_sharing_enabled":true,"jetpack_shortlink":"https:\/\/wp.me\/P2X63J-Ef","_links":{"self":[{"href":"https:\/\/www.catholic.az\/az\/wp-json\/wp\/v2\/pages\/2495","targetHints":{"allow":["GET"]}}],"collection":[{"href":"https:\/\/www.catholic.az\/az\/wp-json\/wp\/v2\/pages"}],"about":[{"href":"https:\/\/www.catholic.az\/az\/wp-json\/wp\/v2\/types\/page"}],"author":[{"embeddable":true,"href":"https:\/\/www.catholic.az\/az\/wp-json\/wp\/v2\/users\/1"}],"replies":[{"embeddable":true,"href":"https:\/\/www.catholic.az\/az\/wp-json\/wp\/v2\/comments?post=2495"}],"version-history":[{"count":3,"href":"https:\/\/www.catholic.az\/az\/wp-json\/wp\/v2\/pages\/2495\/revisions"}],"predecessor-version":[{"id":2499,"href":"https:\/\/www.catholic.az\/az\/wp-json\/wp\/v2\/pages\/2495\/revisions\/2499"}],"up":[{"embeddable":true,"href":"https:\/\/www.catholic.az\/az\/wp-json\/wp\/v2\/pages\/2470"}],"wp:attachment":[{"href":"https:\/\/www.catholic.az\/az\/wp-json\/wp\/v2\/media?parent=2495"}],"curies":[{"name":"wp","href":"https:\/\/api.w.org\/{rel}","templated":true}]}}