{"id":2500,"date":"2020-05-30T12:02:34","date_gmt":"2020-05-30T08:02:34","guid":{"rendered":"http:\/\/www.catholic.az\/az\/?page_id=2500"},"modified":"2021-07-26T23:21:25","modified_gmt":"2021-07-26T19:21:25","slug":"sulh","status":"publish","type":"page","link":"https:\/\/www.catholic.az\/az\/prayers\/sulh\/","title":{"rendered":"S\u00fclh \u00fc\u00e7\u00fcn dua"},"content":{"rendered":"<p><a href=\"https:\/\/www.catholic.az\/az\/wp-content\/uploads\/2020\/05\/1a8b14de5e9fb6730f6f2a8c6cb04fed.jpg\"><img loading=\"lazy\" decoding=\"async\" data-attachment-id=\"2502\" data-permalink=\"https:\/\/www.catholic.az\/az\/prayers\/sulh\/1a8b14de5e9fb6730f6f2a8c6cb04fed\/\" data-orig-file=\"https:\/\/www.catholic.az\/az\/wp-content\/uploads\/2020\/05\/1a8b14de5e9fb6730f6f2a8c6cb04fed.jpg\" data-orig-size=\"352,500\" data-comments-opened=\"0\" data-image-meta=\"{&quot;aperture&quot;:&quot;0&quot;,&quot;credit&quot;:&quot;&quot;,&quot;camera&quot;:&quot;&quot;,&quot;caption&quot;:&quot;&quot;,&quot;created_timestamp&quot;:&quot;0&quot;,&quot;copyright&quot;:&quot;&quot;,&quot;focal_length&quot;:&quot;0&quot;,&quot;iso&quot;:&quot;0&quot;,&quot;shutter_speed&quot;:&quot;0&quot;,&quot;title&quot;:&quot;&quot;,&quot;orientation&quot;:&quot;0&quot;}\" data-image-title=\"1a8b14de5e9fb6730f6f2a8c6cb04fed\" data-image-description=\"\" data-image-caption=\"\" data-medium-file=\"https:\/\/www.catholic.az\/az\/wp-content\/uploads\/2020\/05\/1a8b14de5e9fb6730f6f2a8c6cb04fed-211x300.jpg\" data-large-file=\"https:\/\/www.catholic.az\/az\/wp-content\/uploads\/2020\/05\/1a8b14de5e9fb6730f6f2a8c6cb04fed.jpg\" class=\"alignleft size-full wp-image-2502\" src=\"https:\/\/www.catholic.az\/az\/wp-content\/uploads\/2020\/05\/1a8b14de5e9fb6730f6f2a8c6cb04fed.jpg\" alt=\"\" width=\"352\" height=\"500\" srcset=\"https:\/\/www.catholic.az\/az\/wp-content\/uploads\/2020\/05\/1a8b14de5e9fb6730f6f2a8c6cb04fed.jpg 352w, https:\/\/www.catholic.az\/az\/wp-content\/uploads\/2020\/05\/1a8b14de5e9fb6730f6f2a8c6cb04fed-211x300.jpg 211w\" sizes=\"auto, (max-width: 352px) 100vw, 352px\" \/><\/a>R\u0259bbim, M\u0259ni \u00d6z s\u00fclh\u00fcn\u00fcn al\u0259ti et.<br \/>\nNifr\u0259t olan yerd\u0259 qoy sevgi,<br \/>\n\u018fdal\u0259tsizlik olan yerd\u0259 \u2013 \u0259fvi,<br \/>\n\u0130nciklik olan yerd\u0259 \u2013 ba\u011f\u0131\u015flama,<br \/>\nYalan olan yerd\u0259 \u2013 h\u0259qiq\u0259ti,<br \/>\n\u00dcmidsizlik olan yerd\u0259 \u2013 \u00fcmidi,<br \/>\nQaranl\u0131q olan yerd\u0259 \u2013 nuru,<br \/>\nK\u0259d\u0259r olan yerd\u0259 \u2013 sevinci \u0259kim.<br \/>\nEy, \u0130lahi A\u011fam,<br \/>\nm\u0259n\u0259 k\u00f6m\u0259k et ki,<br \/>\nt\u0259s\u0259lli almaqdansa<br \/>\ndaha \u00e7ox t\u0259s\u0259lli<br \/>\nver\u0259 bilim,<br \/>\nba\u015fa d\u00fc\u015f\u00fclm\u0259kd\u0259ns\u0259,<br \/>\nba\u015fa d\u00fc\u015f\u00fcm,<br \/>\nsevilm\u0259kd\u0259ns\u0259, sevim.<br \/>\n\u00c7\u00fcnki biz ver\u0259rk\u0259n<br \/>\n\u0259ld\u0259 edirik,<br \/>\nBa\u011f\u0131\u015flayark\u0259n<br \/>\nba\u011f\u0131\u015flan\u0131r\u0131q,<br \/>\n\u00d6l\u0259rk\u0259n \u0259b\u0259di h\u0259yat<br \/>\n\u00fc\u00e7\u00fcn do\u011fuluruq.<\/p>\n","protected":false},"excerpt":{"rendered":"<p>R\u0259bbim, M\u0259ni \u00d6z s\u00fclh\u00fcn\u00fcn al\u0259ti et. Nifr\u0259t olan yerd\u0259 qoy sevgi, \u018fdal\u0259tsizlik olan yerd\u0259 \u2013 \u0259fvi, \u0130nciklik olan yerd\u0259 \u2013 ba\u011f\u0131\u015flama, Yalan olan yerd\u0259 \u2013 h\u0259qiq\u0259ti, \u00dcmidsizlik olan yerd\u0259 \u2013 [&hellip;]<\/p>\n","protected":false},"author":1,"featured_media":0,"parent":2470,"menu_order":0,"comment_status":"closed","ping_status":"closed","template":"","meta":{"jetpack_post_was_ever_published":false,"footnotes":""},"class_list":["post-2500","page","type-page","status-publish","hentry"],"jetpack_sharing_enabled":true,"jetpack_shortlink":"https:\/\/wp.me\/P2X63J-Ek","_links":{"self":[{"href":"https:\/\/www.catholic.az\/az\/wp-json\/wp\/v2\/pages\/2500","targetHints":{"allow":["GET"]}}],"collection":[{"href":"https:\/\/www.catholic.az\/az\/wp-json\/wp\/v2\/pages"}],"about":[{"href":"https:\/\/www.catholic.az\/az\/wp-json\/wp\/v2\/types\/page"}],"author":[{"embeddable":true,"href":"https:\/\/www.catholic.az\/az\/wp-json\/wp\/v2\/users\/1"}],"replies":[{"embeddable":true,"href":"https:\/\/www.catholic.az\/az\/wp-json\/wp\/v2\/comments?post=2500"}],"version-history":[{"count":1,"href":"https:\/\/www.catholic.az\/az\/wp-json\/wp\/v2\/pages\/2500\/revisions"}],"predecessor-version":[{"id":2503,"href":"https:\/\/www.catholic.az\/az\/wp-json\/wp\/v2\/pages\/2500\/revisions\/2503"}],"up":[{"embeddable":true,"href":"https:\/\/www.catholic.az\/az\/wp-json\/wp\/v2\/pages\/2470"}],"wp:attachment":[{"href":"https:\/\/www.catholic.az\/az\/wp-json\/wp\/v2\/media?parent=2500"}],"curies":[{"name":"wp","href":"https:\/\/api.w.org\/{rel}","templated":true}]}}