{"id":2504,"date":"2020-05-30T12:14:25","date_gmt":"2020-05-30T08:14:25","guid":{"rendered":"http:\/\/www.catholic.az\/az\/?page_id=2504"},"modified":"2020-05-30T12:21:51","modified_gmt":"2020-05-30T08:21:51","slug":"muqeddesruh","status":"publish","type":"page","link":"https:\/\/www.catholic.az\/az\/muqeddesruh\/","title":{"rendered":"M\u00fcq\u0259dd\u0259s Ruh, g\u0259l"},"content":{"rendered":"<p style=\"text-align: center;\">G\u0259l, ey M\u00fcq\u0259dd\u0259s Ruh<br \/>\nG\u00f6nd\u0259r sonsuz i\u015f\u0131\u011f\u0131n, s\u0259mavi \u015f\u00fcas\u0131n\u0131.<br \/>\nG\u0259l, ey yetiml\u0259r Atas\u0131.<br \/>\nG\u0259l, ey nem\u0259tl\u0259r qayna\u011f\u0131. G\u0259l, ey q\u0259lbin nuru.<a href=\"https:\/\/www.catholic.az\/az\/wp-content\/uploads\/2020\/05\/52e906_0329e4170984415a9bd931a053232e19mv2_d_3378_4967_s_4_2.webp2_.png\"><img loading=\"lazy\" decoding=\"async\" data-attachment-id=\"2505\" data-permalink=\"https:\/\/www.catholic.az\/az\/muqeddesruh\/52e906_0329e4170984415a9bd931a053232e19mv2_d_3378_4967_s_4_2-webp2\/\" data-orig-file=\"https:\/\/www.catholic.az\/az\/wp-content\/uploads\/2020\/05\/52e906_0329e4170984415a9bd931a053232e19mv2_d_3378_4967_s_4_2.webp2_.png\" data-orig-size=\"316,343\" data-comments-opened=\"0\" data-image-meta=\"{&quot;aperture&quot;:&quot;0&quot;,&quot;credit&quot;:&quot;&quot;,&quot;camera&quot;:&quot;&quot;,&quot;caption&quot;:&quot;&quot;,&quot;created_timestamp&quot;:&quot;0&quot;,&quot;copyright&quot;:&quot;&quot;,&quot;focal_length&quot;:&quot;0&quot;,&quot;iso&quot;:&quot;0&quot;,&quot;shutter_speed&quot;:&quot;0&quot;,&quot;title&quot;:&quot;&quot;,&quot;orientation&quot;:&quot;0&quot;}\" data-image-title=\"52e906_0329e4170984415a9bd931a053232e19~mv2_d_3378_4967_s_4_2.webp2\" data-image-description=\"\" data-image-caption=\"\" data-medium-file=\"https:\/\/www.catholic.az\/az\/wp-content\/uploads\/2020\/05\/52e906_0329e4170984415a9bd931a053232e19mv2_d_3378_4967_s_4_2.webp2_-276x300.png\" data-large-file=\"https:\/\/www.catholic.az\/az\/wp-content\/uploads\/2020\/05\/52e906_0329e4170984415a9bd931a053232e19mv2_d_3378_4967_s_4_2.webp2_.png\" class=\"wp-image-2505 aligncenter\" src=\"https:\/\/www.catholic.az\/az\/wp-content\/uploads\/2020\/05\/52e906_0329e4170984415a9bd931a053232e19mv2_d_3378_4967_s_4_2.webp2_.png\" alt=\"\" width=\"201\" height=\"218\" srcset=\"https:\/\/www.catholic.az\/az\/wp-content\/uploads\/2020\/05\/52e906_0329e4170984415a9bd931a053232e19mv2_d_3378_4967_s_4_2.webp2_.png 316w, https:\/\/www.catholic.az\/az\/wp-content\/uploads\/2020\/05\/52e906_0329e4170984415a9bd931a053232e19mv2_d_3378_4967_s_4_2.webp2_-276x300.png 276w\" sizes=\"auto, (max-width: 201px) 100vw, 201px\" \/><\/a><br \/>\nS\u0259n ger\u00e7\u0259k t\u0259s\u0259lli\u00e7i, S\u0259n s\u0259xav\u0259tli q\u0259lbl\u0259rin,<br \/>\nNurlu Qona\u011f\u0131 varsan, inc\u0259 s\u0259rinlik S\u0259ns\u0259n.<br \/>\nZ\u0259hm\u0259td\u0259n dinc rahatl\u0131q, b\u00fcrk\u00fcd\u0259 t\u0259rav\u0259t mehi,<br \/>\nA\u011flayan zaman t\u0259s\u0259lli, s\u0259man\u0131n m\u00fcbar\u0259k Nuru.<\/p>\n<p style=\"text-align: center;\">Nur \u00e7il\u0259 sadiql\u0259rin, m\u00f6minl\u0259rin q\u0259lbin\u0259.<br \/>\nYard\u0131m\u0131n olmadan, insan\u0131n g\u00fcc\u00fc olmaz,<br \/>\n\u015e\u0259rd\u0259n savunma olmaz.<\/p>\n<p style=\"text-align: center;\">Yu t\u0259miz olmayan\u0131,<br \/>\nislat quruyub qalan\u0131,<br \/>\nSa\u011falt z\u0259r\u0259r d\u0259y\u0259ni,<br \/>\nyum\u015falt q\u0259ddarla\u015fan\u0131,<br \/>\nQ\u0131zd\u0131r \u00fc\u015f\u00fcy\u00fcb donan\u0131,<br \/>\nd\u00fcz yola qoy azan\u0131.<\/p>\n<p style=\"text-align: center;\">B\u00fct\u00fcn etiqad\u00e7\u0131lar\u0131na<br \/>\nm\u00f6hk\u0259m t\u0259v\u0259kk\u00fcl ver<br \/>\nYeddiqat m\u00fcq\u0259dd\u0259slik ver,<br \/>\nheyr\u0259tamiz m\u00fckafat ver<br \/>\nXilasedici \u00e7\u0131x\u0131\u015f ver<br \/>\nv\u0259 \u0259b\u0259di s\u0259ad\u0259t ver.<br \/>\nAmin.<\/p>\n<p style=\"text-align: center;\">+++<\/p>\n<p style=\"text-align: center;\"><a href=\"https:\/\/www.catholic.az\/az\/wp-content\/uploads\/2020\/05\/mr.png\"><img loading=\"lazy\" decoding=\"async\" data-attachment-id=\"2508\" data-permalink=\"https:\/\/www.catholic.az\/az\/muqeddesruh\/mr\/\" data-orig-file=\"https:\/\/www.catholic.az\/az\/wp-content\/uploads\/2020\/05\/mr.png\" data-orig-size=\"303,306\" data-comments-opened=\"0\" data-image-meta=\"{&quot;aperture&quot;:&quot;0&quot;,&quot;credit&quot;:&quot;&quot;,&quot;camera&quot;:&quot;&quot;,&quot;caption&quot;:&quot;&quot;,&quot;created_timestamp&quot;:&quot;0&quot;,&quot;copyright&quot;:&quot;&quot;,&quot;focal_length&quot;:&quot;0&quot;,&quot;iso&quot;:&quot;0&quot;,&quot;shutter_speed&quot;:&quot;0&quot;,&quot;title&quot;:&quot;&quot;,&quot;orientation&quot;:&quot;0&quot;}\" data-image-title=\"mr\" data-image-description=\"\" data-image-caption=\"\" data-medium-file=\"https:\/\/www.catholic.az\/az\/wp-content\/uploads\/2020\/05\/mr-297x300.png\" data-large-file=\"https:\/\/www.catholic.az\/az\/wp-content\/uploads\/2020\/05\/mr.png\" class=\"size-thumbnail wp-image-2508 aligncenter\" src=\"https:\/\/www.catholic.az\/az\/wp-content\/uploads\/2020\/05\/mr-150x150.png\" alt=\"\" width=\"150\" height=\"150\" srcset=\"https:\/\/www.catholic.az\/az\/wp-content\/uploads\/2020\/05\/mr-150x150.png 150w, https:\/\/www.catholic.az\/az\/wp-content\/uploads\/2020\/05\/mr.png 303w, https:\/\/www.catholic.az\/az\/wp-content\/uploads\/2020\/05\/mr-75x75.png 75w\" sizes=\"auto, (max-width: 150px) 100vw, 150px\" \/><\/a>(: M\u00fcq\u04d9dd\u04d9s Ruh g\u04d9l, h\u00fczurunda olmaq<br \/>\n\u0130st\u04d9yir\u04d9m, doldur izz\u04d9tinl\u04d9 v\u04d9 m\u04d9nd\u04d9 ya\u015fa:)<br \/>\n(: S\u04d9n h\u04d9yat suyusan, \u0259b\u04d9di m\u04d9nb\u04d9ys\u04d9n<br \/>\nT\u04d9s\u04d9lli ver\u04d9ns\u04d9n, arxanca apar m\u04d9ni:)<\/p>\n<p style=\"text-align: center;\">+++<\/p>\n<p style=\"text-align: center;\">1.M\u00fcq\u0259dd\u0259s Ruh, toxun m\u0259n\u0259,<br \/>\nToxun \u015f\u0259fa ver\u0259n \u0259ll\u0259rinl\u0259.<br \/>\nA\u011fu\u015funa al m\u00f6hk\u0259m m\u0259ni,<br \/>\nBas ba\u011fr\u0131na, p\u0131\u00e7\u0131lda qula\u011f\u0131ma.<br \/>\n<strong>N:(: Sevir\u0259m, sevir\u0259m, sevir\u0259m S\u0259ni:)<\/strong><br \/>\n<strong>Sevir\u0259m! Dolmaq ist\u0259yir\u0259m<\/strong><br \/>\n<strong>S\u0259ninl\u0259,duymaq ist\u0259yir\u0259m S\u0259ni m\u0259n.<\/strong><br \/>\n2. M\u00fcq\u0259dd\u0259s Ruh, doldur m\u0259ni,<br \/>\nDoldur nurunla, s\u0131nm\u0131\u015f q\u0259lbimi.<br \/>\nYeni n\u0259\u011fm\u0259l\u0259r qoy doda\u011f\u0131ma<br \/>\nS\u0259n\u0259 h\u0259r zaman oxuyum sevincl\u0259.<\/p>\n<p style=\"text-align: center;\">+++<\/p>\n<p style=\"text-align: left;\"><a href=\"https:\/\/www.catholic.az\/az\/wp-content\/uploads\/2020\/05\/c8edac93d3b1468309981fba49321f87.jpg\"><img loading=\"lazy\" decoding=\"async\" data-attachment-id=\"2509\" data-permalink=\"https:\/\/www.catholic.az\/az\/muqeddesruh\/c8edac93d3b1468309981fba49321f87\/\" data-orig-file=\"https:\/\/www.catholic.az\/az\/wp-content\/uploads\/2020\/05\/c8edac93d3b1468309981fba49321f87.jpg\" data-orig-size=\"276,476\" data-comments-opened=\"0\" data-image-meta=\"{&quot;aperture&quot;:&quot;0&quot;,&quot;credit&quot;:&quot;&quot;,&quot;camera&quot;:&quot;&quot;,&quot;caption&quot;:&quot;&quot;,&quot;created_timestamp&quot;:&quot;0&quot;,&quot;copyright&quot;:&quot;&quot;,&quot;focal_length&quot;:&quot;0&quot;,&quot;iso&quot;:&quot;0&quot;,&quot;shutter_speed&quot;:&quot;0&quot;,&quot;title&quot;:&quot;&quot;,&quot;orientation&quot;:&quot;0&quot;}\" data-image-title=\"c8edac93d3b1468309981fba49321f87\" data-image-description=\"\" data-image-caption=\"\" data-medium-file=\"https:\/\/www.catholic.az\/az\/wp-content\/uploads\/2020\/05\/c8edac93d3b1468309981fba49321f87-174x300.jpg\" data-large-file=\"https:\/\/www.catholic.az\/az\/wp-content\/uploads\/2020\/05\/c8edac93d3b1468309981fba49321f87.jpg\" class=\"alignleft wp-image-2509\" src=\"https:\/\/www.catholic.az\/az\/wp-content\/uploads\/2020\/05\/c8edac93d3b1468309981fba49321f87.jpg\" alt=\"\" width=\"396\" height=\"683\" srcset=\"https:\/\/www.catholic.az\/az\/wp-content\/uploads\/2020\/05\/c8edac93d3b1468309981fba49321f87.jpg 276w, https:\/\/www.catholic.az\/az\/wp-content\/uploads\/2020\/05\/c8edac93d3b1468309981fba49321f87-174x300.jpg 174w\" sizes=\"auto, (max-width: 396px) 100vw, 396px\" \/><\/a><span style=\"color: #000080;\">G\u0259l, Yaradan M\u00fcq\u0259dd\u0259s Ruh! <\/span><br \/>\n<span style=\"color: #000080;\">G\u0259l! Sadiql\u0259rin\u0259 ba\u015f \u00e7\u0259k!<\/span><br \/>\n<span style=\"color: #000080;\">M\u00fcdriklikl\u0259 yaratd\u0131\u011f\u0131n q\u0259lbl\u0259rimizi<\/span><br \/>\n<span style=\"color: #000080;\">l\u00fctf\u00fcnl\u0259 bol et!<\/span><\/p>\n<p style=\"text-align: left;\"><span style=\"color: #000080;\">T\u0259s\u0259lli ver\u0259n S\u0259ns\u0259n!<\/span><br \/>\n<span style=\"color: #000080;\">G\u00f6yd\u0259n en\u0259n R\u0259bbimin \u0259nam\u0131san.<\/span><br \/>\n<span style=\"color: #000080;\">H\u0259yat\u0131n m\u0259nb\u0259yi, alovlu m\u0259h\u0259bb\u0259t <\/span><br \/>\n<span style=\"color: #000080;\">v\u0259 ruhani m\u0259lh\u0259mi S\u0259ns\u0259n.<\/span><\/p>\n<p style=\"text-align: left;\"><span style=\"color: #000080;\">S\u0259n \u0259namlar\u0131n bollu\u011fusan.<\/span><br \/>\n<span style=\"color: #000080;\">Uca R\u0259bbin yarad\u0131l\u0131\u015f barma\u011f\u0131san.<\/span><br \/>\n<span style=\"color: #000080;\">Atan\u0131n v\u0259di S\u0259ns\u0259n,<\/span><br \/>\n<span style=\"color: #000080;\">R\u0259bbin K\u0259lam\u0131n\u0131 \u00e7atd\u0131ransan.<\/span><\/p>\n<p style=\"text-align: left;\"><span style=\"color: #000080;\">Bizi nurland\u0131r! Ruhumuzu g\u00fccl\u0259ndir!<\/span><br \/>\n<span style=\"color: #000080;\">\u00dcr\u0259kl\u0259rimiz\u0259 alovlu m\u0259h\u0259bb\u0259tini t\u00f6k!<\/span><br \/>\n<span style=\"color: #000080;\">B\u0259d\u0259nimiz z\u0259if olanda<\/span><br \/>\n<span style=\"color: #000080;\">onu l\u00fctf\u00fcn\u00fcn g\u00fcc\u00fc il\u0259 ruhland\u0131r.<\/span><\/p>\n<p style=\"text-align: left;\"><span style=\"color: #000080;\">Bizi d\u00fc\u015fm\u0259nl\u0259rd\u0259n qoru,<\/span><br \/>\n<span style=\"color: #000080;\">s\u00fclh\u00fcn\u00fc \u00fcst\u00fcm\u00fczd\u0259n he\u00e7 vaxt \u0259sirg\u0259m\u0259! <\/span><br \/>\n<span style=\"color: #000080;\">S\u0259nin irad\u0259n alt\u0131nda ik\u0259n<\/span><br \/>\n<span style=\"color: #000080;\">B\u00fct\u00fcn pis t\u0259sirl\u0259rd\u0259n azad oluruq.<\/span><\/p>\n<p style=\"text-align: left;\"><span style=\"color: #000080;\">Atan\u0131 tan\u0131ma\u011f\u0131 biz\u0259 \u00f6yr\u0259t,<\/span><br \/>\n<span style=\"color: #000080;\">O\u011flunu nec\u0259 sevm\u0259yi biz\u0259 \u00f6yr\u0259t,<\/span><br \/>\n<span style=\"color: #000080;\">Ey Allah\u0131n Ruhu, qoy S\u0259n\u0259,<\/span><br \/>\n<span style=\"color: #000080;\">\u0130\u00e7d\u0259n g\u00fcv\u0259n\u0259r\u0259k iman ed\u0259k. <\/span><\/p>\n<p style=\"text-align: left;\"><span style=\"color: #000080;\">Amin.<\/span><\/p>\n","protected":false},"excerpt":{"rendered":"<p>G\u0259l, ey M\u00fcq\u0259dd\u0259s Ruh G\u00f6nd\u0259r sonsuz i\u015f\u0131\u011f\u0131n, s\u0259mavi \u015f\u00fcas\u0131n\u0131. G\u0259l, ey yetiml\u0259r Atas\u0131. G\u0259l, ey nem\u0259tl\u0259r qayna\u011f\u0131. G\u0259l, ey q\u0259lbin nuru. S\u0259n ger\u00e7\u0259k t\u0259s\u0259lli\u00e7i, S\u0259n s\u0259xav\u0259tli q\u0259lbl\u0259rin, Nurlu Qona\u011f\u0131 varsan, [&hellip;]<\/p>\n","protected":false},"author":1,"featured_media":0,"parent":0,"menu_order":0,"comment_status":"closed","ping_status":"closed","template":"","meta":{"jetpack_post_was_ever_published":false,"footnotes":""},"class_list":["post-2504","page","type-page","status-publish","hentry"],"jetpack_sharing_enabled":true,"jetpack_shortlink":"https:\/\/wp.me\/P2X63J-Eo","_links":{"self":[{"href":"https:\/\/www.catholic.az\/az\/wp-json\/wp\/v2\/pages\/2504","targetHints":{"allow":["GET"]}}],"collection":[{"href":"https:\/\/www.catholic.az\/az\/wp-json\/wp\/v2\/pages"}],"about":[{"href":"https:\/\/www.catholic.az\/az\/wp-json\/wp\/v2\/types\/page"}],"author":[{"embeddable":true,"href":"https:\/\/www.catholic.az\/az\/wp-json\/wp\/v2\/users\/1"}],"replies":[{"embeddable":true,"href":"https:\/\/www.catholic.az\/az\/wp-json\/wp\/v2\/comments?post=2504"}],"version-history":[{"count":5,"href":"https:\/\/www.catholic.az\/az\/wp-json\/wp\/v2\/pages\/2504\/revisions"}],"predecessor-version":[{"id":2512,"href":"https:\/\/www.catholic.az\/az\/wp-json\/wp\/v2\/pages\/2504\/revisions\/2512"}],"wp:attachment":[{"href":"https:\/\/www.catholic.az\/az\/wp-json\/wp\/v2\/media?parent=2504"}],"curies":[{"name":"wp","href":"https:\/\/api.w.org\/{rel}","templated":true}]}}