{"id":2516,"date":"2020-05-30T12:51:50","date_gmt":"2020-05-30T08:51:50","guid":{"rendered":"http:\/\/www.catholic.az\/az\/?page_id=2516"},"modified":"2021-07-26T23:21:18","modified_gmt":"2021-07-26T19:21:18","slug":"oxunuslar","status":"publish","type":"page","link":"https:\/\/www.catholic.az\/az\/prayers\/oxunuslar\/","title":{"rendered":"S\u00f6z Liturgiyas\u0131 (Messadak\u0131 oxunu\u015flar \/\u00a0Lekcionar)"},"content":{"rendered":"<p><a href=\"https:\/\/www.catholic.az\/az\/wp-content\/uploads\/2020\/05\/Liturgy-az-smaller.png\"><img loading=\"lazy\" decoding=\"async\" data-attachment-id=\"2523\" data-permalink=\"https:\/\/www.catholic.az\/az\/prayers\/oxunuslar\/liturgy-az-smaller\/\" data-orig-file=\"https:\/\/www.catholic.az\/az\/wp-content\/uploads\/2020\/05\/Liturgy-az-smaller.png\" data-orig-size=\"1000,997\" data-comments-opened=\"0\" data-image-meta=\"{&quot;aperture&quot;:&quot;0&quot;,&quot;credit&quot;:&quot;&quot;,&quot;camera&quot;:&quot;&quot;,&quot;caption&quot;:&quot;&quot;,&quot;created_timestamp&quot;:&quot;0&quot;,&quot;copyright&quot;:&quot;&quot;,&quot;focal_length&quot;:&quot;0&quot;,&quot;iso&quot;:&quot;0&quot;,&quot;shutter_speed&quot;:&quot;0&quot;,&quot;title&quot;:&quot;&quot;,&quot;orientation&quot;:&quot;0&quot;}\" data-image-title=\"Liturgy-az-smaller\" data-image-description=\"\" data-image-caption=\"\" data-medium-file=\"https:\/\/www.catholic.az\/az\/wp-content\/uploads\/2020\/05\/Liturgy-az-smaller-300x300.png\" data-large-file=\"https:\/\/www.catholic.az\/az\/wp-content\/uploads\/2020\/05\/Liturgy-az-smaller.png\" class=\"alignleft wp-image-2523 size-medium\" src=\"https:\/\/www.catholic.az\/az\/wp-content\/uploads\/2020\/05\/Liturgy-az-smaller-300x300.png\" alt=\"\" width=\"300\" height=\"300\" srcset=\"https:\/\/www.catholic.az\/az\/wp-content\/uploads\/2020\/05\/Liturgy-az-smaller-300x300.png 300w, https:\/\/www.catholic.az\/az\/wp-content\/uploads\/2020\/05\/Liturgy-az-smaller-150x150.png 150w, https:\/\/www.catholic.az\/az\/wp-content\/uploads\/2020\/05\/Liturgy-az-smaller-768x766.png 768w, https:\/\/www.catholic.az\/az\/wp-content\/uploads\/2020\/05\/Liturgy-az-smaller-75x75.png 75w, https:\/\/www.catholic.az\/az\/wp-content\/uploads\/2020\/05\/Liturgy-az-smaller.png 1000w\" sizes=\"auto, (max-width: 300px) 100vw, 300px\" \/><\/a>Kils\u0259d\u0259 x\u00fcsusil\u0259 bir liturgiya c\u0259dv\u0259li istifad\u0259 olunur.<br \/>\n(Liturgiya = R\u0259bb-Allah\u0131n izz\u0259tl\u0259nm\u0259sidir).<\/p>\n<p>O c\u0259dv\u0259ld\u0259 Bibliyan\u0131n oxunu\u015flar\u0131 var v\u0259 m\u00f6minl\u0259r kils\u0259d\u0259 dualarda i\u015ftirak ed\u0259nd\u0259, dem\u0259k olar ki, 3 il \u0259rzind\u0259 b\u00fct\u00fcn Bibliyan\u0131n kitablar\u0131n\u0131 e\u015fid\u0259 bil\u0259r. \u0130manl\u0131lar Allah\u0131n K\u0259lam\u0131n\u0131 e\u015fitsin, oxusun, d\u0259rk edib \u00fcr\u0259kl\u0259rind\u0259 saxlas\u0131n v\u0259 R\u0259bbin K\u0259lam\u0131na uy\u011fun \u015f\u0259kild\u0259 ya\u015fas\u0131n.<\/p>\n<p>m\u0259s\u0259l\u0259n T\u00fcrk dilind\u0259 buna aid olan bir s\u0259hif\u0259 var: <a href=\"https:\/\/herguneincil.org\/TR\/gospel\">https:\/\/herguneincil.org\/TR\/gospel<\/a><\/p>\n<p>(az\u0259rbaycan dilind\u0259 olan\u0131 haz\u0131rlay\u0131r\u0131q)<\/p>\n<p>&nbsp;<\/p>\n<p>&nbsp;<\/p>\n<p>&nbsp;<\/p>\n<p>&nbsp;<\/p>\n<p><a href=\"http:\/\/www.catholic.az\/download\/lekcionar-adi-rebb.pdf\"><img loading=\"lazy\" decoding=\"async\" data-attachment-id=\"2519\" data-permalink=\"https:\/\/www.catholic.az\/az\/prayers\/oxunuslar\/lekcionar-adi-rebb\/\" data-orig-file=\"https:\/\/www.catholic.az\/az\/wp-content\/uploads\/2020\/05\/lekcionar-adi-rebb.jpg\" data-orig-size=\"509,720\" data-comments-opened=\"0\" data-image-meta=\"{&quot;aperture&quot;:&quot;0&quot;,&quot;credit&quot;:&quot;&quot;,&quot;camera&quot;:&quot;&quot;,&quot;caption&quot;:&quot;&quot;,&quot;created_timestamp&quot;:&quot;0&quot;,&quot;copyright&quot;:&quot;&quot;,&quot;focal_length&quot;:&quot;0&quot;,&quot;iso&quot;:&quot;0&quot;,&quot;shutter_speed&quot;:&quot;0&quot;,&quot;title&quot;:&quot;&quot;,&quot;orientation&quot;:&quot;0&quot;}\" data-image-title=\"lekcionar-adi-rebb\" data-image-description=\"\" data-image-caption=\"\" data-medium-file=\"https:\/\/www.catholic.az\/az\/wp-content\/uploads\/2020\/05\/lekcionar-adi-rebb-212x300.jpg\" data-large-file=\"https:\/\/www.catholic.az\/az\/wp-content\/uploads\/2020\/05\/lekcionar-adi-rebb.jpg\" class=\"alignleft wp-image-2519 size-medium\" src=\"https:\/\/www.catholic.az\/az\/wp-content\/uploads\/2020\/05\/lekcionar-adi-rebb-212x300.jpg\" alt=\"\" width=\"212\" height=\"300\" srcset=\"https:\/\/www.catholic.az\/az\/wp-content\/uploads\/2020\/05\/lekcionar-adi-rebb-212x300.jpg 212w, https:\/\/www.catholic.az\/az\/wp-content\/uploads\/2020\/05\/lekcionar-adi-rebb.jpg 509w\" sizes=\"auto, (max-width: 212px) 100vw, 212px\" \/><\/a><a href=\"http:\/\/www.catholic.az\/download\/lekcionar-rebb-bayram.pdf\"><img loading=\"lazy\" decoding=\"async\" data-attachment-id=\"2521\" data-permalink=\"https:\/\/www.catholic.az\/az\/prayers\/oxunuslar\/lekcionar-rebb-bayram\/\" data-orig-file=\"https:\/\/www.catholic.az\/az\/wp-content\/uploads\/2020\/05\/lekcionar-rebb-bayram.jpg\" data-orig-size=\"509,720\" data-comments-opened=\"0\" data-image-meta=\"{&quot;aperture&quot;:&quot;0&quot;,&quot;credit&quot;:&quot;&quot;,&quot;camera&quot;:&quot;&quot;,&quot;caption&quot;:&quot;&quot;,&quot;created_timestamp&quot;:&quot;0&quot;,&quot;copyright&quot;:&quot;&quot;,&quot;focal_length&quot;:&quot;0&quot;,&quot;iso&quot;:&quot;0&quot;,&quot;shutter_speed&quot;:&quot;0&quot;,&quot;title&quot;:&quot;&quot;,&quot;orientation&quot;:&quot;0&quot;}\" data-image-title=\"lekcionar-rebb-bayram\" data-image-description=\"\" data-image-caption=\"\" data-medium-file=\"https:\/\/www.catholic.az\/az\/wp-content\/uploads\/2020\/05\/lekcionar-rebb-bayram-212x300.jpg\" data-large-file=\"https:\/\/www.catholic.az\/az\/wp-content\/uploads\/2020\/05\/lekcionar-rebb-bayram.jpg\" class=\"alignleft wp-image-2521 size-medium\" title=\"https:\/\/www.catholic.az\/download\/lekcionar-rebb-bayram.pdf\" src=\"https:\/\/www.catholic.az\/az\/wp-content\/uploads\/2020\/05\/lekcionar-rebb-bayram-212x300.jpg\" alt=\"\" width=\"212\" height=\"300\" srcset=\"https:\/\/www.catholic.az\/az\/wp-content\/uploads\/2020\/05\/lekcionar-rebb-bayram-212x300.jpg 212w, https:\/\/www.catholic.az\/az\/wp-content\/uploads\/2020\/05\/lekcionar-rebb-bayram.jpg 509w\" sizes=\"auto, (max-width: 212px) 100vw, 212px\" \/><\/a><\/p>\n<p><a href=\"http:\/\/www.catholic.az\/download\/lekcionar-adi.pdf\"><img loading=\"lazy\" decoding=\"async\" data-attachment-id=\"2636\" data-permalink=\"https:\/\/www.catholic.az\/az\/prayers\/oxunuslar\/cover\/\" data-orig-file=\"https:\/\/www.catholic.az\/az\/wp-content\/uploads\/2020\/07\/cover.jpg\" data-orig-size=\"592,834\" data-comments-opened=\"0\" data-image-meta=\"{&quot;aperture&quot;:&quot;0&quot;,&quot;credit&quot;:&quot;&quot;,&quot;camera&quot;:&quot;&quot;,&quot;caption&quot;:&quot;&quot;,&quot;created_timestamp&quot;:&quot;0&quot;,&quot;copyright&quot;:&quot;&quot;,&quot;focal_length&quot;:&quot;0&quot;,&quot;iso&quot;:&quot;0&quot;,&quot;shutter_speed&quot;:&quot;0&quot;,&quot;title&quot;:&quot;&quot;,&quot;orientation&quot;:&quot;1&quot;}\" data-image-title=\"cover\" data-image-description=\"\" data-image-caption=\"\" data-medium-file=\"https:\/\/www.catholic.az\/az\/wp-content\/uploads\/2020\/07\/cover-213x300.jpg\" data-large-file=\"https:\/\/www.catholic.az\/az\/wp-content\/uploads\/2020\/07\/cover.jpg\" class=\"wp-image-2636 size-medium alignleft\" src=\"https:\/\/www.catholic.az\/az\/wp-content\/uploads\/2020\/07\/cover-213x300.jpg\" alt=\"\" width=\"213\" height=\"300\" srcset=\"https:\/\/www.catholic.az\/az\/wp-content\/uploads\/2020\/07\/cover-213x300.jpg 213w, https:\/\/www.catholic.az\/az\/wp-content\/uploads\/2020\/07\/cover.jpg 592w\" sizes=\"auto, (max-width: 213px) 100vw, 213px\" \/><\/a><a href=\"http:\/\/www.catholic.az\/download\/lekcionar-adi-oruc.pdf\"><img loading=\"lazy\" decoding=\"async\" data-attachment-id=\"2517\" data-permalink=\"https:\/\/www.catholic.az\/az\/prayers\/oxunuslar\/lekcionar-adi-oruc\/\" data-orig-file=\"https:\/\/www.catholic.az\/az\/wp-content\/uploads\/2020\/05\/lekcionar-adi-oruc.jpg\" data-orig-size=\"498,706\" data-comments-opened=\"0\" data-image-meta=\"{&quot;aperture&quot;:&quot;0&quot;,&quot;credit&quot;:&quot;&quot;,&quot;camera&quot;:&quot;&quot;,&quot;caption&quot;:&quot;&quot;,&quot;created_timestamp&quot;:&quot;0&quot;,&quot;copyright&quot;:&quot;&quot;,&quot;focal_length&quot;:&quot;0&quot;,&quot;iso&quot;:&quot;0&quot;,&quot;shutter_speed&quot;:&quot;0&quot;,&quot;title&quot;:&quot;&quot;,&quot;orientation&quot;:&quot;0&quot;}\" data-image-title=\"lekcionar-adi-oruc\" data-image-description=\"\" data-image-caption=\"\" data-medium-file=\"https:\/\/www.catholic.az\/az\/wp-content\/uploads\/2020\/05\/lekcionar-adi-oruc-212x300.jpg\" data-large-file=\"https:\/\/www.catholic.az\/az\/wp-content\/uploads\/2020\/05\/lekcionar-adi-oruc.jpg\" class=\"alignleft wp-image-2517 size-medium\" src=\"https:\/\/www.catholic.az\/az\/wp-content\/uploads\/2020\/05\/lekcionar-adi-oruc-212x300.jpg\" alt=\"\" width=\"212\" height=\"300\" srcset=\"https:\/\/www.catholic.az\/az\/wp-content\/uploads\/2020\/05\/lekcionar-adi-oruc-212x300.jpg 212w, https:\/\/www.catholic.az\/az\/wp-content\/uploads\/2020\/05\/lekcionar-adi-oruc.jpg 498w\" sizes=\"auto, (max-width: 212px) 100vw, 212px\" \/><\/a> <a href=\"http:\/\/www.catholic.az\/download\/lekcionar-rebb-orucpasxa.pdf\"><img loading=\"lazy\" decoding=\"async\" data-attachment-id=\"2522\" data-permalink=\"https:\/\/www.catholic.az\/az\/prayers\/oxunuslar\/lekcionar-rebb-orucpasxa\/\" data-orig-file=\"https:\/\/www.catholic.az\/az\/wp-content\/uploads\/2020\/05\/lekcionar-rebb-orucpasxa.jpg\" data-orig-size=\"570,808\" data-comments-opened=\"0\" data-image-meta=\"{&quot;aperture&quot;:&quot;0&quot;,&quot;credit&quot;:&quot;&quot;,&quot;camera&quot;:&quot;&quot;,&quot;caption&quot;:&quot;&quot;,&quot;created_timestamp&quot;:&quot;0&quot;,&quot;copyright&quot;:&quot;&quot;,&quot;focal_length&quot;:&quot;0&quot;,&quot;iso&quot;:&quot;0&quot;,&quot;shutter_speed&quot;:&quot;0&quot;,&quot;title&quot;:&quot;&quot;,&quot;orientation&quot;:&quot;0&quot;}\" data-image-title=\"lekcionar-rebb-oruc,pasxa\" data-image-description=\"\" data-image-caption=\"\" data-medium-file=\"https:\/\/www.catholic.az\/az\/wp-content\/uploads\/2020\/05\/lekcionar-rebb-orucpasxa-212x300.jpg\" data-large-file=\"https:\/\/www.catholic.az\/az\/wp-content\/uploads\/2020\/05\/lekcionar-rebb-orucpasxa.jpg\" class=\"alignleft wp-image-2522 size-medium\" src=\"https:\/\/www.catholic.az\/az\/wp-content\/uploads\/2020\/05\/lekcionar-rebb-orucpasxa-212x300.jpg\" alt=\"\" width=\"212\" height=\"300\" srcset=\"https:\/\/www.catholic.az\/az\/wp-content\/uploads\/2020\/05\/lekcionar-rebb-orucpasxa-212x300.jpg 212w, https:\/\/www.catholic.az\/az\/wp-content\/uploads\/2020\/05\/lekcionar-rebb-orucpasxa.jpg 570w\" sizes=\"auto, (max-width: 212px) 100vw, 212px\" \/><\/a><a href=\"http:\/\/www.catholic.az\/download\/lekcionar-adi-pasxa.pdf\"><img loading=\"lazy\" decoding=\"async\" data-attachment-id=\"2518\" data-permalink=\"https:\/\/www.catholic.az\/az\/prayers\/oxunuslar\/lekcionar-adi-pasxa\/\" data-orig-file=\"https:\/\/www.catholic.az\/az\/wp-content\/uploads\/2020\/05\/lekcionar-adi-pasxa.jpg\" data-orig-size=\"508,724\" data-comments-opened=\"0\" data-image-meta=\"{&quot;aperture&quot;:&quot;0&quot;,&quot;credit&quot;:&quot;&quot;,&quot;camera&quot;:&quot;&quot;,&quot;caption&quot;:&quot;&quot;,&quot;created_timestamp&quot;:&quot;0&quot;,&quot;copyright&quot;:&quot;&quot;,&quot;focal_length&quot;:&quot;0&quot;,&quot;iso&quot;:&quot;0&quot;,&quot;shutter_speed&quot;:&quot;0&quot;,&quot;title&quot;:&quot;&quot;,&quot;orientation&quot;:&quot;0&quot;}\" data-image-title=\"lekcionar-adi-pasxa\" data-image-description=\"\" data-image-caption=\"\" data-medium-file=\"https:\/\/www.catholic.az\/az\/wp-content\/uploads\/2020\/05\/lekcionar-adi-pasxa-210x300.jpg\" data-large-file=\"https:\/\/www.catholic.az\/az\/wp-content\/uploads\/2020\/05\/lekcionar-adi-pasxa.jpg\" class=\"alignleft wp-image-2518 size-medium\" src=\"https:\/\/www.catholic.az\/az\/wp-content\/uploads\/2020\/05\/lekcionar-adi-pasxa-210x300.jpg\" alt=\"\" width=\"210\" height=\"300\" srcset=\"https:\/\/www.catholic.az\/az\/wp-content\/uploads\/2020\/05\/lekcionar-adi-pasxa-210x300.jpg 210w, https:\/\/www.catholic.az\/az\/wp-content\/uploads\/2020\/05\/lekcionar-adi-pasxa.jpg 508w\" sizes=\"auto, (max-width: 210px) 100vw, 210px\" \/><\/a><\/p>\n<p>&nbsp;<\/p>\n<p><a href=\"http:\/\/www.catholic.az\/download\/lekcionar-all-adventmilad.pdf\"><img loading=\"lazy\" decoding=\"async\" data-attachment-id=\"2520\" data-permalink=\"https:\/\/www.catholic.az\/az\/prayers\/oxunuslar\/lekcionar-all-adventmilad\/\" data-orig-file=\"https:\/\/www.catholic.az\/az\/wp-content\/uploads\/2020\/05\/lekcionar-all-adventmilad.jpg\" data-orig-size=\"507,724\" data-comments-opened=\"0\" data-image-meta=\"{&quot;aperture&quot;:&quot;0&quot;,&quot;credit&quot;:&quot;&quot;,&quot;camera&quot;:&quot;&quot;,&quot;caption&quot;:&quot;&quot;,&quot;created_timestamp&quot;:&quot;0&quot;,&quot;copyright&quot;:&quot;&quot;,&quot;focal_length&quot;:&quot;0&quot;,&quot;iso&quot;:&quot;0&quot;,&quot;shutter_speed&quot;:&quot;0&quot;,&quot;title&quot;:&quot;&quot;,&quot;orientation&quot;:&quot;0&quot;}\" data-image-title=\"lekcionar-all-advent,milad\" data-image-description=\"\" data-image-caption=\"\" data-medium-file=\"https:\/\/www.catholic.az\/az\/wp-content\/uploads\/2020\/05\/lekcionar-all-adventmilad-210x300.jpg\" data-large-file=\"https:\/\/www.catholic.az\/az\/wp-content\/uploads\/2020\/05\/lekcionar-all-adventmilad.jpg\" class=\"alignleft wp-image-2520 size-medium\" src=\"https:\/\/www.catholic.az\/az\/wp-content\/uploads\/2020\/05\/lekcionar-all-adventmilad-210x300.jpg\" alt=\"\" width=\"210\" height=\"300\" srcset=\"https:\/\/www.catholic.az\/az\/wp-content\/uploads\/2020\/05\/lekcionar-all-adventmilad-210x300.jpg 210w, https:\/\/www.catholic.az\/az\/wp-content\/uploads\/2020\/05\/lekcionar-all-adventmilad.jpg 507w\" sizes=\"auto, (max-width: 210px) 100vw, 210px\" \/><\/a><\/p>\n","protected":false},"excerpt":{"rendered":"<p>Kils\u0259d\u0259 x\u00fcsusil\u0259 bir liturgiya c\u0259dv\u0259li istifad\u0259 olunur. (Liturgiya = R\u0259bb-Allah\u0131n izz\u0259tl\u0259nm\u0259sidir). O c\u0259dv\u0259ld\u0259 Bibliyan\u0131n oxunu\u015flar\u0131 var v\u0259 m\u00f6minl\u0259r kils\u0259d\u0259 dualarda i\u015ftirak ed\u0259nd\u0259, dem\u0259k olar ki, 3 il \u0259rzind\u0259 b\u00fct\u00fcn Bibliyan\u0131n [&hellip;]<\/p>\n","protected":false},"author":1,"featured_media":0,"parent":2470,"menu_order":0,"comment_status":"closed","ping_status":"closed","template":"","meta":{"jetpack_post_was_ever_published":false,"footnotes":""},"class_list":["post-2516","page","type-page","status-publish","hentry"],"jetpack_sharing_enabled":true,"jetpack_shortlink":"https:\/\/wp.me\/P2X63J-EA","_links":{"self":[{"href":"https:\/\/www.catholic.az\/az\/wp-json\/wp\/v2\/pages\/2516","targetHints":{"allow":["GET"]}}],"collection":[{"href":"https:\/\/www.catholic.az\/az\/wp-json\/wp\/v2\/pages"}],"about":[{"href":"https:\/\/www.catholic.az\/az\/wp-json\/wp\/v2\/types\/page"}],"author":[{"embeddable":true,"href":"https:\/\/www.catholic.az\/az\/wp-json\/wp\/v2\/users\/1"}],"replies":[{"embeddable":true,"href":"https:\/\/www.catholic.az\/az\/wp-json\/wp\/v2\/comments?post=2516"}],"version-history":[{"count":9,"href":"https:\/\/www.catholic.az\/az\/wp-json\/wp\/v2\/pages\/2516\/revisions"}],"predecessor-version":[{"id":2708,"href":"https:\/\/www.catholic.az\/az\/wp-json\/wp\/v2\/pages\/2516\/revisions\/2708"}],"up":[{"embeddable":true,"href":"https:\/\/www.catholic.az\/az\/wp-json\/wp\/v2\/pages\/2470"}],"wp:attachment":[{"href":"https:\/\/www.catholic.az\/az\/wp-json\/wp\/v2\/media?parent=2516"}],"curies":[{"name":"wp","href":"https:\/\/api.w.org\/{rel}","templated":true}]}}