{"id":2534,"date":"2020-05-30T14:11:05","date_gmt":"2020-05-30T10:11:05","guid":{"rendered":"http:\/\/www.catholic.az\/az\/?page_id=2534"},"modified":"2021-07-26T23:21:39","modified_gmt":"2021-07-26T19:21:39","slug":"sefa","status":"publish","type":"page","link":"https:\/\/www.catholic.az\/az\/prayers\/sefa\/","title":{"rendered":"\u015e\u0259fa duas\u0131"},"content":{"rendered":"<p><a href=\"https:\/\/www.catholic.az\/az\/wp-content\/uploads\/2020\/05\/36c68d779732b9a1b3e854368da0267c.jpg\"><img loading=\"lazy\" decoding=\"async\" data-attachment-id=\"2535\" data-permalink=\"https:\/\/www.catholic.az\/az\/prayers\/sefa\/36c68d779732b9a1b3e854368da0267c\/\" data-orig-file=\"https:\/\/www.catholic.az\/az\/wp-content\/uploads\/2020\/05\/36c68d779732b9a1b3e854368da0267c.jpg\" data-orig-size=\"564,846\" data-comments-opened=\"0\" data-image-meta=\"{&quot;aperture&quot;:&quot;0&quot;,&quot;credit&quot;:&quot;&quot;,&quot;camera&quot;:&quot;&quot;,&quot;caption&quot;:&quot;&quot;,&quot;created_timestamp&quot;:&quot;0&quot;,&quot;copyright&quot;:&quot;&quot;,&quot;focal_length&quot;:&quot;0&quot;,&quot;iso&quot;:&quot;0&quot;,&quot;shutter_speed&quot;:&quot;0&quot;,&quot;title&quot;:&quot;&quot;,&quot;orientation&quot;:&quot;0&quot;}\" data-image-title=\"36c68d779732b9a1b3e854368da0267c\" data-image-description=\"\" data-image-caption=\"\" data-medium-file=\"https:\/\/www.catholic.az\/az\/wp-content\/uploads\/2020\/05\/36c68d779732b9a1b3e854368da0267c-200x300.jpg\" data-large-file=\"https:\/\/www.catholic.az\/az\/wp-content\/uploads\/2020\/05\/36c68d779732b9a1b3e854368da0267c.jpg\" class=\"alignleft  wp-image-2535\" src=\"https:\/\/www.catholic.az\/az\/wp-content\/uploads\/2020\/05\/36c68d779732b9a1b3e854368da0267c-200x300.jpg\" alt=\"\" width=\"317\" height=\"476\" srcset=\"https:\/\/www.catholic.az\/az\/wp-content\/uploads\/2020\/05\/36c68d779732b9a1b3e854368da0267c-200x300.jpg 200w, https:\/\/www.catholic.az\/az\/wp-content\/uploads\/2020\/05\/36c68d779732b9a1b3e854368da0267c.jpg 564w\" sizes=\"auto, (max-width: 317px) 100vw, 317px\" \/><\/a>Uca R\u0259bbim, m\u0259n\u0259 \u015f\u0259fa ver!<br \/>\n\u00dcr\u0259yim\u0259 \u015f\u0259fa ver ki, ancaq \u00f6z\u00fcm \u00fc\u00e7\u00fcn<br \/>\n\u00e7arpmas\u0131n, S\u0259nin Sevginin Ruhuna a\u00e7\u0131ls\u0131n.<br \/>\nDilim\u0259 \u015f\u0259fa ver ki, he\u00e7 kimi incitm\u0259sin,<br \/>\nt\u0259s\u0259lli ver\u0259n s\u00f6zl\u0259r dan\u0131\u015fs\u0131n.<br \/>\nAyaqlar\u0131ma \u015f\u0259fa ver ki, b\u00fcdr\u0259m\u0259sinl\u0259r,<br \/>\nyeni yollarda da sa\u011flam add\u0131mlar ats\u0131nlar.<br \/>\nG\u00f6zl\u0259rim\u0259 \u015f\u0259fa ver ki, ancaq \u00f6n\u00fcn\u0259<br \/>\nbaxmas\u0131n, ba\u015f ver\u0259n hadis\u0259l\u0259rin<br \/>\n\u0259sl m\u0259nas\u0131n\u0131 \u00fcr\u0259yin\u0259 da\u015f\u0131ya bilsin.<br \/>\nQulaqlar\u0131ma \u015f\u0259fa ver ki, ba\u011fl\u0131 qalmas\u0131nlar,<br \/>\nkas\u0131blar\u0131n v\u0259 \u00e7ar\u0259sizl\u0259rin f\u0259ryadlar\u0131n\u0131 e\u015fid\u0259<br \/>\nbilsinl\u0259r. \u018fll\u0259rim\u0259 \u015f\u0259fa ver ki, m\u0259yus oldu\u011fu<br \/>\nzaman qoynumda d\u00fcy\u00fcnl\u0259n\u0259n yumru yox,<br \/>\nyard\u0131m etm\u0259k \u00fc\u00e7\u00fcn ba\u015fqas\u0131na uzanan \u0259ll\u0259r<br \/>\nolsun. Zehnim\u0259 \u015f\u0259fa ver ki, donmas\u0131n,<br \/>\nS\u0259nin s\u00f6zl\u0259rinin izl\u0259yicisi olsun.<br \/>\nM\u0259n\u0259 \u015f\u0259fa ver ki, M\u0259n d\u0259 \u015f\u0259fa ver\u0259 bilim.<br \/>\nAmin.<\/p>\n","protected":false},"excerpt":{"rendered":"<p>Uca R\u0259bbim, m\u0259n\u0259 \u015f\u0259fa ver! \u00dcr\u0259yim\u0259 \u015f\u0259fa ver ki, ancaq \u00f6z\u00fcm \u00fc\u00e7\u00fcn \u00e7arpmas\u0131n, S\u0259nin Sevginin Ruhuna a\u00e7\u0131ls\u0131n. Dilim\u0259 \u015f\u0259fa ver ki, he\u00e7 kimi incitm\u0259sin, t\u0259s\u0259lli ver\u0259n s\u00f6zl\u0259r dan\u0131\u015fs\u0131n. Ayaqlar\u0131ma \u015f\u0259fa [&hellip;]<\/p>\n","protected":false},"author":1,"featured_media":0,"parent":2470,"menu_order":0,"comment_status":"closed","ping_status":"closed","template":"","meta":{"jetpack_post_was_ever_published":false,"footnotes":""},"class_list":["post-2534","page","type-page","status-publish","hentry"],"jetpack_sharing_enabled":true,"jetpack_shortlink":"https:\/\/wp.me\/P2X63J-ES","_links":{"self":[{"href":"https:\/\/www.catholic.az\/az\/wp-json\/wp\/v2\/pages\/2534","targetHints":{"allow":["GET"]}}],"collection":[{"href":"https:\/\/www.catholic.az\/az\/wp-json\/wp\/v2\/pages"}],"about":[{"href":"https:\/\/www.catholic.az\/az\/wp-json\/wp\/v2\/types\/page"}],"author":[{"embeddable":true,"href":"https:\/\/www.catholic.az\/az\/wp-json\/wp\/v2\/users\/1"}],"replies":[{"embeddable":true,"href":"https:\/\/www.catholic.az\/az\/wp-json\/wp\/v2\/comments?post=2534"}],"version-history":[{"count":1,"href":"https:\/\/www.catholic.az\/az\/wp-json\/wp\/v2\/pages\/2534\/revisions"}],"predecessor-version":[{"id":2536,"href":"https:\/\/www.catholic.az\/az\/wp-json\/wp\/v2\/pages\/2534\/revisions\/2536"}],"up":[{"embeddable":true,"href":"https:\/\/www.catholic.az\/az\/wp-json\/wp\/v2\/pages\/2470"}],"wp:attachment":[{"href":"https:\/\/www.catholic.az\/az\/wp-json\/wp\/v2\/media?parent=2534"}],"curies":[{"name":"wp","href":"https:\/\/api.w.org\/{rel}","templated":true}]}}