{"id":2902,"date":"2021-07-28T12:10:45","date_gmt":"2021-07-28T08:10:45","guid":{"rendered":"https:\/\/www.catholic.az\/az\/?page_id=2902"},"modified":"2026-01-11T23:41:30","modified_gmt":"2026-01-11T19:41:30","slug":"services","status":"publish","type":"page","link":"https:\/\/www.catholic.az\/az\/services\/","title":{"rendered":"\u0130BAD\u018fTL\u018fR"},"content":{"rendered":"<h4>M\u00fcq\u0259dd\u0259s Bakir\u0259 M\u0259ry\u0259m prixodu (X\u0259tai)<\/h4>\n<p>+994-51-701-9691\u00a0 (whatsapp-a yaz\u0131n)<\/p>\n<table>\n<tbody>\n<tr>\n<td width=\"160\">\u00c7\u0259r\u015f\u0259nb\u0259 ax\u015fam\u0131<\/td>\n<td width=\"397\">12:45 rus dilind\u0259<\/td>\n<\/tr>\n<tr>\n<td width=\"160\">\u00c7\u0259r\u015f\u0259nb\u0259<\/td>\n<td width=\"397\">12:45 rus dilind\u0259, 19:00 az\u0259rbaycan dilind\u0259<br \/>\n18:00 M\u00fcq\u0259dd\u0259s \u018fnamlara S\u0259cd\u0259 Ayini az\u0259rbaycan dilind\u0259<\/td>\n<\/tr>\n<tr>\n<td width=\"160\">C\u00fcm\u0259 ax\u015fam\u0131<\/td>\n<td width=\"397\">18:30 M\u00fcq\u0259dd\u0259s \u018fnamlara S\u0259cd\u0259 Ayini rus dilind\u0259 19:00 rus dilind\u0259<\/td>\n<\/tr>\n<tr>\n<td width=\"160\">C\u00fcm\u0259<\/td>\n<td width=\"397\">17:30 rus dilind\u0259<\/td>\n<\/tr>\n<tr>\n<td width=\"160\">\u015e\u0259nb\u0259<\/td>\n<td width=\"397\">18:00 ingilis dilind\u0259 (R\u0259bb G\u00fcn\u00fc \u018fr\u0259f\u0259si Messas\u0131)<\/td>\n<\/tr>\n<tr>\n<td width=\"160\">Bazar<\/td>\n<td width=\"397\">07:00 v\u0259v 11:00 ingilis dilind\u0259,<br \/>\n13:00 rus dilind\u0259,<br \/>\n15:00 az\u0259rbaycan dilind\u0259<\/td>\n<\/tr>\n<\/tbody>\n<\/table>\n<h4>M\u00fcq\u0259dd\u0259s II \u0130oann Pavel prixodu (G\u0259nclik)<\/h4>\n<table style=\"height: 271px;\" width=\"572\">\n<tbody>\n<tr>\n<td width=\"151\"><strong>Bazar ert\u0259si<\/strong><\/td>\n<td width=\"472\">19:00 &#8211; M\u00fcq\u0259dd\u0259s Messa az\u0259rbaycan dilind\u0259<\/td>\n<\/tr>\n<tr>\n<td width=\"151\"><strong>\u00c7\u0259r\u015f\u0259nb\u0259 ax\u015fam\u0131<\/strong><\/td>\n<td width=\"472\">19:00 az\u0259rbaycan dilind\u0259<\/td>\n<\/tr>\n<tr>\n<td width=\"151\"><strong>\u00c7\u0259r\u015f\u0259nb\u0259<\/strong><\/td>\n<td width=\"472\">18:00 M\u00fcq\u0259dd\u0259s \u018fnamlara S\u0259cd\u0259 Ayini<br \/>\n19:00 az\u0259rbaycan dilind\u0259<\/td>\n<\/tr>\n<tr>\n<td width=\"151\"><strong>C\u00fcm\u0259<\/strong><\/td>\n<td width=\"472\">18:00 M\u00fcq\u0259dd\u0259s \u018fnamlara S\u0259cd\u0259 Ayini<\/p>\n<p>19:00 \u2013 M\u00fcq\u0259dd\u0259s Messa az\u0259rbaycan dilind\u0259.<\/td>\n<\/tr>\n<tr>\n<td width=\"151\"><strong>\u015e\u0259nb\u0259<\/strong><\/td>\n<td width=\"472\">19:00 lat\u0131n dilind\u0259 (R\u0259bb G\u00fcn\u00fc \u018fr\u0259f\u0259si Messas\u0131)<\/td>\n<\/tr>\n<tr>\n<td width=\"151\"><strong>Bazar\u00a0<\/strong><strong>(R\u0259bbin G\u00fcn\u00fc)<\/strong><\/td>\n<td width=\"472\">11:00 v\u0259 19:00 rus dilind\u0259, 12:30 az\u0259rbaycan dilind\u0259<\/td>\n<\/tr>\n<\/tbody>\n<\/table>\n<p>\u018flaq\u0259 n\u00f6mr\u0259si: +994 50 443 90 25<\/p>\n<p>Sual-cavab \u00fc\u00e7\u00fcn \u0259laq\u0259 n\u00f6mr\u0259si (az\u0259rbaycan dilind\u0259) +994 51 831 83 98<\/p>\n<p>&nbsp;<\/p>\n<p>&nbsp;<\/p>\n","protected":false},"excerpt":{"rendered":"<p>M\u00fcq\u0259dd\u0259s Bakir\u0259 M\u0259ry\u0259m prixodu (X\u0259tai) +994-51-701-9691\u00a0 (whatsapp-a yaz\u0131n) \u00c7\u0259r\u015f\u0259nb\u0259 ax\u015fam\u0131 12:45 rus dilind\u0259 \u00c7\u0259r\u015f\u0259nb\u0259 12:45 rus dilind\u0259, 19:00 az\u0259rbaycan dilind\u0259 18:00 M\u00fcq\u0259dd\u0259s \u018fnamlara S\u0259cd\u0259 Ayini az\u0259rbaycan dilind\u0259 C\u00fcm\u0259 ax\u015fam\u0131 18:30 [&hellip;]<\/p>\n","protected":false},"author":2,"featured_media":3987,"parent":0,"menu_order":0,"comment_status":"closed","ping_status":"closed","template":"","meta":{"jetpack_post_was_ever_published":false,"footnotes":""},"class_list":["post-2902","page","type-page","status-publish","has-post-thumbnail","hentry"],"jetpack_sharing_enabled":true,"jetpack_shortlink":"https:\/\/wp.me\/P2X63J-KO","_links":{"self":[{"href":"https:\/\/www.catholic.az\/az\/wp-json\/wp\/v2\/pages\/2902","targetHints":{"allow":["GET"]}}],"collection":[{"href":"https:\/\/www.catholic.az\/az\/wp-json\/wp\/v2\/pages"}],"about":[{"href":"https:\/\/www.catholic.az\/az\/wp-json\/wp\/v2\/types\/page"}],"author":[{"embeddable":true,"href":"https:\/\/www.catholic.az\/az\/wp-json\/wp\/v2\/users\/2"}],"replies":[{"embeddable":true,"href":"https:\/\/www.catholic.az\/az\/wp-json\/wp\/v2\/comments?post=2902"}],"version-history":[{"count":27,"href":"https:\/\/www.catholic.az\/az\/wp-json\/wp\/v2\/pages\/2902\/revisions"}],"predecessor-version":[{"id":5461,"href":"https:\/\/www.catholic.az\/az\/wp-json\/wp\/v2\/pages\/2902\/revisions\/5461"}],"wp:featuredmedia":[{"embeddable":true,"href":"https:\/\/www.catholic.az\/az\/wp-json\/wp\/v2\/media\/3987"}],"wp:attachment":[{"href":"https:\/\/www.catholic.az\/az\/wp-json\/wp\/v2\/media?parent=2902"}],"curies":[{"name":"wp","href":"https:\/\/api.w.org\/{rel}","templated":true}]}}