{"id":2910,"date":"2021-07-28T12:27:15","date_gmt":"2021-07-28T08:27:15","guid":{"rendered":"https:\/\/www.catholic.az\/az\/?page_id=2910"},"modified":"2021-08-16T21:16:12","modified_gmt":"2021-08-16T17:16:12","slug":"ap","status":"publish","type":"page","link":"https:\/\/www.catholic.az\/az\/ap\/","title":{"rendered":"KATOL\u0130K K\u0130LS\u018fS\u0130N\u0130N AZ\u018fRBAYCANDA APOSTOL PREFEKTURASI"},"content":{"rendered":"<h3><strong><em>\u201cApostol Prefekturas\u0131\u201d n\u0259dir?<\/em><\/strong><\/h3>\n<p>Apostol Prefekturas\u0131 (lat. Praefectura Apostolica) &#8211;\u00a0 Roma Katolik Kils\u0259sind\u0259 yeparxiyaya b\u0259rab\u0259r hesab edil\u0259n \u0259razi vahididir. S\u00f6z\u00fcged\u0259n m\u00fcv\u0259qq\u0259ti struktur sui iuris (\u201c\u00f6z\u0259l h\u00fcquqlu\u201d) statusuna malikdir v\u0259 \u00f6z f\u0259aliyy\u0259tini yeparxiya h\u00fcquqlar\u0131 v\u0259 s\u0259lahiyy\u0259tl\u0259rin\u0259 \u0259saslanaraq h\u0259yata ke\u00e7irir. Apostol Prefekturas\u0131n\u0131n r\u0259hb\u0259ri (ordinarisi) t\u0259yin edildiyi andan Apostol prefekti adland\u0131r\u0131l\u0131r.<\/p>\n<p>Az\u0259rbaycan Respublikas\u0131nda Katolik kils\u0259sinin Apostol prefekti Munisipin titulyar yepiskopu, <strong>Vladimir Fekete<\/strong> h\u0259zr\u0259tl\u0259ridir.<\/p>\n<h3><strong><em>Az\u0259rbaycan\u0131n Apostol prefekturas\u0131n\u0131n gerbin\u0259 dair a\u00e7\u0131qlama<\/em><\/strong><\/h3>\n<p>&nbsp;<\/p>\n<p>Az\u0259rbaycan\u0131<a href=\"https:\/\/www.catholic.az\/az\/wp-content\/uploads\/2021\/08\/cropped-APA-logo-1.png\"><img loading=\"lazy\" decoding=\"async\" data-attachment-id=\"2966\" data-permalink=\"https:\/\/www.catholic.az\/az\/ap\/cropped-apa-logo-1\/\" data-orig-file=\"https:\/\/www.catholic.az\/az\/wp-content\/uploads\/2021\/08\/cropped-APA-logo-1.png\" data-orig-size=\"500,354\" data-comments-opened=\"0\" data-image-meta=\"{&quot;aperture&quot;:&quot;0&quot;,&quot;credit&quot;:&quot;&quot;,&quot;camera&quot;:&quot;&quot;,&quot;caption&quot;:&quot;&quot;,&quot;created_timestamp&quot;:&quot;0&quot;,&quot;copyright&quot;:&quot;&quot;,&quot;focal_length&quot;:&quot;0&quot;,&quot;iso&quot;:&quot;0&quot;,&quot;shutter_speed&quot;:&quot;0&quot;,&quot;title&quot;:&quot;&quot;,&quot;orientation&quot;:&quot;0&quot;}\" data-image-title=\"cropped-APA-logo-1\" data-image-description=\"\" data-image-caption=\"\" data-medium-file=\"https:\/\/www.catholic.az\/az\/wp-content\/uploads\/2021\/08\/cropped-APA-logo-1-300x212.png\" data-large-file=\"https:\/\/www.catholic.az\/az\/wp-content\/uploads\/2021\/08\/cropped-APA-logo-1.png\" class=\"size-medium wp-image-2966 alignright\" src=\"https:\/\/www.catholic.az\/az\/wp-content\/uploads\/2021\/08\/cropped-APA-logo-1-300x212.png\" alt=\"\" width=\"300\" height=\"212\" srcset=\"https:\/\/www.catholic.az\/az\/wp-content\/uploads\/2021\/08\/cropped-APA-logo-1-300x212.png 300w, https:\/\/www.catholic.az\/az\/wp-content\/uploads\/2021\/08\/cropped-APA-logo-1.png 500w\" sizes=\"auto, (max-width: 300px) 100vw, 300px\" \/><\/a>n Apostol Prefekturas\u0131n\u0131n gerbi \u00fcz\u0259rind\u0259 \u00fc\u00e7 alov dili olan g\u00f6y r\u0259ngli qalxan il\u0259 t\u0259svir edilmi\u015fdir. M\u0259\u015f\u0259ll\u0259r h\u0259m Bak\u0131n\u0131n elementin\u0259 (\u015f\u0259h\u0259rin gerbinin \u00fcz\u0259rind\u0259 Odlar Yurdunun r\u0259mzi olan \u00fc\u00e7 m\u0259\u015f\u0259l yer al\u0131r), h\u0259m\u00e7inin Allah\u0131n m\u0259h\u0259bb\u0259tinin at\u0259\u015fi &#8211; M\u00fcq\u0259dd\u0259s Ruhun simvoluna istinad edirl\u0259r.<\/p>\n<p>Gerbin \u00fcz\u0259rind\u0259ki kitab Bibliyan\u0131 (\u201c\u018fhdi-\u0259tiq\u201d v\u0259 \u201c\u018fhdi-c\u0259did\u201d) ifad\u0259 edir. Kitab\u0131n s\u0259hif\u0259l\u0259rind\u0259ki yunan \u0259lifbas\u0131n\u0131n ilk v\u0259 son h\u0259rfl\u0259ri &#8211; \u201calfa\u201d v\u0259 \u201comega\u201d \u0130sa M\u0259sihin \u0130lahi t\u0259bi\u0259tini simvoliz\u0259 edir (V\u0259hy 1:8 &#8211; \u201cAlfa v\u0259 Omeqa M\u0259n\u0259m\u201d).<\/p>\n<p>Katolik Kils\u0259si \u0259n\u0259n\u0259sind\u0259 g\u00f6y r\u0259ng M\u00fcq\u0259dd\u0259s M\u0259ry\u0259m il\u0259 ba\u011fl\u0131d\u0131r, gerbin \u00fcz\u0259rind\u0259ki dal\u011falar is\u0259 X\u0259z\u0259r D\u0259nizini ifad\u0259 edir.<\/p>\n","protected":false},"excerpt":{"rendered":"<p>\u201cApostol Prefekturas\u0131\u201d n\u0259dir? Apostol Prefekturas\u0131 (lat. Praefectura Apostolica) &#8211;\u00a0 Roma Katolik Kils\u0259sind\u0259 yeparxiyaya b\u0259rab\u0259r hesab edil\u0259n \u0259razi vahididir. S\u00f6z\u00fcged\u0259n m\u00fcv\u0259qq\u0259ti struktur sui iuris (\u201c\u00f6z\u0259l h\u00fcquqlu\u201d) statusuna malikdir v\u0259 \u00f6z f\u0259aliyy\u0259tini [&hellip;]<\/p>\n","protected":false},"author":2,"featured_media":0,"parent":0,"menu_order":0,"comment_status":"closed","ping_status":"closed","template":"","meta":{"jetpack_post_was_ever_published":false,"footnotes":""},"class_list":["post-2910","page","type-page","status-publish","hentry"],"jetpack_sharing_enabled":true,"jetpack_shortlink":"https:\/\/wp.me\/P2X63J-KW","_links":{"self":[{"href":"https:\/\/www.catholic.az\/az\/wp-json\/wp\/v2\/pages\/2910","targetHints":{"allow":["GET"]}}],"collection":[{"href":"https:\/\/www.catholic.az\/az\/wp-json\/wp\/v2\/pages"}],"about":[{"href":"https:\/\/www.catholic.az\/az\/wp-json\/wp\/v2\/types\/page"}],"author":[{"embeddable":true,"href":"https:\/\/www.catholic.az\/az\/wp-json\/wp\/v2\/users\/2"}],"replies":[{"embeddable":true,"href":"https:\/\/www.catholic.az\/az\/wp-json\/wp\/v2\/comments?post=2910"}],"version-history":[{"count":4,"href":"https:\/\/www.catholic.az\/az\/wp-json\/wp\/v2\/pages\/2910\/revisions"}],"predecessor-version":[{"id":2967,"href":"https:\/\/www.catholic.az\/az\/wp-json\/wp\/v2\/pages\/2910\/revisions\/2967"}],"wp:attachment":[{"href":"https:\/\/www.catholic.az\/az\/wp-json\/wp\/v2\/media?parent=2910"}],"curies":[{"name":"wp","href":"https:\/\/api.w.org\/{rel}","templated":true}]}}