{"id":2915,"date":"2021-07-28T12:56:33","date_gmt":"2021-07-28T08:56:33","guid":{"rendered":"https:\/\/www.catholic.az\/az\/?page_id=2915"},"modified":"2022-08-10T21:31:41","modified_gmt":"2022-08-10T17:31:41","slug":"apostolic-prefect","status":"publish","type":"page","link":"https:\/\/www.catholic.az\/az\/apostolic-prefect\/","title":{"rendered":"AZ\u018fRBAYCANIN APOSTOL PREFEKT\u0130"},"content":{"rendered":"<p><a href=\"https:\/\/www.catholic.az\/az\/wp-content\/uploads\/2021\/07\/Vladimir-Fekete.jpg\"><img loading=\"lazy\" decoding=\"async\" data-attachment-id=\"2916\" data-permalink=\"https:\/\/www.catholic.az\/az\/apostolic-prefect\/vladimir-fekete\/\" data-orig-file=\"https:\/\/www.catholic.az\/az\/wp-content\/uploads\/2021\/07\/Vladimir-Fekete.jpg\" data-orig-size=\"854,1286\" data-comments-opened=\"0\" data-image-meta=\"{&quot;aperture&quot;:&quot;6.3&quot;,&quot;credit&quot;:&quot;&quot;,&quot;camera&quot;:&quot;NIKON D300S&quot;,&quot;caption&quot;:&quot;&quot;,&quot;created_timestamp&quot;:&quot;1352902343&quot;,&quot;copyright&quot;:&quot;&quot;,&quot;focal_length&quot;:&quot;105&quot;,&quot;iso&quot;:&quot;2000&quot;,&quot;shutter_speed&quot;:&quot;0.0125&quot;,&quot;title&quot;:&quot;&quot;,&quot;orientation&quot;:&quot;1&quot;}\" data-image-title=\"Vladimir Fekete\" data-image-description=\"\" data-image-caption=\"\" data-medium-file=\"https:\/\/www.catholic.az\/az\/wp-content\/uploads\/2021\/07\/Vladimir-Fekete-199x300.jpg\" data-large-file=\"https:\/\/www.catholic.az\/az\/wp-content\/uploads\/2021\/07\/Vladimir-Fekete-680x1024.jpg\" class=\"size-medium wp-image-2916 alignright\" src=\"https:\/\/www.catholic.az\/az\/wp-content\/uploads\/2021\/07\/Vladimir-Fekete-199x300.jpg\" alt=\"\" width=\"199\" height=\"300\" srcset=\"https:\/\/www.catholic.az\/az\/wp-content\/uploads\/2021\/07\/Vladimir-Fekete-199x300.jpg 199w, https:\/\/www.catholic.az\/az\/wp-content\/uploads\/2021\/07\/Vladimir-Fekete-768x1156.jpg 768w, https:\/\/www.catholic.az\/az\/wp-content\/uploads\/2021\/07\/Vladimir-Fekete-680x1024.jpg 680w, https:\/\/www.catholic.az\/az\/wp-content\/uploads\/2021\/07\/Vladimir-Fekete.jpg 854w\" sizes=\"auto, (max-width: 199px) 100vw, 199px\" \/><\/a>Vladimir Fekete 11 avqust 1955-ci ild\u0259 Slovakiyan\u0131n paytaxt\u0131 Bratislavan\u0131n yax\u0131nl\u0131\u011f\u0131nda yerl\u0259\u015f\u0259n Xorvatski-Qrob q\u0259s\u0259b\u0259sind\u0259 anadan olub.<\/p>\n<p>Komenski ad\u0131na Bratislava Universitetini geologiya ixtisas\u0131 \u00fczr\u0259 bitirib.<\/p>\n<p>1975-ci ild\u0259 &#8211; Katolik Kils\u0259sinin Slovakiyada (o zaman \u00c7exoslovakiya Sosialist Respublikas\u0131) kommunist rejimi t\u0259r\u0259find\u0259n amans\u0131z t\u0259qibl\u0259r\u0259 m\u0259ruz qald\u0131\u011f\u0131 bir d\u00f6vrd\u0259 V. Fekete gizli \u015f\u0259kild\u0259 m\u00fcq\u0259dd\u0259s \u0130oann Bosko t\u0259r\u0259find\u0259n t\u0259sis edilmi\u015f rahibl\u0259r konqreqasiyas\u0131 olan \u201cM\u00fcq\u0259dd\u0259s Saleziyal\u0131 Fransisk\u201d icmas\u0131na (Salezianlar icmas\u0131) daxil olur.<\/p>\n<p>15 fevral 1975-ci ild\u0259 V. Fekete rahib kimi ilk \u0259hdl\u0259rini edir.<\/p>\n<p>30 yanvar 1983-c\u00fc ild\u0259 V. Fekete Berlin \u015f\u0259h\u0259rinin k\u00f6m\u0259k\u00e7i yepiskopu Volfqanq Veyder t\u0259r\u0259find\u0259n icra edil\u0259n \u0259lqoyma ayini il\u0259 ke\u015fi\u015fliyi q\u0259bul edir.<\/p>\n<p>1993-1999 ill\u0259rd\u0259 Slovakiyan\u0131n salezian icmas\u0131 ba\u015f\u00e7\u0131s\u0131n\u0131n vikarisi (m\u00fcavini) v\u0259zif\u0259sind\u0259 \u00e7al\u0131\u015f\u0131b.<\/p>\n<p>1999-cu ild\u0259 Pol\u015fan\u0131n Lyublin Katolik Universitetind\u0259 ilahiyyat \u00fczr\u0259 lisensiat r\u00fctb\u0259sini al\u0131b.<\/p>\n<p>1999-2005 ill\u0259rd\u0259 Slovakiyada Salezianlar Ordeninin provinsial\u0131 (ba\u015f\u00e7\u0131s\u0131) olub.<\/p>\n<p>2006-ci ild\u0259 Romada Papa Universitetini bitirib.<\/p>\n<p>2006-2009 ill\u0259rd\u0259 salezian novisil\u0259rin (rahibliy\u0259 namiz\u0259dl\u0259rin) magistri (r\u0259hb\u0259ri) v\u0259sif\u0259sind\u0259 \u00e7al\u0131\u015f\u0131r.<\/p>\n<p>Vladimir Fekete slovak, rus, polyak, ingilis v\u0259 italyan dill\u0259rind\u0259 s\u0259rb\u0259st dan\u0131\u015f\u0131r.<\/p>\n<h4>AZ\u018fRBAYCANDA X\u0130DM\u018fT<\/h4>\n<p>5 noyabr 2009-cu ild\u0259 Roma Papas\u0131 XVI Benedikt Vladimir Feketeni Az\u0259rbaycanda Katolik Kils\u0259sinin ilkin \u0259razi-inzibati strukturu olan \u201cmissio sui iuris\u201d-in ba\u015f\u00e7\u0131s\u0131 t\u0259yin edir.<\/p>\n<p>4 avqust 2011-ci il tarixind\u0259 Roma Papas\u0131 XVI Benedikt \u201cDe iuvandis\u201d bullas\u0131 il\u0259 Az\u0259rbaycandaki Katolik Kils\u0259sinin statusunu \u201cmissio sui iuris\u201d statusundan Apostol Prefekturas\u0131 statusuna q\u0259d\u0259r y\u00fcks\u0259ldir. Bel\u0259likl\u0259, Vladimir Fekete Az\u0259rbaycan\u0131n ilk apostol prefekti olur.<\/p>\n<h4>Yepiskopluq<\/h4>\n<p>8 dekabr 2017 il tarixind\u0259 F\u00f6vq\u0259l\u0259qd\u0259s Bakir\u0259 M\u0259ry\u0259min Q\u00fcsursuz D\u00f6ll\u0259nm\u0259si bayram\u0131 g\u00fcn\u00fc Roma Papas\u0131 Fransisk Vladimir Feketeni titular yeparxiyas\u0131 Munisip \u015f\u0259h\u0259rind\u0259 olmaqla, yepiskop r\u00fctb\u0259sin\u0259 y\u00fcks\u0259ltdi. Bel\u0259likl\u0259, Az\u0259rbaycan\u0131n Apostol Prefekturas\u0131na ba\u015f\u00e7\u0131l\u0131\u011f\u0131 art\u0131b yepiskop etm\u0259y\u0259 ba\u015flad\u0131.<\/p>\n<p>Pontifikin bu q\u0259rar\u0131n\u0131 V. Feketenin uzun ill\u0259r ke\u015fi\u015f kimi f\u0259aliyy\u0259tinin, g\u0259ncl\u0259r\u0259 g\u00f6st\u0259rdiyi qay\u011f\u0131s\u0131n\u0131n, h\u0259yat\u0131nda xristian m\u0259n\u0259vi ideallar\u0131n\u0131n t\u0259c\u0259ss\u00fcm\u00fcn\u0259 dair verdiyi v\u0259dl\u0259r\u0259 s\u0259daq\u0259tinin qiym\u0259tl\u0259ndirilm\u0259si hesab etm\u0259k olar. Eyni zamanda Roma Papas\u0131 Fransiskin bu q\u0259rar\u0131 M\u00fcq\u0259dd\u0259s Taxt-Tac \u00fc\u00e7\u00fcn multikulturalizmi v\u0259 dinl\u0259raras\u0131 \u0259m\u0259kda\u015fl\u0131\u011f\u0131 d\u00f6vl\u0259t siyas\u0259ti elan etmi\u015f, m\u00fcxt\u0259lif dinl\u0259rin v\u0259 mill\u0259tl\u0259rin s\u00fclh \u015f\u0259raitind\u0259 birg\u0259 ya\u015fay\u0131\u015f\u0131n\u0131n unikal v\u0259 t\u0259qdir\u0259 layiq n\u00fcmun\u0259si olan Az\u0259rbaycan il\u0259 \u0259laq\u0259l\u0259rin x\u00fcsusi \u00f6n\u0259m da\u015f\u0131mas\u0131n\u0131 bir daha vur\u011fulam\u0131\u015fd\u0131r.<\/p>\n<p><a href=\"https:\/\/www.catholic.az\/az\/wp-content\/uploads\/2021\/07\/VF-ordination.jpg\"><img loading=\"lazy\" decoding=\"async\" data-attachment-id=\"2917\" data-permalink=\"https:\/\/www.catholic.az\/az\/apostolic-prefect\/vf-ordination\/\" data-orig-file=\"https:\/\/www.catholic.az\/az\/wp-content\/uploads\/2021\/07\/VF-ordination.jpg\" data-orig-size=\"1000,666\" data-comments-opened=\"0\" data-image-meta=\"{&quot;aperture&quot;:&quot;0&quot;,&quot;credit&quot;:&quot;&quot;,&quot;camera&quot;:&quot;&quot;,&quot;caption&quot;:&quot;&quot;,&quot;created_timestamp&quot;:&quot;0&quot;,&quot;copyright&quot;:&quot;&quot;,&quot;focal_length&quot;:&quot;0&quot;,&quot;iso&quot;:&quot;0&quot;,&quot;shutter_speed&quot;:&quot;0&quot;,&quot;title&quot;:&quot;&quot;,&quot;orientation&quot;:&quot;0&quot;}\" data-image-title=\"VF ordination\" data-image-description=\"\" data-image-caption=\"\" data-medium-file=\"https:\/\/www.catholic.az\/az\/wp-content\/uploads\/2021\/07\/VF-ordination-300x200.jpg\" data-large-file=\"https:\/\/www.catholic.az\/az\/wp-content\/uploads\/2021\/07\/VF-ordination.jpg\" class=\"size-medium wp-image-2917 alignleft\" src=\"https:\/\/www.catholic.az\/az\/wp-content\/uploads\/2021\/07\/VF-ordination-300x200.jpg\" alt=\"\" width=\"300\" height=\"200\" srcset=\"https:\/\/www.catholic.az\/az\/wp-content\/uploads\/2021\/07\/VF-ordination-300x200.jpg 300w, https:\/\/www.catholic.az\/az\/wp-content\/uploads\/2021\/07\/VF-ordination-768x511.jpg 768w, https:\/\/www.catholic.az\/az\/wp-content\/uploads\/2021\/07\/VF-ordination.jpg 1000w\" sizes=\"auto, (max-width: 300px) 100vw, 300px\" \/><\/a>11 fevral 2018-ci il, M\u0259ry\u0259m Anan\u0131n Lurd \u015f\u0259h\u0259rind\u0259 z\u00fchurunun xatir\u0259si g\u00fcn\u00fc Bak\u0131da yerl\u0259\u015f\u0259n M\u0259ry\u0259m Ana Kils\u0259sind\u0259 Vladimir Fekete yepiskoplu\u011fu \u0259lqoyma ayini il\u0259 q\u0259bul etmi\u015fdir. \u018flqoyma ayinin ba\u015f icra\u00e7\u0131s\u0131 M\u00fcq\u0259dd\u0259s Taxt-Tac\u0131n d\u00f6vl\u0259tl\u0259r il\u0259 \u0259laq\u0259l\u0259r \u00fczr\u0259 katibi, arxiyepiskop Pol Ri\u00e7ard Qalaxer olmu\u015fdur. H\u0259min ayini arxiyepiskop Qalaxer il\u0259 b\u0259rab\u0259r Bratislava arxiyepiskopu, mitropolit Stanislav Zalevski, M\u00fcq\u0259dd\u0259s Taxt-Tac\u0131n Yunan\u0131standak\u0131 s\u0259firi, arxiyepiskop Xon Tay Fay (SDB) da icra etmi\u015fl\u0259r. T\u0259nt\u0259li M\u00fcq\u0259dd\u0259s Messada m\u00fcxt\u0259lif \u00f6lk\u0259l\u0259rd\u0259n g\u0259l\u0259n bir s\u0131ra tan\u0131nm\u0131\u015f katolik din xadiml\u0259ri d\u0259 i\u015ftirak etmi\u015fdir: Rojnyava yepiskopu Stanislav Stolarik, Moskvan\u0131n Allah Anas\u0131 arxiyeparxiyas\u0131n\u0131n arxiyepiskop-mitropoliti Paolo Petsi, Qafqaz\u0131n Apostol Administraturas\u0131n\u0131n ordinarisi yepiskop Cuzeppe Pazotto, Papa Lateran Universitetin rektoru, yepiskop Enrike del Kovolo (SDB), Linsin t\u0259qa\u00fcdd\u0259 olan yepiskopu L\u00fcdviq \u015evars, Zalsburqun t\u0259qa\u00fcdd\u0259 olan arxiyepiskopu, kardinal Aloiziy Kotqasser (SDB), Slovakiya Salezianlar\u0131n\u0131n provinsial\u0131 (ba\u015f\u00e7\u0131s\u0131) ata Yozef \u0130jold, salezian ordeninin ke\u015fi\u015fl\u0259ri v\u0259 rahibl\u0259ri. M\u0259rasimd\u0259 Az\u0259rbaycan Respublikas\u0131n\u0131n d\u00f6vl\u0259t qurumlar\u0131n\u0131n, dini icmalar\u0131n\u0131n, ictimayy\u0259tin v\u0259 s. n\u00fcmay\u0259nd\u0259l\u0259ri i\u015ftirak etmi\u015fdir.<\/p>\n<p><a href=\"https:\/\/www.catholic.az\/az\/wp-content\/uploads\/2021\/07\/fekete-bishop.jpg\"><img loading=\"lazy\" decoding=\"async\" data-attachment-id=\"2918\" data-permalink=\"https:\/\/www.catholic.az\/az\/apostolic-prefect\/fekete-bishop\/\" data-orig-file=\"https:\/\/www.catholic.az\/az\/wp-content\/uploads\/2021\/07\/fekete-bishop.jpg\" data-orig-size=\"1200,892\" data-comments-opened=\"0\" data-image-meta=\"{&quot;aperture&quot;:&quot;2.8&quot;,&quot;credit&quot;:&quot;&quot;,&quot;camera&quot;:&quot;ILCE-7SM2&quot;,&quot;caption&quot;:&quot;&quot;,&quot;created_timestamp&quot;:&quot;1518342245&quot;,&quot;copyright&quot;:&quot;&quot;,&quot;focal_length&quot;:&quot;37&quot;,&quot;iso&quot;:&quot;320&quot;,&quot;shutter_speed&quot;:&quot;0.016666666666667&quot;,&quot;title&quot;:&quot;&quot;,&quot;orientation&quot;:&quot;1&quot;}\" data-image-title=\"fekete-bishop\" data-image-description=\"\" data-image-caption=\"\" data-medium-file=\"https:\/\/www.catholic.az\/az\/wp-content\/uploads\/2021\/07\/fekete-bishop-300x223.jpg\" data-large-file=\"https:\/\/www.catholic.az\/az\/wp-content\/uploads\/2021\/07\/fekete-bishop-1024x761.jpg\" class=\"size-medium wp-image-2918 alignright\" src=\"https:\/\/www.catholic.az\/az\/wp-content\/uploads\/2021\/07\/fekete-bishop-300x223.jpg\" alt=\"\" width=\"300\" height=\"223\" srcset=\"https:\/\/www.catholic.az\/az\/wp-content\/uploads\/2021\/07\/fekete-bishop-300x223.jpg 300w, https:\/\/www.catholic.az\/az\/wp-content\/uploads\/2021\/07\/fekete-bishop-768x571.jpg 768w, https:\/\/www.catholic.az\/az\/wp-content\/uploads\/2021\/07\/fekete-bishop-1024x761.jpg 1024w, https:\/\/www.catholic.az\/az\/wp-content\/uploads\/2021\/07\/fekete-bishop.jpg 1200w\" sizes=\"auto, (max-width: 300px) 100vw, 300px\" \/><\/a>Vladimir Fekete yepiskopluq r\u00fctb\u0259sin\u0259 y\u00fcks\u0259lm\u0259sin\u0259 h\u0259sr edilmi\u015f t\u0259nt\u0259l\u0259ni q\u0259bulda qonaqlar\u0131 salamlayaraq bu s\u00f6zl\u0259ri s\u00f6yl\u0259mi\u015fdir:<\/p>\n<p>\u201cM\u00fcq\u0259dd\u0259s Ata Fransiskin q\u0259rar\u0131ndan sonra Az\u0259rbaycan m\u0259nim ikinci v\u0259t\u0259nim oldu.<\/p>\n<p>Son ill\u0259r \u0259rzind\u0259 m\u0259n burada bir \u00e7ox g\u00f6z\u0259l insanlara: imanl\u0131 m\u00fcs\u0259lman, xristian, yahudil\u0259r\u0259, h\u0259m\u00e7inin h\u0259yat\u0131n m\u0259nas\u0131n\u0131 axtaran \u00e7oxlu sayda xo\u015fm\u0259raml\u0131 insanlara rast g\u0259ldim.<\/p>\n<p>M\u0259n Az\u0259rbaycan\u0131n qonaqp\u0259rv\u0259rliyin\u0259 v\u0259 s\u0259mimiliyin\u0259, eyni zamanda q\u0259hr\u0259mancas\u0131na s\u0259br etm\u0259sin\u0259 v\u0259 ona qar\u015f\u0131 edilmi\u015f tarixi s\u0259hvl\u0259r\u0259 qar\u015f\u0131 iltifat\u0131na heyranam. \u018fmin\u0259m ki, Katolik Kils\u0259si, dig\u0259r \u0259n\u0259n\u0259vi dinl\u0259rl\u0259 b\u0259rab\u0259r, ayr\u0131-ayr\u0131 insanlara v\u0259 \u00fcmum\u0259n c\u0259miyy\u0259t\u0259 m\u0259n\u0259vi v\u0259 \u0259m\u0259li yard\u0131m t\u0259klif etm\u0259kl\u0259, m\u00fcsb\u0259t istiqam\u0259td\u0259 inki\u015fafa t\u00f6vh\u0259 verm\u0259kl\u0259, Az\u0259rbaycanda \u00f6z\u00fcn\u0259m\u0259xsus v\u0259 ayr\u0131lmaz bir yer tutur. Qoy bizim ham\u0131m\u0131z\u0131n Yaradan\u0131 Olan K\u00fclli-\u0130xtiyar Allah g\u0259l\u0259c\u0259k n\u0259sill\u0259r \u00fc\u00e7\u00fcn daha g\u00f6z\u0259l v\u0259 sevincli d\u00fcnya qurmaqda biz\u0259 k\u00f6m\u0259k etsin. Allah Az\u0259rbaycana xeyir-dua versin, Az\u0259rbaycan\u0131 qorusun!\u201d<\/p>\n<p>&nbsp;<\/p>\n<h4>Yepiskopun herbi<\/h4>\n<p><a href=\"https:\/\/www.catholic.az\/az\/wp-content\/uploads\/2020\/03\/Episkop-RGB-smaller.jpg\"><img loading=\"lazy\" decoding=\"async\" data-attachment-id=\"2373\" data-permalink=\"https:\/\/www.catholic.az\/az\/az%c9%99rbaycanda-katolik-kils%c9%99sinin-apostol-prefekti-yepiskop-vladimir-fekete-nin-koronavirusun-covid-19-yayilmasi-t%c9%99hluk%c9%99si-il%c9%99-bagli-s%c9%99r%c9%99ncami\/episkop-rgb-smaller\/\" data-orig-file=\"https:\/\/www.catholic.az\/az\/wp-content\/uploads\/2020\/03\/Episkop-RGB-smaller-e1641978818779.jpg\" data-orig-size=\"528,500\" data-comments-opened=\"0\" data-image-meta=\"{&quot;aperture&quot;:&quot;0&quot;,&quot;credit&quot;:&quot;Marek&quot;,&quot;camera&quot;:&quot;&quot;,&quot;caption&quot;:&quot;&quot;,&quot;created_timestamp&quot;:&quot;1585097578&quot;,&quot;copyright&quot;:&quot;&quot;,&quot;focal_length&quot;:&quot;0&quot;,&quot;iso&quot;:&quot;0&quot;,&quot;shutter_speed&quot;:&quot;0&quot;,&quot;title&quot;:&quot;&quot;,&quot;orientation&quot;:&quot;0&quot;}\" data-image-title=\"Episkop RGB-smaller\" data-image-description=\"\" data-image-caption=\"\" data-medium-file=\"https:\/\/www.catholic.az\/az\/wp-content\/uploads\/2020\/03\/Episkop-RGB-smaller-e1641978818779-300x284.jpg\" data-large-file=\"https:\/\/www.catholic.az\/az\/wp-content\/uploads\/2020\/03\/Episkop-RGB-smaller-e1641978818779.jpg\" class=\" wp-image-2373 aligncenter\" src=\"https:\/\/www.catholic.az\/az\/wp-content\/uploads\/2020\/03\/Episkop-RGB-smaller-280x300.jpg\" alt=\"\" width=\"240\" height=\"257\" \/><\/a><\/p>\n<p>Herbinin \u0259sas r\u0259ngl\u0259ri kimi monsenyor Vladimir Fekete Az\u0259rbaycan Bayra\u011f\u0131n\u0131n r\u0259ngl\u0259rini se\u00e7ib. Herbd\u0259ki s\u0259kkizg\u00fc\u015f\u0259li ulduz M\u0259ry\u0259m Anan\u0131n q\u0259dim simvollar\u0131ndan biri, eyni zamanda Az\u0259rbaycan\u0131n milli simvoludur. A\u011f zamba\u011flar &#8211; Avropada M\u0259ry\u0259m Anan\u0131n \u0259n geni\u015f yay\u0131lm\u0131\u015f heraldik simvollar\u0131ndan biridir. G\u00f6y da\u011flar yepiskopun v\u0259t\u0259ni olan Slovakiyada yerl\u0259\u015f\u0259n Tatra da\u011flar\u0131na i\u015far\u0259t edir.<\/p>\n<p>Yepiskopun \u015f\u00fcar\u0131 \u201cDa mihi animas\u201d lat\u0131n dilind\u0259n \u201cm\u0259n\u0259 canlar\u0131 ver\u201d (m\u0259n\u0259 insanlar\u0131 ver) kimi t\u0259rc\u00fcm\u0259 olunur v\u0259 M\u00fcq\u0259dd\u0259s Yaz\u0131n\u0131n Yarad\u0131l\u0131\u015f kitab\u0131ndan sistatd\u0131r (Yarad\u0131l\u0131\u015f 14, 21). H\u0259min k\u0259lm\u0259l\u0259ri Salezianlar Ordeninin banisi m\u00fcq\u0259dd\u0259s \u0130oann Bosko h\u0259min ordenin \u015f\u00fcar\u0131 kimi se\u00e7mi\u015fdir v\u0259 bununla ordenin \u0259sas m\u0259qs\u0259dini &#8211; insanlar\u0131 Allaha y\u00f6nl\u0259ndirm\u0259yi &#8211; vur\u011fulam\u0131\u015fd\u0131r.<\/p>\n","protected":false},"excerpt":{"rendered":"<p>Vladimir Fekete 11 avqust 1955-ci ild\u0259 Slovakiyan\u0131n paytaxt\u0131 Bratislavan\u0131n yax\u0131nl\u0131\u011f\u0131nda yerl\u0259\u015f\u0259n Xorvatski-Qrob q\u0259s\u0259b\u0259sind\u0259 anadan olub. Komenski ad\u0131na Bratislava Universitetini geologiya ixtisas\u0131 \u00fczr\u0259 bitirib. 1975-ci ild\u0259 &#8211; Katolik Kils\u0259sinin Slovakiyada (o [&hellip;]<\/p>\n","protected":false},"author":2,"featured_media":0,"parent":0,"menu_order":0,"comment_status":"closed","ping_status":"closed","template":"","meta":{"jetpack_post_was_ever_published":false,"footnotes":""},"class_list":["post-2915","page","type-page","status-publish","hentry"],"jetpack_sharing_enabled":true,"jetpack_shortlink":"https:\/\/wp.me\/P2X63J-L1","_links":{"self":[{"href":"https:\/\/www.catholic.az\/az\/wp-json\/wp\/v2\/pages\/2915","targetHints":{"allow":["GET"]}}],"collection":[{"href":"https:\/\/www.catholic.az\/az\/wp-json\/wp\/v2\/pages"}],"about":[{"href":"https:\/\/www.catholic.az\/az\/wp-json\/wp\/v2\/types\/page"}],"author":[{"embeddable":true,"href":"https:\/\/www.catholic.az\/az\/wp-json\/wp\/v2\/users\/2"}],"replies":[{"embeddable":true,"href":"https:\/\/www.catholic.az\/az\/wp-json\/wp\/v2\/comments?post=2915"}],"version-history":[{"count":2,"href":"https:\/\/www.catholic.az\/az\/wp-json\/wp\/v2\/pages\/2915\/revisions"}],"predecessor-version":[{"id":3530,"href":"https:\/\/www.catholic.az\/az\/wp-json\/wp\/v2\/pages\/2915\/revisions\/3530"}],"wp:attachment":[{"href":"https:\/\/www.catholic.az\/az\/wp-json\/wp\/v2\/media?parent=2915"}],"curies":[{"name":"wp","href":"https:\/\/api.w.org\/{rel}","templated":true}]}}