{"id":2933,"date":"2021-07-28T15:36:15","date_gmt":"2021-07-28T11:36:15","guid":{"rendered":"https:\/\/www.catholic.az\/az\/?page_id=2933"},"modified":"2021-12-22T23:22:57","modified_gmt":"2021-12-22T19:22:57","slug":"m%c9%99sihil%c9%99rin-kom%c9%99yi-olan-m%c9%99ry%c9%99min-qizlari-fma","status":"publish","type":"page","link":"https:\/\/www.catholic.az\/az\/m%c9%99sihil%c9%99rin-kom%c9%99yi-olan-m%c9%99ry%c9%99min-qizlari-fma\/","title":{"rendered":"M\u0259sih\u00e7il\u0259rin K\u00f6m\u0259k\u00e7isinin Bac\u0131lar\u0131, FMA"},"content":{"rendered":"","protected":false},"excerpt":{"rendered":"","protected":false},"author":2,"featured_media":2934,"parent":0,"menu_order":0,"comment_status":"closed","ping_status":"closed","template":"","meta":{"jetpack_post_was_ever_published":false,"footnotes":""},"class_list":["post-2933","page","type-page","status-publish","has-post-thumbnail","hentry"],"jetpack_sharing_enabled":true,"jetpack_shortlink":"https:\/\/wp.me\/P2X63J-Lj","_links":{"self":[{"href":"https:\/\/www.catholic.az\/az\/wp-json\/wp\/v2\/pages\/2933","targetHints":{"allow":["GET"]}}],"collection":[{"href":"https:\/\/www.catholic.az\/az\/wp-json\/wp\/v2\/pages"}],"about":[{"href":"https:\/\/www.catholic.az\/az\/wp-json\/wp\/v2\/types\/page"}],"author":[{"embeddable":true,"href":"https:\/\/www.catholic.az\/az\/wp-json\/wp\/v2\/users\/2"}],"replies":[{"embeddable":true,"href":"https:\/\/www.catholic.az\/az\/wp-json\/wp\/v2\/comments?post=2933"}],"version-history":[{"count":3,"href":"https:\/\/www.catholic.az\/az\/wp-json\/wp\/v2\/pages\/2933\/revisions"}],"predecessor-version":[{"id":3184,"href":"https:\/\/www.catholic.az\/az\/wp-json\/wp\/v2\/pages\/2933\/revisions\/3184"}],"wp:featuredmedia":[{"embeddable":true,"href":"https:\/\/www.catholic.az\/az\/wp-json\/wp\/v2\/media\/2934"}],"wp:attachment":[{"href":"https:\/\/www.catholic.az\/az\/wp-json\/wp\/v2\/media?parent=2933"}],"curies":[{"name":"wp","href":"https:\/\/api.w.org\/{rel}","templated":true}]}}