{"id":308,"date":"2013-02-15T10:03:54","date_gmt":"2013-02-15T06:03:54","guid":{"rendered":"http:\/\/www.catholic.az\/az\/?page_id=308"},"modified":"2021-07-26T23:32:07","modified_gmt":"2021-07-26T19:32:07","slug":"bible","status":"publish","type":"page","link":"https:\/\/www.catholic.az\/az\/bibliya\/bible\/","title":{"rendered":"M\u00fcq\u0259dd\u0259s kitab &#8211; online oxuma"},"content":{"rendered":"<p><strong><span style=\"text-decoration: underline;\"><strong>\u018fhdi-\u018ftiq:<\/strong> <\/span><span style=\"color: #808000;\">Gn,Ex,Lv,Nm,Dt<\/span>\u00a0Js,Rut,1Sam,2Sam,1King,2King,1Chr,2Chr,Ezr,Nah,Es,Jb,<br \/>\n<img src=http:\/\/www.catholic.az\/---\/spacer.gif width=67 height=5><strong><span style=\"color: #ff6600;\">Ps<\/span><\/strong>,Pr,Ecc,Song,<span style=\"color: #339966;\">Isa,Jer,Lam,Ez,Dan,Hos,Joe,Am,Ob,Jon,Mic,Nah,Hab,Zep,Hag,Zec<\/span>,Mal<br \/>\n<span style=\"text-decoration: underline;\"><strong>\u018fhdi-C\u0259did:<\/strong> <\/span><span style=\"color: #ff0000;\">Mt,Mk,Lk,Jn \u00a0<\/span>Ac,Rom,1Cor,2Cor,Gal,Eph,Ph,Col,1Th,2Th,1Tim,2Tim,Tit,Ph,Heb,Jam,1Pt,2Pt,1Jn,2Jn,3Jn,Ju,Rev<br \/>\n<i><img src=http:\/\/www.catholic.az\/---\/spacer.gif width=47 height=5><span style=\"color: #b4b4b4;\">Bible reference: M\u0259s\u0259l\u0259n: (Yarad\u0131l\u0131\u015f 1,1 = Gn 1:1) (Z\u0259bur 51,1 = Ps 51:1) (Matta 5:6 = Mt 5:6)<\/i><\/span><br \/>\n<style>\n       .errordiv { padding:10px; margin:10px; border: 1px solid #555555;color: #000000;background-color: #f8f8f8; width:500px; }#advanced_iframe {visibility:visible;opacity:1;vertical-align:top;}.ai-info-bottom-iframe { position: fixed; z-index: 10000; bottom:0; left: 0; margin: 0px; text-align: center; width: 100%; background-color: #ff9999; padding-left: 5px;padding-bottom: 5px; border-top: 1px solid #aaa } a.ai-bold {font-weight: bold;}#ai-layer-div-advanced_iframe p {height:100%;margin:0;padding:0}<\/style><script type=\"text\/javascript\">var ai_iframe_width_advanced_iframe = 0;var ai_iframe_height_advanced_iframe = 0;var aiOnloadScrollTop=\"true\";var aiShowDebug=false;\n\t\tif (typeof aiReadyCallbacks === 'undefined') {\n\t\t\tvar aiReadyCallbacks = [];\n\t\t} else if (!(aiReadyCallbacks instanceof Array)) {\n\t\t\tvar aiReadyCallbacks = [];\n\t\t}    function aiShowIframeId(id_iframe) { jQuery(\"#\"+id_iframe).css(\"visibility\", \"visible\");    }    function aiResizeIframeHeight(height) { aiResizeIframeHeight(height,advanced_iframe); }    function aiResizeIframeHeightId(height,width,id) {aiResizeIframeHeightById(id,height);}function loadElem_advanced_iframe(elem)\n     {}function aiModifyParent_advanced_iframe() { jQuery('#header,h1').css('display', 'none');}var aiReadyAiFunct_advanced_iframe = function aiReadyAi_advanced_iframe() { aiModifyParent_advanced_iframe();};aiReadyCallbacks.push(aiReadyAiFunct_advanced_iframe);if (window.jQuery) { try { aiModifyParent_advanced_iframe(); } catch (error) {} }<\/script>Http iframes are not shown in https pages in many major browsers. Please read <a href=\"\/\/www.advanced-iframe.com\/iframe-do-not-mix-http-and-https\" target=\"_blank\">this post<\/a> for details.<iframe id=\"advanced_iframe\"  name=\"advanced_iframe\"  src=\"http:\/\/www.crosswire.org\/study\/parallelstudy.jsp?add=NorthernAzeri\"  width=\"100%\"  height=\"900\"  scrolling=\"auto\"  frameborder=\"0\"  border=\"0\"  allowtransparency=\"true\"  loading=\"lazy\"  style=\";border-width: 0px;;border: none;;width:100%;height:900px;\" ><\/iframe><script type=\"text\/javascript\">var ifrm_advanced_iframe = document.getElementById(\"advanced_iframe\");var hiddenTabsDoneadvanced_iframe = false;\nfunction resizeCallbackadvanced_iframe() {}<\/script><script type=\"text\/javascript\"><\/script><\/p>\n","protected":false},"excerpt":{"rendered":"<p>\u018fhdi-\u018ftiq: Gn,Ex,Lv,Nm,Dt\u00a0Js,Rut,1Sam,2Sam,1King,2King,1Chr,2Chr,Ezr,Nah,Es,Jb, Ps,Pr,Ecc,Song,Isa,Jer,Lam,Ez,Dan,Hos,Joe,Am,Ob,Jon,Mic,Nah,Hab,Zep,Hag,Zec,Mal \u018fhdi-C\u0259did: Mt,Mk,Lk,Jn \u00a0Ac,Rom,1Cor,2Cor,Gal,Eph,Ph,Col,1Th,2Th,1Tim,2Tim,Tit,Ph,Heb,Jam,1Pt,2Pt,1Jn,2Jn,3Jn,Ju,Rev Bible reference: M\u0259s\u0259l\u0259n: (Yarad\u0131l\u0131\u015f 1,1 = Gn 1:1) (Z\u0259bur 51,1 = Ps 51:1) (Matta 5:6 = Mt 5:6)<\/p>\n","protected":false},"author":1,"featured_media":0,"parent":2897,"menu_order":0,"comment_status":"closed","ping_status":"closed","template":"","meta":{"jetpack_post_was_ever_published":false,"footnotes":""},"class_list":["post-308","page","type-page","status-publish","hentry"],"jetpack_sharing_enabled":false,"jetpack_shortlink":"https:\/\/wp.me\/P2X63J-4Y","_links":{"self":[{"href":"https:\/\/www.catholic.az\/az\/wp-json\/wp\/v2\/pages\/308","targetHints":{"allow":["GET"]}}],"collection":[{"href":"https:\/\/www.catholic.az\/az\/wp-json\/wp\/v2\/pages"}],"about":[{"href":"https:\/\/www.catholic.az\/az\/wp-json\/wp\/v2\/types\/page"}],"author":[{"embeddable":true,"href":"https:\/\/www.catholic.az\/az\/wp-json\/wp\/v2\/users\/1"}],"replies":[{"embeddable":true,"href":"https:\/\/www.catholic.az\/az\/wp-json\/wp\/v2\/comments?post=308"}],"version-history":[{"count":39,"href":"https:\/\/www.catholic.az\/az\/wp-json\/wp\/v2\/pages\/308\/revisions"}],"predecessor-version":[{"id":378,"href":"https:\/\/www.catholic.az\/az\/wp-json\/wp\/v2\/pages\/308\/revisions\/378"}],"up":[{"embeddable":true,"href":"https:\/\/www.catholic.az\/az\/wp-json\/wp\/v2\/pages\/2897"}],"wp:attachment":[{"href":"https:\/\/www.catholic.az\/az\/wp-json\/wp\/v2\/media?parent=308"}],"curies":[{"name":"wp","href":"https:\/\/api.w.org\/{rel}","templated":true}]}}