{"id":328,"date":"2013-02-27T09:54:51","date_gmt":"2013-02-27T05:54:51","guid":{"rendered":"http:\/\/www.catholic.az\/az\/?page_id=328"},"modified":"2022-02-01T10:34:29","modified_gmt":"2022-02-01T06:34:29","slug":"muqeddes-kitab","status":"publish","type":"page","link":"https:\/\/www.catholic.az\/az\/bibliya\/muqeddes-kitab\/","title":{"rendered":"M\u00fcq\u0259dd\u0259s kitab (internetd\u0259, telefonda, kompyuterd\u0259)"},"content":{"rendered":"<p><a href=\"https:\/\/play.google.com\/store\/apps\/details?id=com.az.bible\"><img loading=\"lazy\" decoding=\"async\" data-attachment-id=\"37\" data-permalink=\"https:\/\/www.catholic.az\/az\/muq%c9%99dd%c9%99s-kitab-internetd%c9%99-telefonda-kompyuterd%c9%99\/bible\/\" data-orig-file=\"https:\/\/www.catholic.az\/az\/wp-content\/uploads\/2012\/03\/bible.jpg\" data-orig-size=\"258,224\" data-comments-opened=\"1\" data-image-meta=\"{&quot;aperture&quot;:&quot;0&quot;,&quot;credit&quot;:&quot;&quot;,&quot;camera&quot;:&quot;&quot;,&quot;caption&quot;:&quot;&quot;,&quot;created_timestamp&quot;:&quot;0&quot;,&quot;copyright&quot;:&quot;&quot;,&quot;focal_length&quot;:&quot;0&quot;,&quot;iso&quot;:&quot;0&quot;,&quot;shutter_speed&quot;:&quot;0&quot;,&quot;title&quot;:&quot;&quot;,&quot;orientation&quot;:&quot;0&quot;}\" data-image-title=\"bible\" data-image-description=\"\" data-image-caption=\"\" data-medium-file=\"https:\/\/www.catholic.az\/az\/wp-content\/uploads\/2012\/03\/bible.jpg\" data-large-file=\"https:\/\/www.catholic.az\/az\/wp-content\/uploads\/2012\/03\/bible.jpg\" class=\"alignright wp-image-37 size-full\" title=\"bible\" src=\"https:\/\/www.catholic.az\/az\/wp-content\/uploads\/2012\/03\/bible.jpg\" alt=\"\" width=\"258\" height=\"224\" \/><\/a><\/p>\n<p>Allah b\u00fct\u00fcn insanlarla dan\u0131\u015f\u0131r. Nec\u0259? Ax\u0131 Allah\u0131n a\u011fz\u0131, dili yoxdur. Buna baxmayaraq bizi sevdiyin\u0259 g\u00f6r\u0259 \u00d6z\u00fcn\u00fc v\u0259hy etdi v\u0259 h\u0259l\u0259 d\u0259 edir. O, d\u00fcnyan\u0131n yarad\u0131l\u0131\u015f\u0131, tarix, vicdan, insanlar v\u0259 s. vasit\u0259sil\u0259 zamanla \u00d6z irad\u0259sini insana g\u00f6st\u0259rirdi. B\u00fct\u00fcn bunlar Onun s\u00f6zl\u0259ri idi. Bu is\u0259 b\u0259s deyildi. N\u0259hay\u0259t Onun K\u0259lam\u0131, Onun \u00d6z\u00fc insan oldu v\u0259 \u0130sa M\u0259sihd\u0259 biziml\u0259 dan\u0131\u015fd\u0131. Dem\u0259li, \u0130sa Allah\u0131n K\u0259lam\u0131d\u0131r. Onun s\u00f6zl\u0259ri, \u0259m\u0259ll\u0259ri, h\u0259yat\u0131 M\u00fcq\u0259dd\u0259s Kitabda yaz\u0131l\u0131d\u0131r. M\u00fcq\u0259dd\u0259s Kitab Allah\u0131n s\u00f6z\u00fcd\u00fcr, \u00e7\u00fcnki M\u00fcq\u0259dd\u0259s Ruhun t\u0259siri il\u0259 yaz\u0131lm\u0131\u015fd\u0131r. Buna g\u00f6r\u0259 d\u0259 Allahla m\u00fcnasib\u0259td\u0259 qalmaq \u00fc\u00e7\u00fcn biz onu h\u0259r g\u00fcn oxumal\u0131y\u0131q. Bel\u0259likl\u0259 M\u00fcq\u0259dd\u0259s Kitab\u0131 elektron \u015f\u0259kild\u0259 telefonda, komputerd\u0259 istifad\u0259 etm\u0259k \u00fc\u00e7\u00fcn bu saytdan \u0259ld\u0259 ed\u0259 bil\u0259rsiniz.<!--more--><\/p>\n<p><a href=\"https:\/\/ebible.org\/study\/?w1=bible&amp;t1=local%3Aazb&amp;v1=MK1_1\"><strong>AZ\u018fRBAYCAN D\u0130L\u0130 <\/strong>(North Azeri translation)<\/a><br \/>\n<a href=\"http:\/\/www.vatican.va\/archive\/ENG0839\/_INDEX.HTM\" target=\"_blank\" rel=\"noopener\"><strong>ENGLISH<\/strong>\u00a0(NEW AMERICAN BIBLE)<\/a><br \/>\n<a href=\"http:\/\/www.vatican.va\/archive\/bible\/nova_vulgata\/documents\/nova-vulgata_index_lt.html\" target=\"_blank\" rel=\"noopener\"><strong>LATIN<\/strong>\u00a0(NOVA VULGATA)<br \/>\n<\/a><a href=\"http:\/\/www.septuagint.org\/LXX\/Genesis\/1\" target=\"_blank\" rel=\"noopener\"><strong>GREEK<\/strong>\u00a0(LXX = SEPTUAGINTA)<\/a><br \/>\n<a href=\"http:\/\/www.scripture4all.org\/OnlineInterlinear\/Hebrew_Index.htm\" target=\"_blank\" rel=\"noopener\"><strong>HEBREW<\/strong> (Westminster Leningrad Codex)<br \/>\n<\/a><\/p>\n<p>Programlar:<\/p>\n<p><strong><a href=\"https:\/\/play.google.com\/store\/apps\/details?id=net.bible.android.activity\" data-wp-editing=\"1\">Android \u00fc\u00e7\u00fcn &#8211; (PlayMarket) &#8211; 1ci variant<\/a><br \/>\n<a href=\"https:\/\/play.google.com\/store\/apps\/details?id=com.sirma.mobile.bible.android\">Android \u00fc\u00e7\u00fcn &#8211; (PlayMarket) &#8211; 2ci variant<\/a> &#8211; Biblia (Youstudy)<br \/>\n<a href=\"https:\/\/play.google.com\/store\/apps\/details?id=net.bible.android.activity\">Android \u00fc\u00e7\u00fcn &#8211; (PlayMarket) &#8211; 3ci variant<\/a> &#8211; Bible Study<\/strong><\/p>\n<p>Apple \u00fc\u00e7\u00fcn &#8211; (AppStore Market)<\/p>\n<p><a href=\"http:\/\/www.crosswire.org\/sword\"><img loading=\"lazy\" decoding=\"async\" src=\"http:\/\/www.crosswire.org\/images\/sword.gif\" alt=\"\" width=\"64\" height=\"64\" \/>swordproject (http:\/\/www.crosswire.org\/sword)<\/a><\/p>\n<p><a href=\"http:\/\/www.xiphos.org\"><img loading=\"lazy\" decoding=\"async\" src=\"http:\/\/fc03.deviantart.net\/fs70\/f\/2011\/034\/7\/9\/xiphos_bible_faenza_icon_by_iheartubuntu-d38plio.png\" alt=\"\" width=\"64\" height=\"64\" \/>xiphos (http:\/\/www.xiphos.org)<\/a><\/p>\n<p><a href=\"http:\/\/www.bibletime.info\" target=\"_blank\" rel=\"noopener\"><img decoding=\"async\" src=\"http:\/\/www.crosswire.org\/sword\/images\/news\/bibletime.png\" alt=\"\" \/>bibletime (http:\/\/www.bibletime.info)<\/a><\/p>\n<p>Online oxu: <a href=\"https:\/\/ebible.org\/study\/?w1=bible&amp;t1=local%3Aazb&amp;v1=MK1_1\">www.ebible.org<\/a><\/p>\n<div id=\"streaming-download\">\n<p>Online izl\u0259:\u00a0<a href=\"http:\/\/www.kutsalkitab.org\">www.kutsalkitab.org (TR) &#8211; \u0130ncil &#8211; video<\/a><\/p>\n<p><strong>Online e\u015fitm\u0259:<\/strong><\/p>\n<p><strong>Dili, kitab v\u0259 f\u0259sil se\u00e7in.<\/strong><br \/>\n<strong> (Select the language, book and chapter below that you want to listen to.)<\/strong><\/p>\n<p><object id=\"stream-flash\" style=\"visibility: visible;\" width=\"600\" height=\"150\" classid=\"clsid:d27cdb6e-ae6d-11cf-96b8-444553540000\" codebase=\"http:\/\/download.macromedia.com\/pub\/shockwave\/cabs\/flash\/swflash.cab#version=6,0,40,0\"><param name=\"allowScriptAccess\" value=\"always\" \/><param name=\"flashvars\" value=\"dam_id=ENGESVC2DA&amp;display_language=eng&amp;display_download=true&amp;display_artwork=true&amp;display_logo=true&amp;display_link=true&amp;display_search=true&amp;visual_debug=false&amp;maxchar_language=28&amp;layout=600X150&amp;color_header=820127&amp;color_headerbar=f6b149&amp;color_footer=e6e0c7&amp;color_border=B1B6BC&amp;color_chaptertext=FFFFFF&amp;color_downloadtext=8b8265&amp;color_downloadbackground=f6b149\" \/><param name=\"src\" value=\"http:\/\/streaming.faithcomesbyhearing.com\/widget.swf\" \/><param name=\"allowscriptaccess\" value=\"always\" \/><\/object><\/p>\n<\/div>\n","protected":false},"excerpt":{"rendered":"<p>Allah b\u00fct\u00fcn insanlarla dan\u0131\u015f\u0131r. Nec\u0259? Ax\u0131 Allah\u0131n a\u011fz\u0131, dili yoxdur. Buna baxmayaraq bizi sevdiyin\u0259 g\u00f6r\u0259 \u00d6z\u00fcn\u00fc v\u0259hy etdi v\u0259 h\u0259l\u0259 d\u0259 edir. O, d\u00fcnyan\u0131n yarad\u0131l\u0131\u015f\u0131, tarix, vicdan, insanlar v\u0259 s. [&hellip;]<\/p>\n","protected":false},"author":1,"featured_media":0,"parent":2897,"menu_order":0,"comment_status":"open","ping_status":"closed","template":"","meta":{"jetpack_post_was_ever_published":false,"footnotes":""},"class_list":["post-328","page","type-page","status-publish","hentry"],"jetpack_sharing_enabled":true,"jetpack_shortlink":"https:\/\/wp.me\/P2X63J-5i","_links":{"self":[{"href":"https:\/\/www.catholic.az\/az\/wp-json\/wp\/v2\/pages\/328","targetHints":{"allow":["GET"]}}],"collection":[{"href":"https:\/\/www.catholic.az\/az\/wp-json\/wp\/v2\/pages"}],"about":[{"href":"https:\/\/www.catholic.az\/az\/wp-json\/wp\/v2\/types\/page"}],"author":[{"embeddable":true,"href":"https:\/\/www.catholic.az\/az\/wp-json\/wp\/v2\/users\/1"}],"replies":[{"embeddable":true,"href":"https:\/\/www.catholic.az\/az\/wp-json\/wp\/v2\/comments?post=328"}],"version-history":[{"count":11,"href":"https:\/\/www.catholic.az\/az\/wp-json\/wp\/v2\/pages\/328\/revisions"}],"predecessor-version":[{"id":330,"href":"https:\/\/www.catholic.az\/az\/wp-json\/wp\/v2\/pages\/328\/revisions\/330"}],"up":[{"embeddable":true,"href":"https:\/\/www.catholic.az\/az\/wp-json\/wp\/v2\/pages\/2897"}],"wp:attachment":[{"href":"https:\/\/www.catholic.az\/az\/wp-json\/wp\/v2\/media?parent=328"}],"curies":[{"name":"wp","href":"https:\/\/api.w.org\/{rel}","templated":true}]}}