{"id":571,"date":"2013-09-04T12:17:44","date_gmt":"2013-09-04T07:17:44","guid":{"rendered":"http:\/\/www.catholic.az\/az\/?page_id=571"},"modified":"2021-07-26T23:17:54","modified_gmt":"2021-07-26T19:17:54","slug":"mesihi-internet","status":"publish","type":"page","link":"https:\/\/www.catholic.az\/az\/katexizis\/mesihi-internet\/","title":{"rendered":"Mesihi Internet"},"content":{"rendered":"<p><a href=\"http:\/\/www.meryemana.net\/\" target=\"_blank\" rel=\"noopener noreferrer\">http:\/\/www.meryemana.net<\/a> (TR)<\/p>\n<p><a title=\"Muslims ask, Christians answer\" href=\"http:\/\/aam.s1205.t3isp.de\/?L=2\" target=\"_blank\" rel=\"noopener noreferrer\">M\u00fcsl\u00fcmanlar soruyor Hristiyanlar yan\u0131t veriyor<\/a>\u00a0(TR)<\/p>\n<p><a href=\"http:\/\/www.cinquepani.it\/eventi\/elenca_per_categoria\/7\">www.cinquepani.it (TR) &#8211; Dualar, H\u0259r g\u00fcn \u00fc\u00e7\u00fcn M\u00fcq\u0259dd\u0259s Yaz\u0131rlar\u0131ndan Messada olan oxunu\u015flar\u0131<\/a><\/p>\n<p><a href=\"https:\/\/www.kutsalkitap.org\/incil-izle\/\">www.kutsalkitap.org (TR) &#8211; \u0130ncil &#8211; video<\/a><\/p>\n","protected":false},"excerpt":{"rendered":"<p>http:\/\/www.meryemana.net (TR) M\u00fcsl\u00fcmanlar soruyor Hristiyanlar yan\u0131t veriyor\u00a0(TR) www.cinquepani.it (TR) &#8211; Dualar, H\u0259r g\u00fcn \u00fc\u00e7\u00fcn M\u00fcq\u0259dd\u0259s Yaz\u0131rlar\u0131ndan Messada olan oxunu\u015flar\u0131 www.kutsalkitap.org (TR) &#8211; \u0130ncil &#8211; video<\/p>\n","protected":false},"author":1,"featured_media":0,"parent":2884,"menu_order":0,"comment_status":"closed","ping_status":"closed","template":"","meta":{"jetpack_post_was_ever_published":false,"footnotes":""},"class_list":["post-571","page","type-page","status-publish","hentry"],"jetpack_sharing_enabled":true,"jetpack_shortlink":"https:\/\/wp.me\/P2X63J-9d","_links":{"self":[{"href":"https:\/\/www.catholic.az\/az\/wp-json\/wp\/v2\/pages\/571","targetHints":{"allow":["GET"]}}],"collection":[{"href":"https:\/\/www.catholic.az\/az\/wp-json\/wp\/v2\/pages"}],"about":[{"href":"https:\/\/www.catholic.az\/az\/wp-json\/wp\/v2\/types\/page"}],"author":[{"embeddable":true,"href":"https:\/\/www.catholic.az\/az\/wp-json\/wp\/v2\/users\/1"}],"replies":[{"embeddable":true,"href":"https:\/\/www.catholic.az\/az\/wp-json\/wp\/v2\/comments?post=571"}],"version-history":[{"count":11,"href":"https:\/\/www.catholic.az\/az\/wp-json\/wp\/v2\/pages\/571\/revisions"}],"predecessor-version":[{"id":2659,"href":"https:\/\/www.catholic.az\/az\/wp-json\/wp\/v2\/pages\/571\/revisions\/2659"}],"up":[{"embeddable":true,"href":"https:\/\/www.catholic.az\/az\/wp-json\/wp\/v2\/pages\/2884"}],"wp:attachment":[{"href":"https:\/\/www.catholic.az\/az\/wp-json\/wp\/v2\/media?parent=571"}],"curies":[{"name":"wp","href":"https:\/\/api.w.org\/{rel}","templated":true}]}}