{"id":614,"date":"2013-10-12T22:11:59","date_gmt":"2013-10-12T17:11:59","guid":{"rendered":"http:\/\/www.catholic.az\/az\/?page_id=614"},"modified":"2019-02-21T22:06:17","modified_gmt":"2019-02-21T18:06:17","slug":"az-messa","status":"publish","type":"page","link":"https:\/\/www.catholic.az\/az\/az-messa\/","title":{"rendered":"M\u00fcq\u0259dd\u0259s Messa"},"content":{"rendered":"<table class=\" aligncenter\" width=\"100%\" cellspacing=\"0\" cellpadding=\"4\">\n<colgroup>\n<col width=\"256*\" \/> <\/colgroup>\n<tbody>\n<tr>\n<td valign=\"top\" width=\"100%\" height=\"4361\">\n<p lang=\"az-Latn-AZ\" align=\"center\"><span style=\"font-size: large;\"><b><span style=\"color: #ff3333;\"><span style=\"font-size: xx-large;\">M\u00fcq\u0259dd\u0259s Messa<\/span><\/span> <\/b><\/span><\/p>\n<p lang=\"az-Latn-AZ\" align=\"center\"><span style=\"color: #0066ff;\"><span style=\"font-size: large;\"><b>1. Ba\u015flan\u011f\u0131c ayinl\u0259r<\/b><\/span><\/span><\/p>\n<div id=\"Section1\" dir=\"ltr\">\n<p lang=\"az-Latn-AZ\" align=\"center\"><span style=\"font-size: large;\">Ata, O\u011ful v\u0259 M\u00fcq\u0259dd\u0259s Ruhun ad\u0131 il\u0259.<\/span><\/p>\n<p lang=\"az-Latn-AZ\" align=\"center\"><span style=\"font-size: large;\"><b>Amin.<\/b><\/span><\/p>\n<p lang=\"az-Latn-AZ\" align=\"center\"><span style=\"font-size: large;\">R\u0259bb Sizinl\u0259 olsun.<\/span><\/p>\n<p lang=\"az-Latn-AZ\" align=\"center\"><span style=\"font-size: large;\"><b>V\u0259 s\u0259nin ruhunla.<\/b><\/span><\/p>\n<p lang=\"az-Latn-AZ\" align=\"center\"><span style=\"font-size: large;\"><b>H\u0259r \u015fey\u0259 qadir Allaha v\u0259 siz\u0259, bac\u0131lar\u0131m v\u0259 qarda\u015flar\u0131m, etiraf edir\u0259m ki,<br \/>\n\u00f6z t\u0259qsirimdir ki, fikirl\u0259rimd\u0259 v\u0259 s\u00f6zl\u0259rimd\u0259, h\u0259r\u0259k\u0259tl\u0259riml\u0259 v\u0259 borcumu yerin\u0259 yetirm\u0259m\u0259kl\u0259 \u00e7ox g\u00fcnah etmi\u015f\u0259m.<\/b><\/span><\/p>\n<p lang=\"az-Latn-AZ\" align=\"center\"><span style=\"font-size: large;\"><span style=\"color: #000000;\"><b>M\u0259nim t\u0259qsirimdir, m\u0259nim t\u0259qsirimdir, m\u0259nim b\u00f6y\u00fck t\u0259qsirimdir. Buna g\u00f6r\u0259 M\u00fcq\u0259dd\u0259s, H\u0259mi\u015f\u0259-Bakir\u0259 M\u0259ry\u0259md\u0259n, b\u00fct\u00fcn M\u0259l\u0259kl\u0259rd\u0259n v\u0259 M\u00fcq\u0259dd\u0259sl\u0259rd\u0259n v\u0259 sizd\u0259n, bac\u0131lar\u0131m v\u0259 qarda\u015flar\u0131m xahi\u015f edir\u0259m ki, m\u0259nim \u00fc\u00e7\u00fcn R\u0259bbimiz Allaha dua ed\u0259siniz.<\/b><\/span><\/span><\/p>\n<p lang=\"az-Latn-AZ\" align=\"center\"><span style=\"color: #000000;\"><span style=\"font-size: medium;\">H\u0259r \u015fey\u0259 qadir Allah biz\u0259 r\u0259hm etsin, g\u00fcnahlar\u0131m\u0131z\u0131 ba\u011f\u0131\u015flas\u0131n v\u0259\u00a0bizi eb\u0259di h\u0259yata qovu\u015fdursun.<\/span><\/span><\/p>\n<p lang=\"az-Latn-AZ\" align=\"center\"><span style=\"color: #000000;\"><span style=\"font-size: large;\"><b>Amin.<\/b><\/span><\/span><\/p>\n<p lang=\"az-Latn-AZ\" align=\"center\"><span style=\"font-size: medium;\"><span style=\"color: #000000;\">Kyrie, eleison, <\/span><span style=\"color: #000000;\">Christe, eleison, Kyrie, eleison.<\/span><\/span><\/p>\n<p lang=\"az-Latn-AZ\" align=\"center\"><span style=\"font-size: large;\"><b>R\u0259bb biz\u0259 r\u0259hm et.<\/b><\/span><\/p>\n<p lang=\"az-Latn-AZ\" align=\"center\"><span style=\"font-size: large;\"><b> <\/b><b>M\u0259sih,<\/b><b> biz\u0259 r\u0259hm et.<\/b><\/span><\/p>\n<p lang=\"az-Latn-AZ\" align=\"center\"><span style=\"font-size: large;\"><b>R\u0259bb, biz\u0259 r\u0259hm et.<\/b> <\/span><\/p>\n<p lang=\"az-Latn-AZ\" align=\"center\"><span style=\"font-size: large;\"><b>G\u00f6yl\u0259rd\u0259ki uca Allaha h\u0259md olsun<\/b><\/span><\/p>\n<p lang=\"az-Latn-AZ\" align=\"center\"><span style=\"font-size: large;\"><b>v\u0259 yer \u00fcz\u00fcnd\u0259ki xo\u015f m\u0259raml\u0131 insanlara s\u00fclh g\u0259lsin. S\u0259ni t\u0259rif edirik. S\u0259ni ucald\u0131r\u0131q. Qar\u015f\u0131nda diz \u00e7\u00f6k\u00fcr\u00fck.<br \/>\nS\u0259n\u0259 h\u0259md edirik. Uca Allah, g\u00f6y\u00fcn H\u00f6kmdar\u0131, h\u0259r \u015fey\u0259 qadir Ata,<br \/>\ney Allah\u0131m\u0131z, uca \u018fz\u0259m\u0259tin \u00fc\u00e7\u00fcn S\u0259n\u0259 \u015f\u00fck\u00fcr edirik. R\u0259bb \u0130sa M\u0259sih, Yegan\u0259 O\u011ful, R\u0259bb Allah, Allah\u0131n Quzusu, Atan\u0131n O\u011flu, d\u00fcnyan\u0131n g\u00fcnahlar\u0131n\u0131 t\u0259mizl\u0259y\u0259n S\u0259n, biz\u0259 r\u0259hm et; d\u00fcnyan\u0131n g\u00fcnahlar\u0131n\u0131 t\u0259mizl\u0259y\u0259n S\u0259n, dualar\u0131m\u0131z\u0131 q\u0259bul et; uca Allah\u0131n sa\u011f\u0131nda \u0259yl\u0259\u015f\u0259n S\u0259n, biz\u0259 r\u0259hm et. \u00c7\u00fcnki yaln\u0131z S\u0259n m\u00fcq\u0259dd\u0259ss\u0259n, yaln\u0131z S\u0259n R\u0259bbimizs\u0259n, yaln\u0131z S\u0259n uca Allahsan. Ey M\u0259sih \u0130sa, M\u00fcq\u0259dd\u0259s Ruhun birliyind\u0259 Ata Allah\u0131n izz\u0259tind\u0259s\u0259n. Amin.<\/b><\/span><\/p>\n<p lang=\"ru-RU\" align=\"center\"><span style=\"color: #ff3333;\"><span style=\"font-size: large;\">&#8230;<\/span><\/span><\/p>\n<p lang=\"az-Latn-AZ\" align=\"center\"><span style=\"font-size: large;\">Dua ed\u0259k.<\/span><\/p>\n<p lang=\"az-Latn-AZ\" align=\"center\"><span style=\"font-size: large;\"><b>Amin.<\/b><\/span><\/p>\n<p lang=\"az-Latn-AZ\" align=\"center\"><b style=\"font-size: large; color: #0066ff; font-family: inherit;\">2. S\u00d6Z L\u0130TURGIYASI<\/b><\/p>\n<p lang=\"az-Latn-AZ\" align=\"center\"><span style=\"font-size: large; color: #0066ff; font-family: inherit;\">(M\u00dcQ\u018fDD\u018fS K\u0130TABIN OXUNU\u015eU)<\/span><\/p>\n<p lang=\"az-Latn-AZ\" align=\"center\"><b style=\"font-size: large; font-family: inherit;\"><span style=\"color: #0066ff;\">1<\/span><span style=\"color: #0066ff;\"><sup>ci<\/sup><\/span><span style=\"color: #0066ff;\"> oxunu\u015f<\/span><\/b><\/p>\n<\/div>\n<div id=\"Section2\" dir=\"ltr\">\n<p lang=\"az-Latn-AZ\" align=\"center\"><span style=\"font-size: large;\">&#8230;<\/span><\/p>\n<p lang=\"az-Latn-AZ\" align=\"center\"><span style=\"font-size: large;\">Bu Allah\u0131n K\u0259lam\u0131d\u0131r<\/span><\/p>\n<p lang=\"az-Latn-AZ\" align=\"center\"><span style=\"font-size: large;\"><b>Allaha \u015f\u00fck\u00fcrl\u0259r olsun.<\/b><\/span><\/p>\n<p lang=\"az-Latn-AZ\" align=\"center\"><span style=\"color: #0066ff;\"><span style=\"font-size: large;\"><b>M\u0259zmur <\/b>(ruhani n\u0259\u011fm\u0259)<\/span><\/span><\/p>\n<p lang=\"az-Latn-AZ\" align=\"center\"><span style=\"color: #0066ff;\"><span style=\"font-size: large;\"><b>2<\/b><sup><b>ci<\/b><\/sup><b> oxunu\u015f<\/b><\/span><\/span><\/p>\n<p lang=\"az-Latn-AZ\" align=\"center\"><span style=\"font-size: large;\">Bu Allah\u0131n K\u0259lam\u0131d\u0131r<\/span><\/p>\n<p lang=\"az-Latn-AZ\" align=\"center\"><span style=\"font-size: large;\"><b>Allaha \u015f\u00fck\u00fcrl\u0259r olsun.<\/b><\/span><\/p>\n<p lang=\"az-Latn-AZ\" align=\"center\"><span style=\"font-size: large;\"><b>Alleluya<\/b><\/span><\/p>\n<p lang=\"az-Latn-AZ\" align=\"center\"><span style=\"font-size: large;\"><span style=\"color: #0066ff;\"><b>\u0130nc<\/b><\/span><span style=\"color: #0066ff;\"><b>i<\/b><\/span><span style=\"color: #0066ff;\"><b>l<\/b><\/span><\/span><\/p>\n<p lang=\"az-Latn-AZ\" align=\"center\"><span style=\"font-size: large;\">K: R\u0259bb sizinl\u0259 olsun.<\/span><\/p>\n<p lang=\"az-Latn-AZ\" align=\"center\"><span style=\"font-size: large;\"><b>M: V\u0259 s\u0259nin ruhunla.<\/b><\/span><\/p>\n<p lang=\"az-Latn-AZ\" align=\"center\"><span style=\"font-size: large;\">Ke\u015fi\u015f (Diakon): M\u00fcq\u0259dd\u0259s N-\u0131n M\u00fcjd\u0259sind\u0259n \u0130sa M\u0259sihin s\u00f6zl\u0259ri.<\/span><\/p>\n<p lang=\"az-Latn-AZ\" align=\"center\"><span style=\"font-size: large;\"><b>M: \u015ean-\u015f\u0259r\u0259f R\u0259bbindir.<\/b> <\/span><\/p>\n<p lang=\"az-Latn-AZ\" align=\"center\"><span style=\"color: #ff0000;\"><span style=\"font-size: large;\"><i>&#8230;<\/i><\/span><\/span><\/p>\n<p lang=\"az-Latn-AZ\" align=\"center\"><span style=\"font-size: large;\">K: Bu R\u0259bbin K\u0259lam\u0131d\u0131r. <\/span><\/p>\n<p lang=\"az-Latn-AZ\" align=\"center\"><span style=\"font-size: large;\"><b>M: R\u0259bb \u0130sa M\u0259sih, S\u0259n\u0259 h\u0259md olsun.<\/b><\/span><\/p>\n<p lang=\"az-Latn-AZ\" align=\"center\"><span style=\"color: #0066ff;\"><span style=\"font-size: large;\"><b>Moiz\u0259<\/b><\/span><\/span><\/p>\n<p lang=\"az-Latn-AZ\" align=\"center\"><span style=\"color: #0066ff;\"><span style=\"font-size: large;\"><b>H\u0259varil\u0259rin Kredosu<\/b><\/span><\/span><\/p>\n<p lang=\"az-Latn-AZ\" align=\"center\"><span style=\"font-size: large;\">\u0130man edir\u0259m. Yeri v\u0259 g\u00f6y\u00fc yaradan K\u00fclli-ixtiyar <b>Ata<\/b> Allaha ve Onun Yegan\u0259 <b>O\u011flu<\/b>, M\u00fcq\u0259dd\u0259s Ruhdan d\u00f6ll\u0259nmi\u015f, Bakir\u0259 M\u0259ry\u0259md\u0259n do\u011fulmu\u015f, Ponti Pilat\u0131n h\u00f6km\u00fc alt\u0131nda \u0259zab \u00e7\u0259kmi\u015f, \u00e7arm\u0131xa \u00e7\u0259kilmi\u015f, \u00f6lm\u00fc\u015f v\u0259 d\u0259fn olunmu\u015f, \u00f6l\u00fcl\u0259r al\u0259min\u0259 enmi\u015f, \u00fc\u00e7\u00fcnc\u00fc g\u00fcn dirilmi\u015f, g\u00f6yl\u0259r\u0259 qalxm\u0131\u015f, k\u00fclli-ixtiyar Ata Allah\u0131n sa\u011f\u0131nda \u0259yl\u0259\u015fmi\u015f, oradan diril\u0259ri v\u0259 \u00f6l\u00fcl\u0259ri m\u00fchakim\u0259 etm\u0259y\u0259 g\u0259l\u0259c\u0259k, R\u0259bbimiz \u0130sa M\u0259sih\u0259 iman edir\u0259m. <b>M\u00fcq\u0259dd\u0259s<\/b> <b>Ruha<\/b>, M\u00fcq\u0259dd\u0259s \u00dcmumd\u00fcnya Kils\u0259sin\u0259, m\u00fcq\u0259dd\u0259sl\u0259rin \u00fcnsiyy\u0259tin\u0259, g\u00fcnahlar\u0131n ba\u011f\u0131\u015flanmas\u0131na, b\u0259d\u0259nin dirilm\u0259sin\u0259, \u0259b\u0259di h\u0259yata iman edir\u0259m. Amin.<\/span><\/p>\n<p lang=\"az-Latn-AZ\" align=\"center\"><span style=\"color: #0066ff;\"><span style=\"font-size: large;\"><b>Nikeya-Konstantinopol Kredosu<\/b><\/span><\/span><\/p>\n<p lang=\"az-Latn-AZ\" align=\"center\"><span style=\"font-size: large;\">\u0130man edir\u0259m \u2013 bir t\u0259k Allaha inan\u0131ram.<\/span><\/p>\n<p lang=\"az-Latn-AZ\" align=\"center\"><span style=\"font-size: large;\">Yerin v\u0259 g\u00f6y\u00fcn, g\u00f6r\u00fcn\u0259n v\u0259 g\u00f6r\u00fcnm\u0259y\u0259n b\u00fct\u00fcn varl\u0131\u011flar\u0131 yaradan, K\u00fclli-\u0130xtiyar <b>Ata<\/b> Allaha inan\u0131ram. \u018fz\u0259ld\u0259n Atadan d\u00fcnyaya g\u0259lmi\u015f, Allah\u0131n yegan\u0259 <b>O\u011flu<\/b>,<br \/>\nbir t\u0259k R\u0259bb olan M\u0259sih \u0130saya inan\u0131ram.<br \/>\nO, Allahdan Allah, Nurdan Nur, H\u0259qiqi Allahdan H\u0259qiqi Allahd\u0131r. <\/span><\/p>\n<p lang=\"az-Latn-AZ\" align=\"center\"><span style=\"font-size: large;\">O, do\u011fulmu\u015f, lakin yarad\u0131lmam\u0131\u015fd\u0131r,<br \/>\nAta il\u0259 eynidir v\u0259 h\u0259r \u015fey onun v\u0259sit\u0259si il\u0259 yarad\u0131lm\u0131\u015fd\u0131r. Biz, insanlara g\u00f6r\u0259 v\u0259 bizi xilas etm\u0259k namin\u0259 g\u00f6yd\u0259n enmi\u015f, M\u00fcq\u0259dd\u0259s Ruhun q\u00fcdr\u0259til\u0259 Bakir\u0259 M\u0259ry\u0259md\u0259n V\u00fcc\u00fcd al\u0131b insan olmu\u015fdur. Pontius Pilatus vaxt\u0131nda bizim \u00fc\u00e7\u00fcn ac\u0131 \u00e7\u0259k\u0259r\u0259k \u00e7arm\u0131xa \u00e7\u0259kilmi\u015f, \u00f6lm\u00fc\u015f, d\u0259fn edilmi\u015f v\u0259 M\u00fcq\u0259dd\u0259s Yaz\u0131lara g\u00f6r\u0259 \u00fc\u00e7 g\u00fcnd\u0259n sonra dirilmi\u015fdir. G\u00f6y\u0259 \u00e7\u0131xm\u0131\u015f<br \/>\nv\u0259 Atan\u0131n sa\u011f\u0131nda oturmaqdad\u0131r. Diril\u0259ri v\u0259 \u00f6l\u00fcl\u0259ri m\u00fchakim\u0259 etm\u0259k \u00fc\u00e7\u00fcn t\u0259krar g\u0259l\u0259c\u0259k v\u0259 Onun pad\u015fahl\u0131\u011f\u0131<br \/>\nhe\u00e7 vaxt sona \u00e7atmayacaqd\u0131r. <\/span><\/p>\n<p lang=\"az-Latn-AZ\" align=\"center\"><span style=\"font-size: large;\">Pey\u011f\u0259mb\u0259rl\u0259r vasit\u0259si il\u0259 dan\u0131\u015fm\u0131\u015f olan Ata v\u0259 O\u011fuldan g\u0259l\u0259n, Ata v\u0259 O\u011ful il\u0259 birlikd\u0259 sitayi\u015f edil\u0259n v\u0259 ucald\u0131lan, h\u0259yat\u0131n qayna\u011f\u0131 v\u0259 R\u0259bb olan,<br \/>\n<b>M\u00fcq\u0259dd\u0259s<\/b> <b>Ruha<\/b> inan\u0131ram.<br \/>\nBir olan, M\u00fcq\u0259dd\u0259s, \u00dcmum-d\u00fcnya (katolik) v\u0259 H\u0259vari Kils\u0259sin\u0259 inan\u0131ram. G\u00fcnahlar\u0131n \u0259fv edilm\u0259si \u00fc\u00e7\u00fcn t\u0259k bir v\u0259ftizi q\u0259bul edir\u0259m, \u00f6l\u00fcl\u0259rin dirili\u015fini<br \/>\nv\u0259 \u0259b\u0259di h\u0259yat\u0131 g\u00f6zl\u0259yir\u0259m. <\/span><\/p>\n<p lang=\"az-Latn-AZ\" align=\"center\"><span style=\"font-size: large;\">Amin.<\/span><\/p>\n<p lang=\"az-Latn-AZ\" align=\"center\"><span style=\"font-size: large;\"><span style=\"color: #0066ff;\"><b>M\u00f6m<\/b><\/span><span style=\"color: #0066ff;\"><b>i<\/b><\/span><span style=\"color: #0066ff;\"><b>nl\u0259r<\/b><\/span><span style=\"color: #0066ff;\"><b>i<\/b><\/span><span style=\"color: #0066ff;\"><b>n duas\u0131<\/b><\/span><\/span><\/p>\n<p lang=\"az-Latn-AZ\" align=\"center\"><span style=\"color: #ff0000;\"><span style=\"font-size: large;\"><i>&#8230;<\/i><\/span><\/span><\/p>\n<p lang=\"az-Latn-AZ\" align=\"center\"><span style=\"font-size: large;\"><b>E\u015fit bizi, ya R\u0259bb. <\/b><\/span><\/p>\n<p lang=\"az-Latn-AZ\" align=\"center\"><span style=\"color: #ff3333;\"><span style=\"font-size: large;\">&#8230;<\/span><\/span><\/p>\n<p lang=\"az-Latn-AZ\" align=\"center\"><span style=\"font-size: large;\"><b>Amin.<\/b><\/span><\/p>\n<p lang=\"az-Latn-AZ\" align=\"center\"><b style=\"font-size: large; color: #0066ff; font-family: inherit;\">3. <\/b><b style=\"font-size: large; color: #0066ff; font-family: inherit;\">E<\/b><b style=\"font-size: large; color: #0066ff; font-family: inherit;\">VXARISTIYA L\u0130TURGIYASI<\/b><\/p>\n<\/div>\n<p lang=\"az-Latn-AZ\" align=\"center\"><span style=\"color: #0066ff;\"><span style=\"font-size: medium;\">(\u00c7\u00d6R\u018fY\u0130N V\u018f \u015e\u018fRABIN T\u018fQD\u0130M ED\u0130LM\u018fS\u0130)<\/span><\/span><\/p>\n<p lang=\"ru-RU\" align=\"center\"><span style=\"color: #ff3333;\"><span style=\"font-size: large;\">&#8230;<\/span><\/span><\/p>\n<p lang=\"az-Latn-AZ\" align=\"center\"><span style=\"font-size: large;\"><b>\u0130ndi v\u0259 h\u0259mi\u015f\u0259 Allaha \u015f\u00fck\u00fcr ed\u0259k. <\/b><\/span><\/p>\n<p lang=\"ru-RU\" align=\"center\"><span style=\"color: #ff3333;\"><span style=\"font-size: large;\">&#8230;<\/span><\/span><\/p>\n<p lang=\"az-Latn-AZ\" align=\"center\"><span style=\"font-size: large;\">Qarda\u015flar\u0131m v\u0259 bac\u0131lar\u0131m, Allah, h\u0259r \u015fey\u0259 qadir Ata m\u0259nim v\u0259 sizin qurban\u0131n\u0131z\u0131 q\u0259bul etm\u0259si \u00fc\u00e7\u00fcn dua edin.<\/span><\/p>\n<p lang=\"az-Latn-AZ\" align=\"center\"><span style=\"font-size: large;\"><b>Allah \u00d6z ad\u0131n\u0131n ucal\u0131\u011f\u0131na v\u0259 \u015fan\u0131na, bizim v\u0259 B\u00fct\u00fcn M\u00fcq\u0259dd\u0259s Kils\u0259sinin rifah\u0131 \u00fc\u00e7\u00fcn <\/b><\/span><\/p>\n<p lang=\"az-Latn-AZ\" align=\"center\"><span style=\"font-size: large;\"><b>\u0259ll\u0259rind\u0259n bu qurban\u0131 q\u0259bul etsin.<\/b><\/span><\/p>\n<p lang=\"az-Latn-AZ\" align=\"center\"><span style=\"color: #ff0000;\"><span style=\"font-size: large;\"><i>&#8230;<\/i><\/span><\/span><\/p>\n<p lang=\"az-Latn-AZ\" align=\"center\"><span style=\"font-size: large;\"><b>Amin. <\/b><\/span><\/p>\n<p lang=\"az-Latn-AZ\" align=\"center\"><span style=\"font-size: large;\">R\u0259bb sizinl\u0259 olsun.<\/span><\/p>\n<p lang=\"az-Latn-AZ\" align=\"center\"><span style=\"font-size: large;\"><b>V\u0259 s\u0259nin ruhunla.<\/b><\/span><\/p>\n<p lang=\"az-Latn-AZ\" align=\"center\"><span style=\"font-size: large;\">Q\u0259lbl\u0259rimizi y\u00fcks\u0259ld\u0259k.<\/span><\/p>\n<p lang=\"az-Latn-AZ\" align=\"center\"><span style=\"font-size: large;\"><b>Q\u0259lbl\u0259rimiz R\u0259bb il\u0259dir.<\/b><\/span><\/p>\n<p lang=\"az-Latn-AZ\" align=\"center\"><span style=\"font-size: large;\">R\u0259bbimiz Allaha \u015f\u00fck\u00fcr ed\u0259k.<\/span><\/p>\n<p lang=\"az-Latn-AZ\" align=\"center\"><span style=\"font-size: large;\"><b>Bu do\u011fru v\u0259 adildir.<\/b><\/span><\/p>\n<p lang=\"az-Latn-AZ\" align=\"center\"><span style=\"color: #ff0000;\"><span style=\"font-size: large;\"><i>&#8230;<\/i><\/span><\/span><\/p>\n<p lang=\"az-Latn-AZ\" align=\"center\"><span style=\"font-size: large;\"><b>M\u00fcq\u0259dd\u0259s, M\u00fcq\u0259dd\u0259s, M\u00fcq\u0259dd\u0259sdir, R\u0259bbimiz, kainat\u0131n Allah\u0131. <\/b><\/span><\/p>\n<p lang=\"az-Latn-AZ\" align=\"center\"><span style=\"font-size: large;\"><b>G\u00f6yl\u0259r v\u0259 yer S\u0259nin \u015fan\u0131nla doludur. <\/b><\/span><\/p>\n<p lang=\"az-Latn-AZ\" align=\"center\"><span style=\"font-size: large;\"><b>Hosanna s\u0259malardak\u0131 uca Allaha. <\/b><\/span><\/p>\n<p lang=\"az-Latn-AZ\" align=\"center\"><span style=\"font-size: large;\"><b>R\u0259bbin ad\u0131 il\u0259 g\u0259l\u0259n xeyir-dual\u0131d\u0131r. <\/b><\/span><\/p>\n<p lang=\"az-Latn-AZ\" align=\"center\"><span style=\"font-size: large;\"><b>Hosanna s\u0259malardak\u0131 uca Allaha.<\/b><\/span><\/p>\n<p lang=\"az-Latn-AZ\" align=\"center\"><span style=\"font-size: large;\"><b><span style=\"color: #0066ff;\">E<\/span><span style=\"color: #0066ff;\">VXARIST\u0130YA DUASI<\/span><\/b><\/span><\/p>\n<p lang=\"ru-RU\" align=\"center\"><span style=\"color: #ff3333;\"><span style=\"font-size: large;\">&#8230;<\/span><\/span><\/p>\n<p lang=\"az-Latn-AZ\" align=\"center\"><span style=\"font-size: large;\">\u0130man\u0131n sirridir.<\/span><\/p>\n<p lang=\"az-Latn-AZ\" align=\"center\"><span style=\"font-size: large;\"><b>R\u0259bbimiz, S\u0259nin \u00f6l\u00fcm\u00fcn\u00fc elan edirik, dirili\u015fini etiraf edirik v\u0259 \u015fanl\u0131 g\u0259li\u015fini g\u00f6zl\u0259yirik.<\/b><\/span><\/p>\n<p lang=\"az-Latn-AZ\" align=\"center\"><span style=\"color: #ff0000;\"><span style=\"font-size: large;\"><i>&#8230;<\/i><\/span><\/span><\/p>\n<p lang=\"az-Latn-AZ\" align=\"center\"><span style=\"font-size: large;\"><b>Amin.<\/b><\/span><\/p>\n<p lang=\"az-Latn-AZ\" align=\"center\"><span style=\"font-size: large;\">Xilasedici \u0259mrl\u0259rd\u0259n \u00f6yr\u0259n\u0259r\u0259k v\u0259 ilahi n\u0259sih\u0259tl\u0259rd\u0259n ruhlanaraq, c\u0259sar\u0259tl\u0259 deyirik:<\/span><\/p>\n<p lang=\"az-Latn-AZ\" align=\"center\"><span style=\"font-size: large;\"><b>Ey g\u00f6yl\u0259rd\u0259 olan Atam\u0131z!<\/b><\/span><\/p>\n<p lang=\"az-Latn-AZ\" align=\"center\"><span style=\"font-size: large;\"><b>Ad\u0131n M\u00fcq\u0259dd\u0259s tutulsun,<\/b><\/span><\/p>\n<p lang=\"az-Latn-AZ\" align=\"center\"><span style=\"font-size: large;\"><b>S\u0259nin S\u0259lt\u0259n\u0259tin g\u0259lsin, g\u00f6yd\u0259 oldu\u011fu kimi, yerd\u0259 d\u0259 S\u0259nin irad\u0259n olsun.<\/b><\/span><\/p>\n<p lang=\"az-Latn-AZ\" align=\"center\"><span style=\"font-size: large;\"><b>G\u00fcnd\u0259lik \u00e7\u00f6r\u0259yimizi biz\u0259 bu g\u00fcn ver;<\/b><\/span><\/p>\n<p lang=\"az-Latn-AZ\" align=\"center\"><span style=\"font-size: large;\"><b>v\u0259 biz\u0259 borclu olanlar\u0131 <\/b><\/span><\/p>\n<p lang=\"az-Latn-AZ\" align=\"center\"><span style=\"font-size: large;\"><b>ba\u011f\u0131\u015flad\u0131\u011f\u0131m\u0131z kimi,<\/b><\/span><\/p>\n<p lang=\"az-Latn-AZ\" align=\"center\"><span style=\"font-size: large;\"><b>bizim borclar\u0131m\u0131z\u0131 da ba\u011f\u0131\u015fla. V\u0259 bizi s\u0131na\u011fa \u00e7\u0259km\u0259, lakin bizi \u015f\u0259rd\u0259n xilas et.<\/b><\/span><\/p>\n<p lang=\"ru-RU\" align=\"center\"><span style=\"color: #ff3333;\"><span style=\"font-size: large;\">&#8230;<\/span><\/span><\/p>\n<p lang=\"az-Latn-AZ\" align=\"center\"><span style=\"font-size: large;\"><b>\u00c7\u00fcnki S\u0259lt\u0259n\u0259t, q\u00fcdr\u0259t v\u0259 izz\u0259t <\/b><\/span><\/p>\n<p lang=\"az-Latn-AZ\" align=\"center\"><span style=\"font-size: large;\"><b>\u0259b\u0259di olaraq S\u0259nindir! <\/b><\/span><\/p>\n<p lang=\"ru-RU\" align=\"center\"><span style=\"color: #ff3333;\"><span style=\"font-size: large;\">&#8230;<\/span><\/span><\/p>\n<p lang=\"az-Latn-AZ\" align=\"center\"><span style=\"font-size: large;\"><b>Amin.<\/b><\/span><\/p>\n<p lang=\"az-Latn-AZ\" align=\"center\"><span style=\"color: #0066ff;\"><span style=\"font-size: large;\"><b>S\u00fclh ni\u015fan\u0131<\/b><\/span><\/span><\/p>\n<p lang=\"az-Latn-AZ\" align=\"center\"><span style=\"font-size: large;\">R\u0259bbin s\u00fclh\u00fc h\u0259mi\u015f\u0259 sizinl\u0259 olsun.<\/span><\/p>\n<p lang=\"az-Latn-AZ\" align=\"center\"><span style=\"font-size: large;\"><b>V\u0259 s\u0259nin ruhunla.<\/b><\/span><\/p>\n<p lang=\"ru-RU\" align=\"center\"><span style=\"color: #ff3333;\"><span style=\"font-size: large;\">&#8230;<\/span><\/span><\/p>\n<p lang=\"az-Latn-AZ\" align=\"center\"><span style=\"font-size: large;\"><b>\u00dcz\u0259rin\u0259 d\u00fcnyan\u0131n g\u00fcnahlar\u0131n\u0131 g\u00f6t\u00fcr\u0259n Allah\u0131n Quzusu, biz\u0259 m\u0259rh\u0259m\u0259t et.<br \/>\n<span style=\"font-size: small;\"> .<\/span><\/b><\/span><\/p>\n<p lang=\"az-Latn-AZ\" align=\"center\"><span style=\"font-size: large;\"><b>\u00dcz\u0259rin\u0259 d\u00fcnyan\u0131n g\u00fcnahlar\u0131n\u0131 g\u00f6t\u00fcr\u0259n Allah\u0131n Quzusu, biz\u0259 m\u0259rh\u0259m\u0259t et. <\/b><\/span><\/p>\n<p lang=\"az-Latn-AZ\" align=\"center\"><span style=\"font-size: large;\"><b>\u00dcz\u0259rin\u0259 d\u00fcnyan\u0131n g\u00fcnahlar\u0131n\u0131 g\u00f6t\u00fcr\u0259n Allah\u0131n Quzusu, biz\u0259 s\u00fclh ver.<\/b><\/span><\/p>\n<p lang=\"az-Latn-AZ\" align=\"center\"><span style=\"font-size: large;\">Budur d\u00fcnyan\u0131n g\u00fcnahlar\u0131n\u0131 \u00d6z \u00fcz\u0259rin\u0259 g\u00f6t\u00fcr\u0259n Allah\u0131n Quzusu. Quzunun s\u00fcfr\u0259sin\u0259 d\u0259v\u0259t edil\u0259nl\u0259r n\u0259 b\u0259xtiyard\u0131r.<\/span><\/p>\n<p lang=\"az-Latn-AZ\" align=\"center\"><span style=\"font-size: large;\"><b>R\u0259bbim, m\u0259n layiq deyil\u0259m ki,<br \/>\nS\u0259n evim\u0259 g\u0259l\u0259s\u0259n, lakin yaln\u0131z S\u0259nin bir k\u0259lm\u0259n il\u0259 q\u0259lbim sa\u011falacaq.<\/b><\/span><\/p>\n<p lang=\"az-Latn-AZ\" align=\"center\"><span style=\"color: #ff3333;\"><span style=\"font-size: large;\"><b>&#8230;<\/b><\/span><\/span><\/p>\n<p lang=\"az-Latn-AZ\" align=\"center\"><span style=\"font-size: large;\"><b><span style=\"color: #0066ff;\">E<\/span><span style=\"color: #0066ff;\">vxaristiyadan sonra dua<\/span><\/b><\/span><\/p>\n<p lang=\"az-Latn-AZ\" align=\"center\"><span style=\"font-size: large;\">Dua ed\u0259k.<\/span><\/p>\n<p lang=\"az-Latn-AZ\" align=\"center\"><span style=\"font-size: large;\"><b>Amin.<\/b><\/span><\/p>\n<p lang=\"az-Latn-AZ\" align=\"center\"><span style=\"color: #0066ff;\"><span style=\"font-size: large;\"><b>4. Tamamlay\u0131c\u0131 Ay\u0130n<\/b><\/span><\/span><\/p>\n<p lang=\"az-Latn-AZ\" align=\"center\"><span style=\"color: #ff3333;\"><span style=\"font-size: large;\"><b>&#8230;<\/b><\/span><\/span><\/p>\n<p lang=\"az-Latn-AZ\" align=\"center\"><span style=\"font-size: large;\">R\u0259bb sizinl\u0259 olsun.<\/span><\/p>\n<p lang=\"az-Latn-AZ\" align=\"center\"><span style=\"font-size: large;\"><b>V\u0259 s\u0259nin ruhunla.<\/b><\/span><\/p>\n<p lang=\"az-Latn-AZ\" align=\"center\"><span style=\"font-size: large;\">H\u0259r \u015fey\u0259 qadir Allah \u2013 Ata, O\u011ful v\u0259 M\u00fcq\u0259dd\u0259s Ruh siz\u0259 xeyir-dua versin.<\/span><\/p>\n<p lang=\"az-Latn-AZ\" align=\"center\"><span style=\"font-size: large;\"><b>Amin.<\/b><\/span><\/p>\n<p lang=\"az-Latn-AZ\" align=\"center\"><span style=\"color: #ff3333;\"><span style=\"font-size: large;\"><b>&#8230;<\/b><\/span><\/span><\/p>\n<p lang=\"az-Latn-AZ\" align=\"center\"><span style=\"font-size: large;\">S\u00fclh il\u0259 gedin.<\/span><\/p>\n<p lang=\"az-Latn-AZ\" align=\"center\"><span style=\"font-size: large;\"><b>Allaha \u015f\u00fck\u00fcrl\u0259r olsun. <\/b><\/span><\/p>\n<\/td>\n<\/tr>\n<\/tbody>\n<\/table>\n<p><a href=\"http:\/\/www.catholic.az\/download\/az-messa.pdf\">&gt;&gt;&gt; PDF y\u00fckl\u0259 &lt;&lt;&lt;<\/a><\/p>\n","protected":false},"excerpt":{"rendered":"<p>M\u00fcq\u0259dd\u0259s Messa 1. Ba\u015flan\u011f\u0131c ayinl\u0259r Ata, O\u011ful v\u0259 M\u00fcq\u0259dd\u0259s Ruhun ad\u0131 il\u0259. Amin. R\u0259bb Sizinl\u0259 olsun. V\u0259 s\u0259nin ruhunla. H\u0259r \u015fey\u0259 qadir Allaha v\u0259 siz\u0259, bac\u0131lar\u0131m v\u0259 qarda\u015flar\u0131m, etiraf edir\u0259m [&hellip;]<\/p>\n","protected":false},"author":1,"featured_media":0,"parent":0,"menu_order":0,"comment_status":"closed","ping_status":"open","template":"","meta":{"jetpack_post_was_ever_published":false,"footnotes":""},"class_list":["post-614","page","type-page","status-publish","hentry"],"jetpack_sharing_enabled":true,"jetpack_shortlink":"https:\/\/wp.me\/P2X63J-9U","_links":{"self":[{"href":"https:\/\/www.catholic.az\/az\/wp-json\/wp\/v2\/pages\/614","targetHints":{"allow":["GET"]}}],"collection":[{"href":"https:\/\/www.catholic.az\/az\/wp-json\/wp\/v2\/pages"}],"about":[{"href":"https:\/\/www.catholic.az\/az\/wp-json\/wp\/v2\/types\/page"}],"author":[{"embeddable":true,"href":"https:\/\/www.catholic.az\/az\/wp-json\/wp\/v2\/users\/1"}],"replies":[{"embeddable":true,"href":"https:\/\/www.catholic.az\/az\/wp-json\/wp\/v2\/comments?post=614"}],"version-history":[{"count":5,"href":"https:\/\/www.catholic.az\/az\/wp-json\/wp\/v2\/pages\/614\/revisions"}],"predecessor-version":[{"id":1967,"href":"https:\/\/www.catholic.az\/az\/wp-json\/wp\/v2\/pages\/614\/revisions\/1967"}],"wp:attachment":[{"href":"https:\/\/www.catholic.az\/az\/wp-json\/wp\/v2\/media?parent=614"}],"curies":[{"name":"wp","href":"https:\/\/api.w.org\/{rel}","templated":true}]}}