{"id":878,"date":"2014-10-26T00:51:32","date_gmt":"2014-10-25T19:51:32","guid":{"rendered":"http:\/\/www.catholic.az\/az\/?page_id=878"},"modified":"2024-08-02T21:45:33","modified_gmt":"2024-08-02T17:45:33","slug":"contact","status":"publish","type":"page","link":"https:\/\/www.catholic.az\/az\/contact\/","title":{"rendered":"\u018flaq\u0259"},"content":{"rendered":"<h5 style=\"padding-left: 30px; text-align: left;\"><a href=\"https:\/\/www.catholic.az\/az\/wp-content\/uploads\/2021\/08\/800px-Apostolic_Prefecture_of_Baku.jpg\"><img loading=\"lazy\" decoding=\"async\" data-attachment-id=\"2958\" data-permalink=\"https:\/\/www.catholic.az\/az\/9-avqust-adi-dovrun-xix-r%c9%99bb-gunun%c9%99-olan-elanlar\/800px-apostolic_prefecture_of_baku\/\" data-orig-file=\"https:\/\/www.catholic.az\/az\/wp-content\/uploads\/2021\/08\/800px-Apostolic_Prefecture_of_Baku.jpg\" data-orig-size=\"800,1072\" data-comments-opened=\"0\" data-image-meta=\"{&quot;aperture&quot;:&quot;0&quot;,&quot;credit&quot;:&quot;Marek&quot;,&quot;camera&quot;:&quot;&quot;,&quot;caption&quot;:&quot;&quot;,&quot;created_timestamp&quot;:&quot;0&quot;,&quot;copyright&quot;:&quot;&quot;,&quot;focal_length&quot;:&quot;0&quot;,&quot;iso&quot;:&quot;0&quot;,&quot;shutter_speed&quot;:&quot;0&quot;,&quot;title&quot;:&quot;&quot;,&quot;orientation&quot;:&quot;0&quot;}\" data-image-title=\"800px-Apostolic_Prefecture_of_Baku\" data-image-description=\"\" data-image-caption=\"\" data-medium-file=\"https:\/\/www.catholic.az\/az\/wp-content\/uploads\/2021\/08\/800px-Apostolic_Prefecture_of_Baku-224x300.jpg\" data-large-file=\"https:\/\/www.catholic.az\/az\/wp-content\/uploads\/2021\/08\/800px-Apostolic_Prefecture_of_Baku-764x1024.jpg\" class=\"size-medium wp-image-2958 alignleft\" src=\"https:\/\/www.catholic.az\/az\/wp-content\/uploads\/2021\/08\/800px-Apostolic_Prefecture_of_Baku-224x300.jpg\" alt=\"\" width=\"224\" height=\"300\" srcset=\"https:\/\/www.catholic.az\/az\/wp-content\/uploads\/2021\/08\/800px-Apostolic_Prefecture_of_Baku-224x300.jpg 224w, https:\/\/www.catholic.az\/az\/wp-content\/uploads\/2021\/08\/800px-Apostolic_Prefecture_of_Baku-768x1029.jpg 768w, https:\/\/www.catholic.az\/az\/wp-content\/uploads\/2021\/08\/800px-Apostolic_Prefecture_of_Baku-764x1024.jpg 764w, https:\/\/www.catholic.az\/az\/wp-content\/uploads\/2021\/08\/800px-Apostolic_Prefecture_of_Baku.jpg 800w\" sizes=\"auto, (max-width: 224px) 100vw, 224px\" \/><\/a>AZ\u018fRBAYCANDA KATOL\u0130K K\u0130LS\u018fS\u0130N\u0130N APOSTOL PREFEKTURASININ \u0130DAR\u018fS\u0130 (KUR\u0130YA)<\/h5>\n<p>AZ1069 Az\u0259rbaycan, Bak\u0131 \u015f\u0259h\u0259ri, M\u0259mm\u0259d Araz k\u00fc\u00e7\u0259si, 69b\/1 (ke\u00e7mi\u015f Teymur \u018fliyev k\u00fc\u00e7\u0259si)<\/p>\n<p>Telefon: +994 12 562 22 55; +994 50 443 90 25<br \/>\nE-mail: <a href=\"mailto:office@catholic.az\">office@catholic.az<\/a>; <a href=\"mailto:priest@catholic.az\">priest@catholic.az<\/a><\/p>\n<p><strong>M\u018fTBUAT X\u0130DM\u018fT\u0130 :<\/strong> catholicazinfo@gmail.com \/ +99451 302 34 51<\/p>\n<h5><strong>M\u00fcq\u0259dd\u0259s M\u0259ry\u0259m kils\u0259si (X\u0259tai<\/strong>)<\/h5>\n<p>AZ1025, Az\u0259rbaycan, Bak\u0131 \u015f\u0259h\u0259ri, \u0130zz\u0259t Orucova k\u00fc\u00e7\u0259si<br \/>\ntel (az,ru,en) +994-51-701-9691 (Radoslav qarda\u015f)<br \/>\nE-mail (RU): <span data-darkreader-inline-color=\"\"><a href=\"mailto:prixod@catholic.az\">prixod@catholic.az<\/a><\/span><br \/>\n(EN): <a href=\"mailto:parish@catholic.az\">parish@catholic.az<\/a>, <a href=\"mailto:mary@catholic.az\">mary@catholic.az<\/a><br \/>\n(AZ): <a href=\"mailto:info@catholic.az\">info@catholic.az<\/a><\/p>\n<p><a href=\"http:\/\/maps.google.com\/maps?t=h&amp;hl=sk&amp;ie=UTF8&amp;ll=40.37982,49.876894&amp;spn=0.003498,0.004823&amp;z=18&amp;vpsrc=6&amp;source=embed\"><img loading=\"lazy\" decoding=\"async\" class=\"alignnone size-full wp-image-896\" title=\"kontakt-xetai\" src=\"http:\/\/baku.saleziani.sk\/en\/wp-content\/uploads\/2011\/09\/kontakt-xetai.jpg\" alt=\"\" width=\"400\" height=\"300\" \/><\/a><\/p>\n<h5>Mqd. II \u0130oann Pavel ibad\u0259tgah\u0131 (G\u0259nclik)<\/h5>\n<p>AZ1069 Az\u0259rbaycan, Bak\u0131 \u015f\u0259h\u0259ri, M\u0259mm\u0259d Araz k\u00fc\u00e7\u0259si, 69b\/1 (ke\u00e7mi\u015f Teymur \u018fliyev k\u00fc\u00e7\u0259si)<\/p>\n<p>Telefon: +994 12 562 22 55, +994 50 443 90 25<\/p>\n<p>Sual-cavab \u00fc\u00e7\u00fcn \u0259laq\u0259 n\u00f6mr\u0259si (az\u0259rbaycan dilind\u0259) +994 51 831 83 98<br \/>\nEmail: <a href=\"mailto:priest@catholic.az\">priest@catholic.az<\/a><\/p>\n<p style=\"box-sizing: inherit; margin: 0px0px1.5em; padding: 0px; color: #383838; font-family: Lato; font-size: 15px; font-style: normal; font-variant-ligatures: normal; font-variant-caps: normal; font-weight: 400; letter-spacing: normal; orphans: 2text-indent:0px; text-transform: none; white-space: normal; widows: 2; word-spacing: 0px; -webkit-text-stroke-width: 0px; background-color: #ffffff; text-decoration-thickness: initial; text-decoration-style: initial; text-decoration-color: initial; text-align: left;\"><a style=\"box-sizing: inherit; background-color: transparent; color: #c94913; text-decoration: underline; transition: all 0.2s ease-in-out 0s; cursor: pointer;\" href=\"http:\/\/maps.google.com\/maps?t=h&amp;hl=sk&amp;ie=UTF8&amp;ll=40.407753,49.846781&amp;spn=0.001748,0.001709&amp;z=19&amp;vpsrc=0&amp;source=embed\">Googleearth: 40\u00b024\u201927.73\u2033S, 49\u00b050\u201948.32\u2033V<\/a><\/p>\n<p style=\"box-sizing: inherit; margin: 0px0px1.5em; padding: 0px; color: #383838; font-family: Lato; font-size: 15px; font-style: normal; font-variant-ligatures: normal; font-variant-caps: normal; font-weight: 400; letter-spacing: normal; orphans: 2text-indent:0px; text-transform: none; white-space: normal; widows: 2; word-spacing: 0px; -webkit-text-stroke-width: 0px; background-color: #ffffff; text-decoration-thickness: initial; text-decoration-style: initial; text-decoration-color: initial; text-align: left;\"><span style=\"box-sizing: inherit; color: #339966;\" data-darkreader-inline-color=\"\"><a style=\"box-sizing: inherit; background-color: transparent; color: #339966; text-decoration: underline; transition: all 0.2s ease-in-out 0s;\" title=\"GOMAP.AZ\" href=\"http:\/\/www.gomap.az\/info\/bwp_map\/hpages\/index_az.htm?l=mct&amp;pt=800&amp;sa=%0D&amp;slctpos=5548863,4925317&amp;llz=49.8443,40.4059,17\" data-darkreader-inline-color=\"\"><strong style=\"box-sizing: inherit; font-weight: bold;\">(GOMAP.AZ)<\/strong><\/a><\/span><\/p>\n<p><a style=\"box-sizing: inherit; background-color: transparent; color: #1e74a9; text-decoration: underline; transition: all 0.2s ease-in-out 0s;\" href=\"http:\/\/maps.google.com\/maps?t=h&amp;hl=sk&amp;ie=UTF8&amp;ll=40.407753,49.846781&amp;spn=0.001748,0.001709&amp;z=19&amp;vpsrc=0&amp;source=embed\"><img loading=\"lazy\" decoding=\"async\" class=\"alignnone size-full wp-image-895\" style=\"box-sizing: inherit; border-style: none; vertical-align: middle; margin-bottom: 20px; max-width: 100%; width: auto; height: auto;\" title=\"kontakt-genclik\" src=\"http:\/\/baku.saleziani.sk\/en\/wp-content\/uploads\/2011\/09\/kontakt-genclik.jpg\" alt=\"\" width=\"400\" height=\"300\" \/><\/a><\/p>\n<p>(Metro: G\u0259nclik)<\/p>\n<h5>Tereza Ana M\u0259rh\u0259m\u0259t Bac\u0131lar\u0131<\/h5>\n<p><a href=\"https:\/\/www.google.com\/maps\/place\/40%C2%B021%2724.7%22N+49%C2%B057%2718.0%22E\/@40.356859,49.955,825m\/data=!3m2!1e3!4b1!4m2!3m1!1s0x0:0x0\">Googleearth (Missionaries of Charity \/ Sisters of Mother Theresa): 40\u00b021&#8217;24.7&#8243;N 49\u00b057&#8217;18.0&#8243;E<\/a> <span style=\"color: #339966;\" data-darkreader-inline-color=\"\"><strong><a style=\"color: #339966;\" title=\"GOMAP.AZ\" href=\"http:\/\/www.gomap.az\/info\/bwp_map\/hpages\/index_az.htm?l=mct&amp;pt=800&amp;sa=%0D&amp;slctpos=5560966,4918026&amp;llz=49.9540,40.3572,18\" data-darkreader-inline-color=\"\">(GOMAP.AZ)<\/a><\/strong><\/span><\/p>\n<p>(avtobus: 2,175 (Z\u0131\u011f \u015fossesi, Socar yanacaqdoldurma m\u0259nt\u0259q\u0259sinin yan\u0131nda)<\/p>\n","protected":false},"excerpt":{"rendered":"<p>AZ\u018fRBAYCANDA KATOL\u0130K K\u0130LS\u018fS\u0130N\u0130N APOSTOL PREFEKTURASININ \u0130DAR\u018fS\u0130 (KUR\u0130YA) AZ1069 Az\u0259rbaycan, Bak\u0131 \u015f\u0259h\u0259ri, M\u0259mm\u0259d Araz k\u00fc\u00e7\u0259si, 69b\/1 (ke\u00e7mi\u015f Teymur \u018fliyev k\u00fc\u00e7\u0259si) Telefon: +994 12 562 22 55; +994 50 443 90 25 [&hellip;]<\/p>\n","protected":false},"author":1,"featured_media":0,"parent":0,"menu_order":0,"comment_status":"closed","ping_status":"open","template":"","meta":{"jetpack_post_was_ever_published":false,"footnotes":""},"class_list":["post-878","page","type-page","status-publish","hentry"],"jetpack_sharing_enabled":true,"jetpack_shortlink":"https:\/\/wp.me\/P2X63J-ea","_links":{"self":[{"href":"https:\/\/www.catholic.az\/az\/wp-json\/wp\/v2\/pages\/878","targetHints":{"allow":["GET"]}}],"collection":[{"href":"https:\/\/www.catholic.az\/az\/wp-json\/wp\/v2\/pages"}],"about":[{"href":"https:\/\/www.catholic.az\/az\/wp-json\/wp\/v2\/types\/page"}],"author":[{"embeddable":true,"href":"https:\/\/www.catholic.az\/az\/wp-json\/wp\/v2\/users\/1"}],"replies":[{"embeddable":true,"href":"https:\/\/www.catholic.az\/az\/wp-json\/wp\/v2\/comments?post=878"}],"version-history":[{"count":24,"href":"https:\/\/www.catholic.az\/az\/wp-json\/wp\/v2\/pages\/878\/revisions"}],"predecessor-version":[{"id":4542,"href":"https:\/\/www.catholic.az\/az\/wp-json\/wp\/v2\/pages\/878\/revisions\/4542"}],"wp:attachment":[{"href":"https:\/\/www.catholic.az\/az\/wp-json\/wp\/v2\/media?parent=878"}],"curies":[{"name":"wp","href":"https:\/\/api.w.org\/{rel}","templated":true}]}}