{"id":15,"date":"2011-09-20T13:08:34","date_gmt":"2011-09-20T13:08:34","guid":{"rendered":"http:\/\/127.0.0.1:8080\/wordpress\/?page_id=15"},"modified":"2024-07-03T21:28:52","modified_gmt":"2024-07-03T17:28:52","slug":"contact","status":"publish","type":"page","link":"https:\/\/www.catholic.az\/en\/contact","title":{"rendered":"Contact"},"content":{"rendered":"<p style=\"padding-left: 30px;\">Roman Catholic Church &#8211; Immaculate Conception<br \/>\nXatai, Izzet Orucova 6, AZ1025 Baku, Azerbaijan<br \/>\n(near AMAY,MEGAFUN,ASAN XIDMET,YENI HAYAT)<br \/>\nTel (Azeri, English, Russian): +994-51-701-9691<\/p>\n<p>Email (English): <a href=\"mailto:parish@catholic.az\">parish@catholic.az<\/a>, <a href=\"mailto:mary@catholic.az\">mary@catholic.az<\/a><br \/>\nEmail (Russian): <a href=\"mailto:prixod@catholic.az\">prixod@catholic.az<\/a><br \/>\nEmail (Azeri): <a href=\"mailto:info@catholic.az\">info@catholic.az<\/a><\/p>\n<p>&nbsp;<\/p>\n<p style=\"padding-left: 30px;\">Roman Catholic Parish &#8211; John Paul II Chapel<br \/>\nGanjlik, Mammad Araz street 69\/b\/1<span style=\"color: #999999;\"> (old name: Teimur Aliev street)<\/span><br \/>\n<span style=\"color: #000000;\"> AZ1069 Baku<\/span>, Azerbaijan<br \/>\nTel:&nbsp; +994 12 562 22 55, Fax: +994 12 436 09 43<br \/>\nEmail: <a href=\"mailto:priest@catholic.az\">priest@catholic.az<\/a><\/p>\n<p><a href=\"http:\/\/maps.google.com\/maps?t=h&amp;hl=sk&amp;ie=UTF8&amp;ll=40.37982,49.876894&amp;spn=0.003498,0.004823&amp;z=18&amp;vpsrc=6&amp;source=embed\">&nbsp; Googleearth (Church in X\u0259tai): 40\u00b022&#8217;47.33&#8243;S, 49\u00b052&#8217;37.03&#8243;V<\/a><a title=\"GOMAP.AZ\" href=\"http:\/\/www.gomap.az\/info\/bwp_map\/hpages\/index_az.htm?l=mct&amp;pt=800&amp;sa=%0D&amp;slctpos=5552255,4921314&amp;llz=49.8759,40.3795,18\"><span style=\"color: #339966;\"><strong> (GOMAP.AZ)<\/strong><\/span><\/a><a href=\"http:\/\/maps.google.com\/maps?t=h&amp;hl=sk&amp;ie=UTF8&amp;ll=40.37982,49.876894&amp;spn=0.003498,0.004823&amp;z=18&amp;vpsrc=6&amp;source=embed\"><img loading=\"lazy\" decoding=\"async\" class=\"alignnone size-full wp-image-896\" title=\"kontakt-xetai\" src=\"http:\/\/baku.saleziani.sk\/en\/wp-content\/uploads\/2011\/09\/kontakt-xetai.jpg\" alt=\"\" width=\"400\" height=\"300\" srcset=\"https:\/\/www.catholic.az\/en\/wp-content\/uploads\/2011\/09\/kontakt-xetai.jpg 400w, https:\/\/www.catholic.az\/en\/wp-content\/uploads\/2011\/09\/kontakt-xetai-300x225.jpg 300w\" sizes=\"auto, (max-width: 400px) 100vw, 400px\" \/><\/a><br \/>\n(metro: X\u0259tai, bus: <i>Amay\/2,32,46,95,175; Megafunbus)<\/i><\/p>\n<p><a href=\"http:\/\/maps.google.com\/maps?t=h&amp;hl=sk&amp;ie=UTF8&amp;ll=40.407753,49.846781&amp;spn=0.001748,0.001709&amp;z=19&amp;vpsrc=0&amp;source=embed\">Googleearth (Chapel in Genclik): &nbsp;40\u00b024&#8217;27.73&#8243;S, &nbsp;49\u00b050&#8217;48.32&#8243;V <\/a><a title=\"GOMAP.AZ\" href=\"http:\/\/www.gomap.az\/info\/bwp_map\/hpages\/index_az.htm?l=mct&amp;pt=800&amp;sa=%0D&amp;slctpos=5548863,4925317&amp;llz=49.8443,40.4059,17\"><span style=\"color: #339966;\"><strong>(GOMAP.AZ)<\/strong><\/span><\/a><a href=\"http:\/\/maps.google.com\/maps?t=h&amp;hl=sk&amp;ie=UTF8&amp;ll=40.407753,49.846781&amp;spn=0.001748,0.001709&amp;z=19&amp;vpsrc=0&amp;source=embed\"><img loading=\"lazy\" decoding=\"async\" class=\"alignnone size-full wp-image-895\" title=\"kontakt-genclik\" src=\"http:\/\/baku.saleziani.sk\/en\/wp-content\/uploads\/2011\/09\/kontakt-genclik.jpg\" alt=\"\" width=\"400\" height=\"300\" srcset=\"https:\/\/www.catholic.az\/en\/wp-content\/uploads\/2011\/09\/kontakt-genclik.jpg 400w, https:\/\/www.catholic.az\/en\/wp-content\/uploads\/2011\/09\/kontakt-genclik-300x225.jpg 300w\" sizes=\"auto, (max-width: 400px) 100vw, 400px\" \/><\/a><br \/>\n(metro: G\u0259nclik)<\/p>\n<p><a href=\"https:\/\/www.google.com\/maps\/place\/40%C2%B021%2724.7%22N+49%C2%B057%2718.0%22E\/@40.356859,49.955,825m\/data=!3m2!1e3!4b1!4m2!3m1!1s0x0:0x0\">Googleearth (Missionaries of Charity \/ Sisters of Mother Theresa)<\/a><a href=\"https:\/\/www.google.com\/maps\/place\/40%C2%B021%2724.7%22N+49%C2%B057%2718.0%22E\/@40.356859,49.955,825m\/data=!3m2!1e3!4b1!4m2!3m1!1s0x0:0x0\">&#8211; Chapel<\/a><a href=\"https:\/\/www.google.com\/maps\/place\/40%C2%B021%2724.7%22N+49%C2%B057%2718.0%22E\/@40.356859,49.955,825m\/data=!3m2!1e3!4b1!4m2!3m1!1s0x0:0x0\">: 40\u00b021&#8217;24.7&#8243;N 49\u00b057&#8217;18.0&#8243;E<\/a> <a title=\"GOMAP.AZ\" href=\"http:\/\/www.gomap.az\/info\/bwp_map\/hpages\/index_az.htm?l=mct&amp;pt=800&amp;sa=%0D&amp;slctpos=5560966,4918026&amp;llz=49.9540,40.3572,18\"><span style=\"color: #339966;\"><strong>(GOMAP.AZ)<\/strong><\/span><\/a><br \/>\n<a href=\"https:\/\/www.google.com\/maps\/place\/40%C2%B021%2724.7%22N+49%C2%B057%2718.0%22E\/@40.356859,49.955,825m\/data=!3m2!1e3!4b1!4m2!3m1!1s0x0:0x0\"><img loading=\"lazy\" decoding=\"async\" class=\"alignnone wp-image-1563\" src=\"http:\/\/www.catholic.az\/en\/wp-content\/uploads\/2011\/09\/mapa-sestry2.png\" alt=\"mapa-sestry2\" width=\"400\" height=\"300\" srcset=\"https:\/\/www.catholic.az\/en\/wp-content\/uploads\/2011\/09\/mapa-sestry2.png 430w, https:\/\/www.catholic.az\/en\/wp-content\/uploads\/2011\/09\/mapa-sestry2-399x300.png 399w\" sizes=\"auto, (max-width: 400px) 100vw, 400px\" \/><\/a><br \/>\n(bus: 2,175 (Z\u0131\u011f \u015fossesi, near Socar petrol station))<\/p>\n","protected":false},"excerpt":{"rendered":"<p>Roman Catholic Church &#8211; Immaculate Conception Xatai, Izzet Orucova 6, AZ1025 Baku, Azerbaijan (near AMAY,MEGAFUN,ASAN XIDMET,YENI HAYAT) Tel (Azeri, English, Russian): +994-51-701-9691 Email (English): parish@catholic.az, mary@catholic.az Email (Russian): prixod@catholic.az Email [&hellip;]<\/p>\n","protected":false},"author":1,"featured_media":0,"parent":0,"menu_order":0,"comment_status":"closed","ping_status":"closed","template":"","meta":{"footnotes":""},"class_list":["post-15","page","type-page","status-publish","hentry"],"jetpack_sharing_enabled":true,"_links":{"self":[{"href":"https:\/\/www.catholic.az\/en\/wp-json\/wp\/v2\/pages\/15","targetHints":{"allow":["GET"]}}],"collection":[{"href":"https:\/\/www.catholic.az\/en\/wp-json\/wp\/v2\/pages"}],"about":[{"href":"https:\/\/www.catholic.az\/en\/wp-json\/wp\/v2\/types\/page"}],"author":[{"embeddable":true,"href":"https:\/\/www.catholic.az\/en\/wp-json\/wp\/v2\/users\/1"}],"replies":[{"embeddable":true,"href":"https:\/\/www.catholic.az\/en\/wp-json\/wp\/v2\/comments?post=15"}],"version-history":[{"count":19,"href":"https:\/\/www.catholic.az\/en\/wp-json\/wp\/v2\/pages\/15\/revisions"}],"predecessor-version":[{"id":3127,"href":"https:\/\/www.catholic.az\/en\/wp-json\/wp\/v2\/pages\/15\/revisions\/3127"}],"wp:attachment":[{"href":"https:\/\/www.catholic.az\/en\/wp-json\/wp\/v2\/media?parent=15"}],"curies":[{"name":"wp","href":"https:\/\/api.w.org\/{rel}","templated":true}]}}